{"id":58267,"date":"2024-09-21T17:16:59","date_gmt":"2024-09-21T17:16:59","guid":{"rendered":"https:\/\/brandss.com.py\/index\/?post_type=product&#038;p=58267"},"modified":"2024-09-21T17:17:53","modified_gmt":"2024-09-21T17:17:53","slug":"bateria-externa-joyroom-jr-l016-de-10000-mah-con-tres-cables-usb-c-lightning-microusb","status":"publish","type":"product","link":"https:\/\/brandss.com.py\/index\/producto\/bateria-externa-joyroom-jr-l016-de-10000-mah-con-tres-cables-usb-c-lightning-microusb\/","title":{"rendered":"BATER\u00cdA EXTERNA JOYROOM JR-L016 DE 10000 mAh CON TRES CABLES USB-C + LIGHTNING + MICROUSB"},"content":{"rendered":"<p><img loading=\"lazy\" decoding=\"async\" class=\"\" src=\"https:\/\/apnabaazar.pk\/wp-content\/uploads\/2024\/01\/joyroom-brand-logo-apna-baazar.png\" alt=\"Joyroom Archives | Apna Baazar\" width=\"80\" height=\"80\" \/><\/p>\n<h1>JR-L016<\/h1>\n<p>El powerbank Joyroom con una capacidad de 10.000 mAh est\u00e1 dise\u00f1ado para proporcionar energ\u00eda en cualquier condici\u00f3n. Equipado con 3 cables, ser\u00e1 perfecto para cargar tel\u00e9fonos inteligentes y tabletas. Su ventaja adicional es la alarma SOS incorporada. Adem\u00e1s, el producto se distingue por su resistencia a las ca\u00eddas, al agua y al polvo, y el chip inteligente garantiza la protecci\u00f3n total del equipo durante la carga. El dispositivo tambi\u00e9n resultar\u00e1 \u00fatil como linterna y ofrece 2 modos de luz. Adem\u00e1s, cumple con los est\u00e1ndares internacionales de las aerol\u00edneas, y el mosquet\u00f3n lo hace f\u00e1cil de transportar.<\/p>\n<p><strong>Fuente de energ\u00eda confiable<\/strong><\/p>\n<p><span>El powerbank ofrece una capacidad de hasta 10.000 mAh y viene con 3 cables integrados: Micro USB, Lightning y USB-C, lo que lo hace ampliamente compatible. Como resultado, puedes renovar libremente la energ\u00eda de una variedad de dispositivos, sabiendo que el JR-L016 no te decepcionar\u00e1.<\/span><\/p>\n<p><strong>Seguridad garantizada<\/strong><\/p>\n<p><span>Gracias al chip inteligente, tu equipo estar\u00e1 protegido en cada paso del camino. Una variedad de protecciones, como protecci\u00f3n contra sobrecarga, voltaje excesivo, sobrecorrientes, cortocircuito, sobredescarga o temperaturas extremas, garantizan la seguridad de tus dispositivos. El powerbank fue creado para acompa\u00f1arte en cada aventura, por lo que no solo es duradero, sino tambi\u00e9n resistente al polvo, golpes y humedad.<\/span><\/p>\n<p><strong>Caracter\u00edsticas adicionales<\/strong><\/p>\n<p><span>En situaciones de emergencia, puedes confiar en la baliza SOS integrada, que pide ayuda con un sonido de alarma si es necesario. Esta es una caracter\u00edstica de seguridad \u00fanica que puede resultar crucial en momentos cr\u00edticos. El banco de energ\u00eda Joyroom tambi\u00e9n proporciona una fuente de luz confiable y admite 2 modos de luz: luz fuerte y luz baja.<\/span><\/p>\n<p><strong>Caracter\u00edsticas:<\/strong><\/p>\n<p><span>1. Zumbador incorporado, con alarma SOS de emergencia<\/span><br \/>\n<span>2. Soporta agua \/ polvo \/ a prueba de ca\u00eddas, funciona normalmente en entornos extremos<\/span><br \/>\n<span>3. 3 cables de carga incorporados, compatibles con m\u00faltiples dispositivos<\/span><br \/>\n<span>4. 3 modos de iluminaci\u00f3n, presione y mantenga presionado durante 5 segundos para encender la linterna, con opciones de iluminaci\u00f3n fuerte \/ suave \/ SOS 3<\/span><br \/>\n<span>5. 4 puertos de salida, cargue 4 dispositivos simult\u00e1neamente<\/span><br \/>\n<span>6. 10000 mAh de gran capacidad, ligero y peque\u00f1o, f\u00e1cil de llevar (Linterna y zumbador: Primero, presione y mantenga presionado el bot\u00f3n durante 3-5 segundos para encender la linterna e ingresar al modo de luz fuerte. Segundo, presione brevemente el bot\u00f3n para ingresar al modo de luz d\u00e9bil. Tercero, presi\u00f3nelo brevemente nuevamente para ingresar al modo de flash r\u00e1pido SOS y el zumbador activa el aviso de sonido de alarma de emergencia. Cuarto, presione brevemente el bot\u00f3n una vez m\u00e1s para apagar la linterna. O presione y mantenga presionado el bot\u00f3n durante 3-5 segundos en cualquier modo para apagar la linterna).<\/span><\/p>\n<p><strong>Detalles:<\/strong><\/p>\n<p><span><strong>Modelo:<\/strong> JR-L016<\/span><br \/>\n<span><strong>Bater\u00eda:<\/strong> Bater\u00eda de pol\u00edmero de litio<\/span><br \/>\n<span><strong>Capacidad:<\/strong> 10000 mAh 3,7 V (37 Wh)<\/span><br \/>\n<span><strong>Capacidad nominal:<\/strong> 6000 mAh (5 V = 2,4 A)<\/span><br \/>\n<span><strong>Entrada tipo C:<\/strong> 5 V = 2,1<\/span><br \/>\n<strong>A Salida USB-A<\/strong><span><strong>:<\/strong> 5 V = 2,4 A Salida de cable tipo C: 5 V = 2,4 A<\/span><br \/>\n<span><strong>Salida de cable Lightning:<\/strong> 5 V = 2,4 A<\/span><br \/>\n<span><strong>Salida de cable micro:<\/strong> 5 V = 2,4 A<\/span><br \/>\n<span><strong>Salida multipuerto:<\/strong> 5 V = 2,4 A (m\u00e1ximo)<\/span><br \/>\n<span><strong>Tama\u00f1o:<\/strong> 150 x 72 x 21 mm<\/span><br \/>\n<span><strong>Material:<\/strong> PC + ABS material ign\u00edfugo<\/span><br \/>\n<span><strong>Peso neto:<\/strong> 269 g<\/span><\/p>\n","protected":false},"excerpt":{"rendered":"<p>JR-L016 El powerbank Joyroom con una capacidad de 10.000 mAh est\u00e1 dise\u00f1ado para proporcionar energ\u00eda en cualquier condici\u00f3n. Equipado con<\/p>\n","protected":false},"featured_media":58268,"comment_status":"open","ping_status":"closed","template":"","meta":{"nf_dc_page":""},"product_brand":[],"product_cat":[89],"product_tag":[],"class_list":{"0":"post-58267","1":"product","2":"type-product","3":"status-publish","4":"has-post-thumbnail","6":"product_cat-electronicos","8":"first","9":"instock","10":"shipping-taxable","11":"purchasable","12":"product-type-simple"},"_links":{"self":[{"href":"https:\/\/brandss.com.py\/index\/wp-json\/wp\/v2\/product\/58267","targetHints":{"allow":["GET"]}}],"collection":[{"href":"https:\/\/brandss.com.py\/index\/wp-json\/wp\/v2\/product"}],"about":[{"href":"https:\/\/brandss.com.py\/index\/wp-json\/wp\/v2\/types\/product"}],"replies":[{"embeddable":true,"href":"https:\/\/brandss.com.py\/index\/wp-json\/wp\/v2\/comments?post=58267"}],"version-history":[{"count":1,"href":"https:\/\/brandss.com.py\/index\/wp-json\/wp\/v2\/product\/58267\/revisions"}],"predecessor-version":[{"id":58282,"href":"https:\/\/brandss.com.py\/index\/wp-json\/wp\/v2\/product\/58267\/revisions\/58282"}],"wp:featuredmedia":[{"embeddable":true,"href":"https:\/\/brandss.com.py\/index\/wp-json\/wp\/v2\/media\/58268"}],"wp:attachment":[{"href":"https:\/\/brandss.com.py\/index\/wp-json\/wp\/v2\/media?parent=58267"}],"wp:term":[{"taxonomy":"product_brand","embeddable":true,"href":"https:\/\/brandss.com.py\/index\/wp-json\/wp\/v2\/product_brand?post=58267"},{"taxonomy":"product_cat","embeddable":true,"href":"https:\/\/brandss.com.py\/index\/wp-json\/wp\/v2\/product_cat?post=58267"},{"taxonomy":"product_tag","embeddable":true,"href":"https:\/\/brandss.com.py\/index\/wp-json\/wp\/v2\/product_tag?post=58267"}],"curies":[{"name":"wp","href":"https:\/\/api.w.org\/{rel}","templated":true}]}}