{"id":58377,"date":"2024-09-23T13:41:05","date_gmt":"2024-09-23T13:41:05","guid":{"rendered":"https:\/\/brandss.com.py\/index\/?post_type=product&#038;p=58377"},"modified":"2026-03-06T13:04:32","modified_gmt":"2026-03-06T13:04:32","slug":"bateria-externa-joyroom-jr-pbf12-con-pantalla-led-de-24-a-de-225w-de-10000-mah","status":"publish","type":"product","link":"https:\/\/brandss.com.py\/index\/producto\/bateria-externa-joyroom-jr-pbf12-con-pantalla-led-de-24-a-de-225w-de-10000-mah\/","title":{"rendered":"BATER\u00cdA EXTERNA JOYROOM JR-PBF12 CON PANTALLA LED DE 2,4 A DE 22,5W DE 10000 mAh"},"content":{"rendered":"<p><img loading=\"lazy\" decoding=\"async\" class=\"\" src=\"https:\/\/apnabaazar.pk\/wp-content\/uploads\/2024\/01\/joyroom-brand-logo-apna-baazar.png\" alt=\"Joyroom Archives | Apna Baazar\" width=\"74\" height=\"74\" \/><\/p>\n<h1>JR-PBF12<\/h1>\n<p>Con el power bank Joyroom JR-PBF12 nunca te quedar\u00e1s sin energ\u00eda, est\u00e9s donde est\u00e9s. Este power bank compacto y eficiente con una capacidad de 10.000 mAh puede cargar el iPhone 15 Pro, el Samsung Galaxy S23 Ultra, el iPad mini o los auriculares AirPods Pro. Sus tres puertos te permiten cargar tres dispositivos al mismo tiempo, lo que supone una ventaja inestimable cuando viajas o tienes una intensa jornada de trabajo. \u00a1Fiabilidad y comodidad en uno, perfecto para cualquier ocasi\u00f3n!<\/p>\n<p><strong><span>Reduce el tiempo de carga hasta la mitad<\/span><\/strong><\/p>\n<p><span>Gracias a la tecnolog\u00eda que permite cargar dispositivos el doble de r\u00e1pido, no tendr\u00e1s que preocuparte por las largas esperas. \u00a1Imagina que solo se necesitan 45 minutos para cargar el 50 % de la bater\u00eda del iPhone 15 Pro! El powerbank Joyroom JR-PBF12 es la soluci\u00f3n perfecta para las personas que siempre est\u00e1n en movimiento y necesitan acceder r\u00e1pidamente a toda la potencia de sus dispositivos.<\/span><\/p>\n<p><strong><span>Cargar tres dispositivos simult\u00e1neamente<\/span><\/strong><\/p>\n<p><span>\u00bfAlguna vez se te ha descargado m\u00e1s de un dispositivo a la vez? Gracias al power bank Joyroom JR-PBF12, puedes cargar hasta tres dispositivos al mismo tiempo: tiene tres puertos de carga, incluido el USB-C universal. Ya sea un smartphone, una tableta o unos auriculares, todos pueden cargarse al mismo tiempo.<\/span><\/p>\n<p><strong><span>Protecci\u00f3n integral para sus dispositivos<\/span><\/strong><\/p>\n<p><span>El powerbank Joyroom JR-PBF12 est\u00e1 equipado con una serie de protecciones que lo protegen contra sobrecarga, descarga excesiva, sobretensi\u00f3n, sobrecalentamiento y cortocircuito. Puede estar tranquilo sabiendo que sus dispositivos est\u00e1n seguros mientras se cargan, independientemente de las condiciones.<\/span><\/p>\n<p><strong><span>El compa\u00f1ero de viaje perfecto<\/span><\/strong><\/p>\n<p><span>Viajar con el power bank Joyroom JR-PBF12 es un placer. Su tama\u00f1o compacto y su cumplimiento de las normas de aviaci\u00f3n lo convierten en el compa\u00f1ero perfecto para cualquier viaje. Ya sea que est\u00e9 en el aeropuerto, en un avi\u00f3n o en un viaje de negocios, siempre tendr\u00e1 acceso a una fuente de energ\u00eda confiable.<\/span><\/p>\n<p><strong><span>Largo tiempo de trabajo sin cargar<\/span><\/strong><\/p>\n<p><span>Con una capacidad de 10.000 mAh, el power bank Joyroom JR-PBF12 garantiza un tiempo de funcionamiento prolongado sin necesidad de cargarlo con frecuencia. Puedes cargar un iPhone 15 Pro dos veces, un Samsung Galaxy S23 Ultra casi dos veces, un iPad mini una vez y unos AirPods Pro 13 veces. Esta es una soluci\u00f3n perfecta para las personas que necesitan una fuente de energ\u00eda fiable durante mucho tiempo.<\/span><\/p>\n<p><strong><span>Las ventajas m\u00e1s importantes del power bank Joyroom JR-PBF12:<\/span><\/strong><\/p>\n<ul>\n<li>Reduce el tiempo de carga hasta a la mitad\u00a0. El power bank Joyroom JR-PBF12 carga dispositivos el doble de r\u00e1pido, permiti\u00e9ndote cargar el 50% de la bater\u00eda del iPhone 15 Pro en tan solo 45 minutos.<\/li>\n<li>Carga tres dispositivos simult\u00e1neamente\u00a0. Tiene tres puertos de carga, incluido USB-C, que act\u00faa como entrada y salida.<\/li>\n<li>Proporciona protecci\u00f3n integral\u00a0. Equipado con protecci\u00f3n contra sobrecarga, descarga excesiva, sobretensi\u00f3n, sobrecalentamiento y cortocircuito.<\/li>\n<li>Es perfecto para viajar\u00a0. Tiene dimensiones compactas y cumple con los est\u00e1ndares de aviaci\u00f3n.<\/li>\n<li>Proporciona un tiempo de funcionamiento prolongado sin necesidad de cargar<span>\u00a0. La capacidad de 10.000 mAh permite cargar varios dispositivos: tel\u00e9fonos inteligentes, tabletas y auriculares inal\u00e1mbricos.<\/span><\/li>\n<\/ul>\n<p><strong><span>Especificaci\u00f3n:<\/span><\/strong><\/p>\n<ul>\n<li><span><strong>Marca:<\/strong> Joyroom.<\/span><\/li>\n<li><span><strong>Modelo:<\/strong> JR-PBF12.<\/span><\/li>\n<li><span><strong>Tipo de bater\u00eda:<\/strong> pol\u00edmero de litio.<\/span><\/li>\n<li><span><strong>Capacidad nominal:<\/strong> 5800 mAh (5 V &#8211; 2,4 A).<\/span><\/li>\n<li><span><strong>Potencia:<\/strong> 12W.<\/span><\/li>\n<li><span><strong>Capacidad:<\/strong> 10000 mAh.<\/span><\/li>\n<li><strong>Corriente de entrada:<\/strong>\n<ul>\n<li><span>USB-C: 5 V &#8211; 2,4 A.<\/span><\/li>\n<\/ul>\n<\/li>\n<li><strong>Corriente de salida:<\/strong>\n<ul>\n<li><span>USB-C: 5 V &#8211; 2,4 A.<\/span><\/li>\n<li><span>USB-A1: 5 V &#8211; 2,4 A.<\/span><\/li>\n<li><span>USB-A2: 5 V &#8211; 2,4 A.<\/span><\/li>\n<li><span>Corriente m\u00e1xima para varios dispositivos conectados: 5 V &#8211; 2,4 A.<\/span><\/li>\n<\/ul>\n<\/li>\n<li><strong>Est\u00e1ndares de carga r\u00e1pida:<\/strong>\n<ul>\n<li><span>Carga r\u00e1pida.<\/span><\/li>\n<li><span>Entrega de potencia.<\/span><\/li>\n<li><span>AFC &#8211; Carga r\u00e1pida adaptativa de Samsung.<\/span><\/li>\n<\/ul>\n<\/li>\n<li><span><strong>Material:<\/strong> ABS, PC ign\u00edfugo.<\/span><\/li>\n<li><span><strong>Color:<\/strong> Negro.<\/span><\/li>\n<\/ul>\n","protected":false},"excerpt":{"rendered":"<p>JR-PBF12 Con el power bank Joyroom JR-PBF12 nunca te quedar\u00e1s sin energ\u00eda, est\u00e9s donde est\u00e9s. Este power bank compacto y<\/p>\n","protected":false},"featured_media":58378,"comment_status":"open","ping_status":"closed","template":"","meta":{"nf_dc_page":""},"product_brand":[],"product_cat":[89],"product_tag":[],"class_list":{"0":"post-58377","1":"product","2":"type-product","3":"status-publish","4":"has-post-thumbnail","6":"product_cat-electronicos","8":"first","9":"outofstock","10":"shipping-taxable","11":"purchasable","12":"product-type-simple"},"_links":{"self":[{"href":"https:\/\/brandss.com.py\/index\/wp-json\/wp\/v2\/product\/58377","targetHints":{"allow":["GET"]}}],"collection":[{"href":"https:\/\/brandss.com.py\/index\/wp-json\/wp\/v2\/product"}],"about":[{"href":"https:\/\/brandss.com.py\/index\/wp-json\/wp\/v2\/types\/product"}],"replies":[{"embeddable":true,"href":"https:\/\/brandss.com.py\/index\/wp-json\/wp\/v2\/comments?post=58377"}],"version-history":[{"count":1,"href":"https:\/\/brandss.com.py\/index\/wp-json\/wp\/v2\/product\/58377\/revisions"}],"predecessor-version":[{"id":58391,"href":"https:\/\/brandss.com.py\/index\/wp-json\/wp\/v2\/product\/58377\/revisions\/58391"}],"wp:featuredmedia":[{"embeddable":true,"href":"https:\/\/brandss.com.py\/index\/wp-json\/wp\/v2\/media\/58378"}],"wp:attachment":[{"href":"https:\/\/brandss.com.py\/index\/wp-json\/wp\/v2\/media?parent=58377"}],"wp:term":[{"taxonomy":"product_brand","embeddable":true,"href":"https:\/\/brandss.com.py\/index\/wp-json\/wp\/v2\/product_brand?post=58377"},{"taxonomy":"product_cat","embeddable":true,"href":"https:\/\/brandss.com.py\/index\/wp-json\/wp\/v2\/product_cat?post=58377"},{"taxonomy":"product_tag","embeddable":true,"href":"https:\/\/brandss.com.py\/index\/wp-json\/wp\/v2\/product_tag?post=58377"}],"curies":[{"name":"wp","href":"https:\/\/api.w.org\/{rel}","templated":true}]}}