{"id":58406,"date":"2024-09-23T15:03:46","date_gmt":"2024-09-23T15:03:46","guid":{"rendered":"https:\/\/brandss.com.py\/index\/?post_type=product&#038;p=58406"},"modified":"2024-09-23T15:05:02","modified_gmt":"2024-09-23T15:05:02","slug":"bateria-externa-joyroom-jr-pbf15-de-10000mah-de-225w-usb-c-usb-a","status":"publish","type":"product","link":"https:\/\/brandss.com.py\/index\/producto\/bateria-externa-joyroom-jr-pbf15-de-10000mah-de-225w-usb-c-usb-a\/","title":{"rendered":"BATER\u00cdA EXTERNA JOYROOM JR-PBF15 DE 10000mAh DE 22,5W USB-C USB-A"},"content":{"rendered":"<p><img loading=\"lazy\" decoding=\"async\" class=\"\" src=\"https:\/\/apnabaazar.pk\/wp-content\/uploads\/2024\/01\/joyroom-brand-logo-apna-baazar.png\" alt=\"Joyroom Archives | Apna Baazar\" width=\"87\" height=\"87\" \/><\/p>\n<h1>JR-PBF15<\/h1>\n<p>Olv\u00eddate del estr\u00e9s de quedarte sin bater\u00eda. El power bank Joyroom JR-PBF15 ofrece una capacidad de 10.000 mAh, lo que proporciona energ\u00eda duradera a tus dispositivos. Con tres puertos de salida USB-A y USB-C, puedes cargar varios dispositivos a la vez, lo que es ideal para viajar o durante una intensa jornada de trabajo. La carga r\u00e1pida te permite cargar smartphones y otros dispositivos a la velocidad del rayo. La compatibilidad con una amplia gama de protocolos de carga significa que funciona con muchos dispositivos populares. El elegante dise\u00f1o negro y la construcci\u00f3n delgada lo hacen no solo funcional sino tambi\u00e9n elegante.<\/p>\n<p><strong><span>Cargue varios dispositivos a la vez con el banco de energ\u00eda Joyroom JR-PBF15<\/span><\/strong><\/p>\n<p><span>El power bank Joyroom JR-PBF15 te permite cargar tres dispositivos a la vez. Con los puertos USB-A y USB-C, puedes cargar tus smartphones, tablets y auriculares simult\u00e1neamente, sin tener que elegir qu\u00e9 dispositivo tiene prioridad. El puerto USB-A 2 con una potencia de hasta 22,5 W, el USB-C con una potencia de hasta 18 W y el USB-A 1 con una potencia de hasta 22,5 W garantizan una carga r\u00e1pida y eficiente, independientemente del dispositivo.<\/span><\/p>\n<p><strong>Compatibilidad universal para m\u00e1xima comodidad.<\/strong><\/p>\n<p><span>No tienes que preocuparte por si tu equipo funcionar\u00e1 con el power bank Joyroom JR-PBF15. El dispositivo es compatible con una amplia gama de dispositivos: desde smartphones Huawei, Samsung, Xiaomi, LG, pasando por iPhones y iPads, hasta auriculares, smartwatches y AirPods. Esto significa que un solo dispositivo alimentar\u00e1 f\u00e1cilmente todos tus dispositivos, independientemente de su marca o modelo.<\/span><\/p>\n<p><strong>Carga ultrarr\u00e1pida para personas ocupadas<\/strong><\/p>\n<p><span>\u00bfEl tiempo es esencial? El banco de energ\u00eda Joyroom JR-PBF15 llega al rescate, ofreciendo soporte para los protocolos SCP, QC y PD. Solo se necesitan 30 minutos para cargar un iPhone 15 Pro al 60%. Es una soluci\u00f3n ideal para aquellos que no pueden permitirse descansos prolongados para cargar sus dispositivos.<\/span><\/p>\n<p><strong>Portabilidad y comodidad en uno<\/strong><\/p>\n<p><span>A pesar de su gran capacidad, el power bank Joyroom JR-PBF15 mantiene unas dimensiones compactas, lo que lo convierte en un compa\u00f1ero de viaje ideal. Su dise\u00f1o delgado y de bolsillo hace que sea f\u00e1cil de llevar en un bolso o mochila. Adem\u00e1s, cinco indicadores LED permiten controlar constantemente el nivel de carga y el estado de carga r\u00e1pida, lo que aumenta la comodidad de uso.<\/span><\/p>\n<p><strong>Capacidad \u00f3ptima para cada d\u00eda<\/strong><\/p>\n<p><span>La capacidad de 10.000 mAh te permite cargar tus dispositivos varias veces, eliminando la necesidad de enchufarlos con frecuencia. Seg\u00fan el fabricante, puedes cargar un iPhone 15 Pro dos veces, un Samsung Galaxy S24 Ultra casi dos veces y un iPad mini una vez. Puedes cargar los auriculares AirPods Pro hasta 13 veces, lo que significa que nunca te quedar\u00e1s con dispositivos descargados.<\/span><\/p>\n<p><strong><span>Las ventajas m\u00e1s importantes del power bank Joyroom JR-PBF15:<\/span><\/strong><\/p>\n<ul>\n<li>Carga tres dispositivos simult\u00e1neamente. El banco de energ\u00eda est\u00e1 equipado con tres puertos de salida: 2x USB-A y 1x USB-C.<\/li>\n<li>Es compatible con muchos dispositivos, incluidos tel\u00e9fonos inteligentes Huawei, Samsung, Xiaomi, LG, iPhone, as\u00ed como iPads, auriculares y relojes inteligentes.<\/li>\n<li>Acelera significativamente la carga, hasta tres veces. Admite protocolos SCP, QC, PD, en media hora cargar\u00e1, entre otros, el iPhone 15 Pro hasta el 60%.<\/li>\n<li>Muestra el estado de carga y carga r\u00e1pida.\u00a0Tiene un dise\u00f1o delgado con cinco indicadores LED.<\/li>\n<li>Permite cargar dispositivos m\u00f3viles varias veces<span>. Tiene una capacidad \u00f3ptima de 10.000 mAh.<\/span><\/li>\n<\/ul>\n<p><strong><span>Especificaci\u00f3n:<\/span><\/strong><\/p>\n<ul>\n<li><span><strong>Marca:<\/strong> Joyroom<\/span><\/li>\n<li><span><strong>Modelo:<\/strong> JR-PBF15<\/span><\/li>\n<li><span><strong>Bater\u00eda:<\/strong> pol\u00edmero de litio<\/span><\/li>\n<li><span><strong>Capacidad:<\/strong> 10000mAh<\/span><\/li>\n<li><span><strong>Capacidad nominal:<\/strong> 6000mAh<\/span><\/li>\n<li><strong>Entrada:<\/strong>\n<ul>\n<li><span>USB-C:\u00a0<\/span><span>5 V &#8211; 3 A, 9 V &#8211; 2 A, 12 V &#8211; 1,5 A<\/span><span>\u00a0(18 W m\u00e1x.)<\/span><\/li>\n<\/ul>\n<\/li>\n<li><strong>Salida:<\/strong>\n<ul>\n<li><span>USB-C: 5 V &#8211; 3 A, 9 V &#8211; 2,22 A, 12 V &#8211; 1,67 A (20 W m\u00e1x.)<\/span><\/li>\n<li><span>USB-A1\/A2: 4,5 V &#8211; 5 A, 5 V &#8211; 4,5 A, 9 V &#8211; 2 A, 12 V &#8211; 1,5 A (22,5 W m\u00e1x.)<\/span><\/li>\n<\/ul>\n<\/li>\n<li><span><strong>Est\u00e1ndares de carga r\u00e1pida compatibles:<\/strong> Power Delivery, Quick Charge, SCP<\/span><\/li>\n<li><span><strong>Incluye:<\/strong> cable negro<\/span><\/li>\n<li><span><strong>Color:<\/strong> Negro<\/span><\/li>\n<\/ul>\n","protected":false},"excerpt":{"rendered":"<p>JR-PBF15 Olv\u00eddate del estr\u00e9s de quedarte sin bater\u00eda. El power bank Joyroom JR-PBF15 ofrece una capacidad de 10.000 mAh, lo<\/p>\n","protected":false},"featured_media":58407,"comment_status":"open","ping_status":"closed","template":"","meta":{"nf_dc_page":""},"product_brand":[],"product_cat":[89],"product_tag":[],"class_list":{"0":"post-58406","1":"product","2":"type-product","3":"status-publish","4":"has-post-thumbnail","6":"product_cat-electronicos","8":"first","9":"instock","10":"shipping-taxable","11":"purchasable","12":"product-type-simple"},"_links":{"self":[{"href":"https:\/\/brandss.com.py\/index\/wp-json\/wp\/v2\/product\/58406","targetHints":{"allow":["GET"]}}],"collection":[{"href":"https:\/\/brandss.com.py\/index\/wp-json\/wp\/v2\/product"}],"about":[{"href":"https:\/\/brandss.com.py\/index\/wp-json\/wp\/v2\/types\/product"}],"replies":[{"embeddable":true,"href":"https:\/\/brandss.com.py\/index\/wp-json\/wp\/v2\/comments?post=58406"}],"version-history":[{"count":1,"href":"https:\/\/brandss.com.py\/index\/wp-json\/wp\/v2\/product\/58406\/revisions"}],"predecessor-version":[{"id":58423,"href":"https:\/\/brandss.com.py\/index\/wp-json\/wp\/v2\/product\/58406\/revisions\/58423"}],"wp:featuredmedia":[{"embeddable":true,"href":"https:\/\/brandss.com.py\/index\/wp-json\/wp\/v2\/media\/58407"}],"wp:attachment":[{"href":"https:\/\/brandss.com.py\/index\/wp-json\/wp\/v2\/media?parent=58406"}],"wp:term":[{"taxonomy":"product_brand","embeddable":true,"href":"https:\/\/brandss.com.py\/index\/wp-json\/wp\/v2\/product_brand?post=58406"},{"taxonomy":"product_cat","embeddable":true,"href":"https:\/\/brandss.com.py\/index\/wp-json\/wp\/v2\/product_cat?post=58406"},{"taxonomy":"product_tag","embeddable":true,"href":"https:\/\/brandss.com.py\/index\/wp-json\/wp\/v2\/product_tag?post=58406"}],"curies":[{"name":"wp","href":"https:\/\/api.w.org\/{rel}","templated":true}]}}