{"id":58438,"date":"2024-09-23T17:52:34","date_gmt":"2024-09-23T17:52:34","guid":{"rendered":"https:\/\/brandss.com.py\/index\/?post_type=product&#038;p=58438"},"modified":"2024-09-23T17:53:55","modified_gmt":"2024-09-23T17:53:55","slug":"bateria-externa-joyroom-jr-l014-de-225w-de-10000-mah-con-cable-lightning-usb-c-usb-a","status":"publish","type":"product","link":"https:\/\/brandss.com.py\/index\/producto\/bateria-externa-joyroom-jr-l014-de-225w-de-10000-mah-con-cable-lightning-usb-c-usb-a\/","title":{"rendered":"BATER\u00cdA EXTERNA JOYROOM JR-L014 DE 22,5W DE 10000 mAh CON CABLE LIGHTNING + USB-C + USB-A"},"content":{"rendered":"<p><img loading=\"lazy\" decoding=\"async\" class=\"\" src=\"https:\/\/apnabaazar.pk\/wp-content\/uploads\/2024\/01\/joyroom-brand-logo-apna-baazar.png\" alt=\"Joyroom Archives | Apna Baazar\" width=\"84\" height=\"84\" \/><\/p>\n<h1>JR-L014<\/h1>\n<p>Asegura tu movilidad sin preocuparte por la descarga de dispositivos gracias al power bank Joyroom JR-L014 de 22,5 W. Se trata de una fuente de energ\u00eda extremadamente eficiente que no solo te proporcionar\u00e1 la potencia necesaria, sino que tambi\u00e9n te sorprender\u00e1 con las soluciones disponibles. Con tres tipos de salidas (USB-A, USB-C, Lightning), cables integrados (USB-C, Lightning) y una pantalla LED a color que muestra el nivel de bater\u00eda, el JR-L014 es un compa\u00f1ero inseparable para los usuarios activos de smartphones y otros dispositivos.<\/p>\n<p><strong><span>Carga r\u00e1pida y universal<\/span><\/strong><\/p>\n<p><span>Olv\u00eddate de tener varios cargadores. Gracias a sus tres salidas diferentes, Joyroom JR-L014 te permite cargar dispositivos de forma simult\u00e1nea, sin importar su tipo o marca.<\/span><\/p>\n<p><strong><span>Cables USB-C y Lightning integrados<\/span><\/strong><\/p>\n<p><span>Ahorra tiempo y espacio al eliminar la necesidad de llevar cables adicionales. Los cables USB-C y Lightning integrados hacen que el cargador port\u00e1til Joyroom JR-L014 est\u00e9 listo para usar en cualquier momento.<\/span><\/p>\n<p><strong>Carga eficiente<\/strong><\/p>\n<p><span>El powerbank Joyroom se distingue por una capacidad de hasta 10.000 mAh y est\u00e1 equipado con 4 puertos de salida. Esto te permite renovar libremente la energ\u00eda de varios dispositivos al mismo tiempo. Su potencia alcanza los 22,5 vatios, con la ventaja a\u00f1adida de soportar los protocolos de carga r\u00e1pida PD3.0 y QC3.0. Como resultado, \u00a1tu equipo estar\u00e1 listo para funcionar de nuevo en un abrir y cerrar de ojos! Adem\u00e1s, los cables integrados eliminan la necesidad de comprar cables adicionales.<\/span><\/p>\n<p><strong>Pantalla LED colorida<\/strong><\/p>\n<p><span>Gracias a los pr\u00e1cticos indicadores LED, podr\u00e1s comprobar c\u00f3modamente el nivel de carga de la bater\u00eda de tu powerbank. El color verde indica un nivel de carga alto, mientras que el azul equivale a estar entre el 50 y el 75%. El naranja, por el contrario, indica que el nivel de carga del dispositivo est\u00e1 entre el 25 y el 50%. El rojo indica que es necesario renovar la energ\u00eda del producto.<\/span><\/p>\n<p><strong>Powerbank y linterna en uno<\/strong><\/p>\n<p><span>El dispositivo Joyroom no solo renovar\u00e1 la energ\u00eda de tus dispositivos, sino que tambi\u00e9n te servir\u00e1 como linterna. Ll\u00e9vate el powerbank de viaje, carga c\u00f3modamente tu equipo y, cuando tengas ganas de leer por la noche, \u00a1enciende la luz!<\/span><\/p>\n<p><strong><span>Las ventajas m\u00e1s importantes de Joyroom JR-L014:<\/span><\/strong><\/p>\n<ul>\n<li><strong><span>Carga r\u00e1pida y universal:<\/span><\/strong><span>\u00a0Tres tipos diferentes de salidas (USB-A, USB-C, Lightning) aseguran la compatibilidad con cualquier dispositivo, garantizando una carga r\u00e1pida y efectiva.<\/span><\/li>\n<li><strong><span>Cables USB-C y Lightning integrados:<\/span><\/strong><span>\u00a0no pierdas tiempo buscando cables. Joyroom JR-L014 tiene cables USB-C y Lightning integrados, para que siempre tengas todo lo que necesitas.<\/span><\/li>\n<li><strong><span>Pantalla LED a color:<\/span><\/strong><span>\u00a0controle el estado de la bater\u00eda mediante una pantalla LED din\u00e1mica e indicaci\u00f3n de color adicional (verde &#8211; 100 %, azul &#8211; 75 %, naranja &#8211; 50 %, rojo 25 %)<\/span><\/li>\n<\/ul>\n<p><strong><span>Especificaci\u00f3n:<\/span><\/strong><\/p>\n<ul>\n<li><strong><span>Marca:<\/span><\/strong><span>\u00a0Joyroom<\/span><\/li>\n<li><strong><span>Modelo:<\/span><\/strong><span>\u00a0JR-L014<\/span><\/li>\n<li><span><strong>Color:<\/strong> Negro<\/span><\/li>\n<li><strong><span>Tipo de bater\u00eda:<\/span><\/strong><span>\u00a0pol\u00edmero de litio<\/span><\/li>\n<li><strong><span>Capacidad:<\/span><\/strong><span>\u00a010000 mAh \/ 3,7 V \/ 37 Wh<\/span><\/li>\n<li><strong><span>Capacidad nominal:<\/span><\/strong><span>\u00a05800 mAh<\/span><\/li>\n<li><strong><span>Entrada de energ\u00eda:<\/span><\/strong>\n<ul>\n<li><span>USB-C: 5 V\/3 A, 9 V\/2 A (18 W)<\/span><\/li>\n<li><span>MicroUSB: 5 V\/2 A, 9 V\/2 A (18 W)<\/span><\/li>\n<\/ul>\n<\/li>\n<li><strong><span>Potencia de salida:<\/span><\/strong>\n<ul>\n<li><span>USB-A: 10 V\/2,25 A, 5 V\/3 A, 9 V\/2 A, 12 V\/1,5 A (22,5 W)<\/span><\/li>\n<li><span>USB-C: 5 V\/3 A, 9 V\/2,22 A, 12 V\/1,67 A (20 W)<\/span><\/li>\n<li><span>USB-C (cable): 10 V\/2,25 A, 5 V\/3 A, 9 V\/2 A, 12 V\/1,5 A (22,5 W)<\/span><\/li>\n<li><span>Lightning (cable): 5 V\/2,4 A (12 W)<\/span><\/li>\n<li><span>USB-A + USB-C + USB-C (cable) + Lightning: 5 V\/3 A (15 W)<\/span><\/li>\n<\/ul>\n<\/li>\n<li><strong><span>Dimensiones:<\/span><\/strong><span>\u00a0152 x 71 x 16 mm<\/span><\/li>\n<li><strong><span>El conjunto incluye:<\/span><\/strong><span>\u00a0Cable USB-A &#8211; USB-C de 0,25 m, color negro.<\/span><\/li>\n<\/ul>\n","protected":false},"excerpt":{"rendered":"<p>JR-L014 Asegura tu movilidad sin preocuparte por la descarga de dispositivos gracias al power bank Joyroom JR-L014 de 22,5 W.<\/p>\n","protected":false},"featured_media":58439,"comment_status":"open","ping_status":"closed","template":"","meta":{"nf_dc_page":""},"product_brand":[],"product_cat":[89],"product_tag":[],"class_list":{"0":"post-58438","1":"product","2":"type-product","3":"status-publish","4":"has-post-thumbnail","6":"product_cat-electronicos","8":"first","9":"instock","10":"shipping-taxable","11":"purchasable","12":"product-type-simple"},"_links":{"self":[{"href":"https:\/\/brandss.com.py\/index\/wp-json\/wp\/v2\/product\/58438","targetHints":{"allow":["GET"]}}],"collection":[{"href":"https:\/\/brandss.com.py\/index\/wp-json\/wp\/v2\/product"}],"about":[{"href":"https:\/\/brandss.com.py\/index\/wp-json\/wp\/v2\/types\/product"}],"replies":[{"embeddable":true,"href":"https:\/\/brandss.com.py\/index\/wp-json\/wp\/v2\/comments?post=58438"}],"version-history":[{"count":1,"href":"https:\/\/brandss.com.py\/index\/wp-json\/wp\/v2\/product\/58438\/revisions"}],"predecessor-version":[{"id":58451,"href":"https:\/\/brandss.com.py\/index\/wp-json\/wp\/v2\/product\/58438\/revisions\/58451"}],"wp:featuredmedia":[{"embeddable":true,"href":"https:\/\/brandss.com.py\/index\/wp-json\/wp\/v2\/media\/58439"}],"wp:attachment":[{"href":"https:\/\/brandss.com.py\/index\/wp-json\/wp\/v2\/media?parent=58438"}],"wp:term":[{"taxonomy":"product_brand","embeddable":true,"href":"https:\/\/brandss.com.py\/index\/wp-json\/wp\/v2\/product_brand?post=58438"},{"taxonomy":"product_cat","embeddable":true,"href":"https:\/\/brandss.com.py\/index\/wp-json\/wp\/v2\/product_cat?post=58438"},{"taxonomy":"product_tag","embeddable":true,"href":"https:\/\/brandss.com.py\/index\/wp-json\/wp\/v2\/product_tag?post=58438"}],"curies":[{"name":"wp","href":"https:\/\/api.w.org\/{rel}","templated":true}]}}