{"id":58452,"date":"2024-09-23T18:50:52","date_gmt":"2024-09-23T18:50:52","guid":{"rendered":"https:\/\/brandss.com.py\/index\/?post_type=product&#038;p=58452"},"modified":"2026-02-11T10:18:24","modified_gmt":"2026-02-11T10:18:24","slug":"cable-de-carga-joyroom-sa21-speedy-series-2-en-1-usb-c-usb-c-usb-c-de-15m","status":"publish","type":"product","link":"https:\/\/brandss.com.py\/index\/producto\/cable-de-carga-joyroom-sa21-speedy-series-2-en-1-usb-c-usb-c-usb-c-de-15m\/","title":{"rendered":"CABLE DE CARGA JOYROOM SA21 SPEEDY SERIES 2 EN 1 USB-C &#8211; USB-C + USB-C DE 1,5M"},"content":{"rendered":"<p><img loading=\"lazy\" decoding=\"async\" class=\"\" src=\"https:\/\/apnabaazar.pk\/wp-content\/uploads\/2024\/01\/joyroom-brand-logo-apna-baazar.png\" alt=\"Joyroom Archives | Apna Baazar\" width=\"70\" height=\"70\" \/><\/p>\n<h1>SA21 SPEEDY SERIES<\/h1>\n<p><span>Descubra la perfecci\u00f3n en la carga con el cable 2 en 1 Joyroom Speedy Series SA21-1T2. Este cable negro de 1,5 metros no solo ofrece una compatibilidad completa, sino que tambi\u00e9n te permite cargar instant\u00e1neamente dos dispositivos al mismo tiempo. Olv\u00eddate de los problemas de bater\u00eda: Joyroom SA21-1T2 te proporcionar\u00e1 energ\u00eda de forma r\u00e1pida, eficaz y con extrema fiabilidad.<\/span><\/p>\n<p><strong><span>Las ventajas m\u00e1s importantes de Joyroom SA21-1T2:<\/span><\/strong><\/p>\n<ul>\n<li><strong><span>Amplia compatibilidad, carga r\u00e1pida de dos dispositivos al mismo tiempo:<\/span><\/strong><span>\u00a0El cable Joyroom permite cargar dos dispositivos simult\u00e1neamente, eliminando el problema de la bater\u00eda descargada en el momento m\u00e1s inconveniente. Ya sea que utilice USB-C o USB-C, este cable entrega energ\u00eda exactamente donde la necesita.<\/span><\/li>\n<li><strong><span>Carga r\u00e1pida de 100 W:<\/span><\/strong><span>\u00a0Experimenta velocidades de carga incre\u00edbles con hasta 100 W de potencia. Joyroom SA21-1T2 garantiza la carga instant\u00e1nea de tus dispositivos, incluso aquellos con mayores necesidades energ\u00e9ticas.<\/span><\/li>\n<li><strong><span>Chip inteligente de reconocimiento de carga r\u00e1pida, distribuci\u00f3n inteligente de corriente, carga segura sin calentamiento excesivo: El<\/span><\/strong><span>\u00a0chip inteligente utilizado garantiza una carga segura, eliminando el riesgo de sobrecalentamiento de los dispositivos. Se trata de una soluci\u00f3n innovadora que permite disfrutar de la m\u00e1xima potencia sin preocuparte por la durabilidad del equipo.<\/span><\/li>\n<li><strong><span>SR flexible, resiste repetidas pruebas de flexi\u00f3n de 90\u00b0:<\/span><\/strong><span>\u00a0El elemento SR especial hace que el cable Joyroom sea extremadamente flexible, soportando incluso las condiciones m\u00e1s exigentes, como las frecuentes flexiones de 90\u00b0.<\/span><\/li>\n<li><strong><span>Nailon trenzado de precisi\u00f3n, duradero y resistente:<\/span><\/strong><span>\u00a0hecho de aluminio y nailon trenzado, el Joyroom SA21-1T2 combina durabilidad con elegancia. La mano de obra precisa garantiza un funcionamiento fiable, independientemente de las condiciones de uso.<\/span><\/li>\n<\/ul>\n<p><strong><span>Especificaci\u00f3n:<\/span><\/strong><\/p>\n<ul>\n<li><strong><span>Tipo de conector:<\/span><\/strong><span>\u00a0USB-C a USB-C + USB-C<\/span><\/li>\n<li><strong><span>Alimentaci\u00f3n USB-C+C (salida):<\/span><\/strong><span>\u00a0100W (m\u00e1x.)<\/span><\/li>\n<li><strong><span>Material:<\/span><\/strong><span>\u00a0aleaci\u00f3n de aluminio + nailon trenzado.<\/span><\/li>\n<\/ul>\n<p><strong><span>Amplia compatibilidad, carga r\u00e1pida de dos dispositivos al mismo tiempo<\/span><\/strong><\/p>\n<p><span>Conozca la primera caracter\u00edstica clave de Joyroom SA21-1T2, que le permite alimentar dos dispositivos simult\u00e1neamente, eliminando el problema de la bater\u00eda descargada en el momento m\u00e1s inconveniente. Ya sea que utilice USB-C o USB-C, este cable entregar\u00e1 energ\u00eda exactamente donde la necesita.<\/span><\/p>\n<p><strong><span>Carga r\u00e1pida de 100W<\/span><\/strong><\/p>\n<p><span>Experimenta velocidades de carga incre\u00edbles, alcanzando hasta 100W de potencia. Joyroom SA21-1T2 garantiza la carga instant\u00e1nea de tus dispositivos, incluso aquellos con mayores necesidades energ\u00e9ticas.<\/span><\/p>\n<p><strong><span>Chip inteligente de reconocimiento de carga r\u00e1pida, distribuci\u00f3n de corriente inteligente, carga segura sin calentamiento excesivo<\/span><\/strong><\/p>\n<p><span>El chip inteligente utilizado garantiza una carga segura, eliminando el riesgo de sobrecalentamiento de los dispositivos. Se trata de una soluci\u00f3n innovadora que permite disfrutar de la m\u00e1xima potencia sin preocuparte por la durabilidad del equipo.<\/span><\/p>\n<p><strong><span>SR flexible, resiste repetidas pruebas de flexi\u00f3n de 90\u00b0<\/span><\/strong><\/p>\n<p><span>Olv\u00eddate de perder la conectividad por un cable roto. El elemento SR hace que Joyroom SA21-1T2 sea extremadamente flexible y resista repetidas pruebas de flexi\u00f3n de 90\u00b0. Esta es una soluci\u00f3n para quienes esperan la m\u00e1s alta calidad.<\/span><\/p>\n<p><strong><span>Nailon tejido con precisi\u00f3n, duradero y s\u00f3lido.<\/span><\/strong><\/p>\n<p><span>Fabricado en aluminio y nailon trenzado, el Joyroom SA21-1T2 combina durabilidad con elegancia. La mano de obra precisa garantiza un funcionamiento fiable, independientemente de las condiciones de uso.<\/span><\/p>\n","protected":false},"excerpt":{"rendered":"<p>SA21 SPEEDY SERIES Descubra la perfecci\u00f3n en la carga con el cable 2 en 1 Joyroom Speedy Series SA21-1T2. Este<\/p>\n","protected":false},"featured_media":58453,"comment_status":"open","ping_status":"closed","template":"","meta":{"nf_dc_page":""},"product_brand":[],"product_cat":[89],"product_tag":[],"class_list":{"0":"post-58452","1":"product","2":"type-product","3":"status-publish","4":"has-post-thumbnail","6":"product_cat-electronicos","8":"first","9":"instock","10":"shipping-taxable","11":"purchasable","12":"product-type-simple"},"_links":{"self":[{"href":"https:\/\/brandss.com.py\/index\/wp-json\/wp\/v2\/product\/58452","targetHints":{"allow":["GET"]}}],"collection":[{"href":"https:\/\/brandss.com.py\/index\/wp-json\/wp\/v2\/product"}],"about":[{"href":"https:\/\/brandss.com.py\/index\/wp-json\/wp\/v2\/types\/product"}],"replies":[{"embeddable":true,"href":"https:\/\/brandss.com.py\/index\/wp-json\/wp\/v2\/comments?post=58452"}],"version-history":[{"count":1,"href":"https:\/\/brandss.com.py\/index\/wp-json\/wp\/v2\/product\/58452\/revisions"}],"predecessor-version":[{"id":58466,"href":"https:\/\/brandss.com.py\/index\/wp-json\/wp\/v2\/product\/58452\/revisions\/58466"}],"wp:featuredmedia":[{"embeddable":true,"href":"https:\/\/brandss.com.py\/index\/wp-json\/wp\/v2\/media\/58453"}],"wp:attachment":[{"href":"https:\/\/brandss.com.py\/index\/wp-json\/wp\/v2\/media?parent=58452"}],"wp:term":[{"taxonomy":"product_brand","embeddable":true,"href":"https:\/\/brandss.com.py\/index\/wp-json\/wp\/v2\/product_brand?post=58452"},{"taxonomy":"product_cat","embeddable":true,"href":"https:\/\/brandss.com.py\/index\/wp-json\/wp\/v2\/product_cat?post=58452"},{"taxonomy":"product_tag","embeddable":true,"href":"https:\/\/brandss.com.py\/index\/wp-json\/wp\/v2\/product_tag?post=58452"}],"curies":[{"name":"wp","href":"https:\/\/api.w.org\/{rel}","templated":true}]}}