{"id":58614,"date":"2024-09-25T16:24:55","date_gmt":"2024-09-25T16:24:55","guid":{"rendered":"https:\/\/brandss.com.py\/index\/?post_type=product&#038;p=58614"},"modified":"2024-09-25T16:25:47","modified_gmt":"2024-09-25T16:25:47","slug":"cable-de-datos-joyroom-a31-pioneer-series-type-c-to-type-c-de-240-w-de-12-m","status":"publish","type":"product","link":"https:\/\/brandss.com.py\/index\/producto\/cable-de-datos-joyroom-a31-pioneer-series-type-c-to-type-c-de-240-w-de-12-m\/","title":{"rendered":"CABLE DE DATOS JOYROOM A31 PIONEER SERIES TYPE-C TO TYPE-C DE 240 W DE 1,2 M"},"content":{"rendered":"<p><img loading=\"lazy\" decoding=\"async\" class=\"\" src=\"https:\/\/apnabaazar.pk\/wp-content\/uploads\/2024\/01\/joyroom-brand-logo-apna-baazar.png\" alt=\"Joyroom Archives | Apna Baazar\" width=\"73\" height=\"73\" \/><\/p>\n<h1>A31 PIONEER SERIES<\/h1>\n<p><span>El cable Joyroom Pioneer Series es una fuente de energ\u00eda confiable. Admite hasta 240 W de potencia y 5 A, lo que significa que no tiene que esperar a que se cargue por completo: despu\u00e9s de solo 30 minutos de uso del cable, su equipo estar\u00e1 cargado al 60 %. Pioneer Series no solo es velocidad, sino tambi\u00e9n carga segura con el protocolo PD 3.1 y un n\u00facleo de cobre s\u00f3lido. La resistencia a 10 000 dobleces y la resistencia al \u00f3xido confirman la durabilidad de este cable. Esta es una excelente opci\u00f3n para cualquiera que valore la eficiencia, la confiabilidad y la calidad.<\/span><\/p>\n<p><strong>Potencia excepcional 240W<\/strong><\/p>\n<p><span>\u00bfNecesitas energ\u00eda confiable para un port\u00e1til Apple, Dell, Lenovo o Huawei? \u00bfUna tableta o un tel\u00e9fono Samsung, Xiaomi, Huawei o Vivo? El cable Joyroom Pioneer Series con conectores USB-C a USB-C es la respuesta a tus necesidades. Gracias a la potencia excepcional de 240 W, cargar\u00e1s r\u00e1pidamente tu dispositivo en poco tiempo. \u00a1No dejes que la falta de energ\u00eda te detenga! El cable Joyroom Pioneer Series es compatible con una amplia gama de dispositivos USB-C. Esta es una soluci\u00f3n para todas tus necesidades de carga.<\/span><\/p>\n<p><strong>Carga r\u00e1pida<\/strong><\/p>\n<p><span>\u00bfNo te gusta esperar a que tu dispositivo est\u00e9 completamente cargado? El cable Joyroom Pioneer Series garantiza una carga r\u00e1pida a 5 A, lo que te permitir\u00e1 cargar el dispositivo hasta el 60 % en solo 30 minutos. \u00a1Te ahorrar\u00e1 tiempo!<\/span><\/p>\n<p><strong>Protocolo de carga r\u00e1pida inteligente Power Delivery 3.1<\/strong><\/p>\n<p><span>La seguridad y la eficiencia son prioridades de Joyroom. El cable de la serie Pioneer est\u00e1 equipado con un chip inteligente y es compatible con el protocolo de carga r\u00e1pida PD 3.1, que garantiza una carga segura con menos calor. Ahora puede utilizar toda la potencia de carga sin preocuparse por da\u00f1ar el dispositivo.<\/span><\/p>\n<p><strong>Carga m\u00e1s r\u00e1pida gracias a un n\u00facleo de cobre m\u00e1s grueso<\/strong><\/p>\n<p><span>El cable de la serie Pioneer de Joyroom est\u00e1 dise\u00f1ado para una carga r\u00e1pida. Gracias a un n\u00facleo de cobre m\u00e1s grueso y una superficie conductora m\u00e1s grande, lograr\u00e1 una carga hasta un 60 % m\u00e1s r\u00e1pida en comparaci\u00f3n con los cables tradicionales. \u00a1Eficiencia y ahorro de tiempo, eso es todo!<\/span><\/p>\n<p><strong>Cable duradero y resistente<\/strong><\/p>\n<p><span>Olv\u00eddate de tener que cambiar los cables cada cierto tiempo. El cable de la serie Pioneer de Joyroom tiene una trenza de nailon resistente que es 10 veces m\u00e1s duradera y resistente al desgaste. Sobrevivir\u00e1 a muchas cargas: como han demostrado las pruebas del fabricante, el cable puede soportar hasta 10 000 dobleces, lo que significa que no tienes que preocuparte por su durabilidad. Joyroom crea sus productos pensando en un uso a largo plazo.<\/span><\/p>\n<p><strong>Calidad mejorada: resistencia a la oxidaci\u00f3n, capacidad de carga hasta 10 kg.<\/strong><\/p>\n<p><span>El cable de la serie Pioneer de Joyroom no solo garantiza una carga r\u00e1pida y segura, sino tambi\u00e9n una excelente calidad. Es resistente a la oxidaci\u00f3n y puede soportar cargas de hasta 10 kg. Es un cable en el que puede confiar.<\/span><\/p>\n<p>&nbsp;<\/p>\n<p><strong>Las ventajas m\u00e1s importantes del cable Joyroom Pioneer Series:<\/strong><\/p>\n<ul>\n<li>Excepcional potencia de 240 W y corriente de 5 A, lo que significa que puedes cargar r\u00e1pidamente tus dispositivos\u00a0. Esta es una soluci\u00f3n que soportar\u00e1 todos tus dispositivos: port\u00e1tiles, tabletas, tel\u00e9fonos e incluso la consola Nintendo Switch. Te permite cargar tu dispositivo hasta el 60 % en solo 30 minutos, lo que te permite ahorrar un tiempo valioso.<\/li>\n<li>Cuenta con un protocolo de carga r\u00e1pida inteligente Power Delivery 3.1\u00a0. El chip inteligente garantiza una carga segura con menos calor, protegiendo tus dispositivos de da\u00f1os.<\/li>\n<li>Proporciona una carga eficiente gracias a su n\u00facleo de cobre m\u00e1s grueso\u00a0. El cable Joyroom Pioneer Series tiene una superficie conductora m\u00e1s grande.<\/li>\n<li>Es durable y resistente\u00a0. La trenza de nailon es 10 veces m\u00e1s duradera y resistente al desgaste. Soportar\u00e1 hasta 10.000 dobleces.<\/li>\n<li>Calidad mejorada, resistencia a la oxidaci\u00f3n\u00a0. Puede soportar cargas de hasta 10 kg. Es un cable en el que puede confiar.<\/li>\n<\/ul>\n<p><strong>Especificaci\u00f3n:<\/strong><\/p>\n<ul>\n<li><strong>Marca:<\/strong> Joyroom<\/li>\n<li><strong>Modelo:<\/strong> Serie Pioneer SA31-CC5<\/li>\n<li><strong>Conectores:<\/strong> USB-C \/ USB-C<\/li>\n<li><strong>Funciones:<\/strong> carga, transferencia de datos.<\/li>\n<li><strong>Potencia:<\/strong> 240W<\/li>\n<li><strong>Velocidad de transmisi\u00f3n:<\/strong> 480Mbps<\/li>\n<li><strong>Material:<\/strong> aleaci\u00f3n de zinc + trenza de nailon.<\/li>\n<li><strong>Longitud:<\/strong> 1,2 m<\/li>\n<li><strong>Color:<\/strong> Negro<\/li>\n<\/ul>\n","protected":false},"excerpt":{"rendered":"<p>A31 PIONEER SERIES El cable Joyroom Pioneer Series es una fuente de energ\u00eda confiable. Admite hasta 240 W de potencia<\/p>\n","protected":false},"featured_media":58615,"comment_status":"open","ping_status":"closed","template":"","meta":{"nf_dc_page":""},"product_brand":[],"product_cat":[89],"product_tag":[],"class_list":{"0":"post-58614","1":"product","2":"type-product","3":"status-publish","4":"has-post-thumbnail","6":"product_cat-electronicos","8":"first","9":"instock","10":"shipping-taxable","11":"purchasable","12":"product-type-simple"},"_links":{"self":[{"href":"https:\/\/brandss.com.py\/index\/wp-json\/wp\/v2\/product\/58614","targetHints":{"allow":["GET"]}}],"collection":[{"href":"https:\/\/brandss.com.py\/index\/wp-json\/wp\/v2\/product"}],"about":[{"href":"https:\/\/brandss.com.py\/index\/wp-json\/wp\/v2\/types\/product"}],"replies":[{"embeddable":true,"href":"https:\/\/brandss.com.py\/index\/wp-json\/wp\/v2\/comments?post=58614"}],"version-history":[{"count":1,"href":"https:\/\/brandss.com.py\/index\/wp-json\/wp\/v2\/product\/58614\/revisions"}],"predecessor-version":[{"id":58626,"href":"https:\/\/brandss.com.py\/index\/wp-json\/wp\/v2\/product\/58614\/revisions\/58626"}],"wp:featuredmedia":[{"embeddable":true,"href":"https:\/\/brandss.com.py\/index\/wp-json\/wp\/v2\/media\/58615"}],"wp:attachment":[{"href":"https:\/\/brandss.com.py\/index\/wp-json\/wp\/v2\/media?parent=58614"}],"wp:term":[{"taxonomy":"product_brand","embeddable":true,"href":"https:\/\/brandss.com.py\/index\/wp-json\/wp\/v2\/product_brand?post=58614"},{"taxonomy":"product_cat","embeddable":true,"href":"https:\/\/brandss.com.py\/index\/wp-json\/wp\/v2\/product_cat?post=58614"},{"taxonomy":"product_tag","embeddable":true,"href":"https:\/\/brandss.com.py\/index\/wp-json\/wp\/v2\/product_tag?post=58614"}],"curies":[{"name":"wp","href":"https:\/\/api.w.org\/{rel}","templated":true}]}}