{"id":58627,"date":"2024-09-25T18:18:35","date_gmt":"2024-09-25T18:18:35","guid":{"rendered":"https:\/\/brandss.com.py\/index\/?post_type=product&#038;p=58627"},"modified":"2024-09-25T18:25:49","modified_gmt":"2024-09-25T18:25:49","slug":"cable-de-datos-joyroom-a38-easy-travel-serie-en-espiral-c-type-c-to-lightning-para-automovil","status":"publish","type":"product","link":"https:\/\/brandss.com.py\/index\/producto\/cable-de-datos-joyroom-a38-easy-travel-serie-en-espiral-c-type-c-to-lightning-para-automovil\/","title":{"rendered":"CABLE DE DATOS JOYROOM A38 EASY-TRAVEL SERIE EN ESPIRAL C TYPE-C TO LIGHTNING PARA AUTOM\u00d3VIL"},"content":{"rendered":"<p><img loading=\"lazy\" decoding=\"async\" class=\"\" src=\"https:\/\/apnabaazar.pk\/wp-content\/uploads\/2024\/01\/joyroom-brand-logo-apna-baazar.png\" alt=\"Joyroom Archives | Apna Baazar\" width=\"70\" height=\"70\" \/><\/p>\n<h1>A38 EASY-TRAVEL SERIE<\/h1>\n<p>El cable de datos de carga r\u00e1pida USB-A a tipo C en espiral de 3 A de la serie Easy-Travel SA38-AC3 de Joyroom es perfecto para viajar en coche. Gracias a su dise\u00f1o flexible, su longitud alcanza los 1,5 metros. Adem\u00e1s, no se enreda, por lo que su uso y almacenamiento no ser\u00e1 un problema. Es resistente a la flexi\u00f3n, al sobrecalentamiento y a los da\u00f1os, por lo que te servir\u00e1 durante mucho tiempo. A su vez, el chip inteligente ajusta autom\u00e1ticamente el voltaje y el amperaje al dispositivo conectado. Viene en color negro<\/p>\n<ul class=\"a-unordered-list a-vertical a-spacing-mini\">\n<li class=\"a-spacing-mini\"><span class=\"a-list-item\"><span>Alambre de resorte estirable y retr\u00e1ctil, manteni\u00e9ndolo limpio y f\u00e1cil de almacenar.<\/span><\/span><\/li>\n<li class=\"a-spacing-mini\"><span class=\"a-list-item\"><span>Cuerpo suave y altamente el\u00e1stico con elasticidad duradera.<\/span><\/span><\/li>\n<li class=\"a-spacing-mini\"><span class=\"a-list-item\"><span>Durabilidad mejorada, m\u00e1s de 10 000 veces la vida \u00fatil de flexi\u00f3n.<\/span><\/span><\/li>\n<li class=\"a-spacing-mini\"><span class=\"a-list-item\"><span>Estirable hasta una longitud de 1,5 metros, adecuado para diversos escenarios, sin limitaciones de longitud.<\/span><\/span><\/li>\n<li class=\"a-spacing-mini\"><span class=\"a-list-item\"><span>Chip inteligente que regula autom\u00e1ticamente el voltaje y la corriente, seguro y sin calentamiento.<\/span><\/span><\/li>\n<\/ul>\n<p class=\"QN2lPu\"><span>Alambre de resorte estirable y retr\u00e1ctil, manteni\u00e9ndolo limpio y f\u00e1cil de almacenar.<\/span><\/p>\n<p class=\"QN2lPu\"><span>Cuerpo suave y muy el\u00e1stico, con elasticidad duradera.<\/span><\/p>\n<p class=\"QN2lPu\"><span>Mayor durabilidad, vida \u00fatil de m\u00e1s de 10 000 flexiones<\/span><\/p>\n<p class=\"QN2lPu\"><span>Estirable hasta una longitud de 1,5 m, adecuado para diversos escenarios, sin limitaciones de longitud.<\/span><\/p>\n<p class=\"QN2lPu\"><span>Chip inteligente que regula autom\u00e1ticamente el voltaje y la corriente, seguro y sin calentamiento.<\/span><\/p>\n<p class=\"QN2lPu\"><span>Clasificaci\u00f3n ign\u00edfuga V1, resistencia al fuego mejorada y rendimiento m\u00e1s seguro<\/span><\/p>\n<p>&nbsp;<\/p>\n<p class=\"QN2lPu\"><strong>Especificaci\u00f3n:<\/strong><\/p>\n<p><span><strong>Marca:<\/strong> Joyroom<\/span><\/p>\n<p><strong>Modelo:<\/strong> SA38-CL3<\/p>\n<p><span><strong>Tipo de cable:<\/strong> Tipo C a Lightning en espiral | Carga r\u00e1pida PD de 30 W<\/span><\/p>\n<p><span><strong>Longitud:<\/strong>\u00a0 1,50 m<\/span><\/p>\n<p class=\"QN2lPu\"><span><strong>Potencia:<\/strong>\u00a0PD30 w<\/span><\/p>\n<p class=\"QN2lPu\"><span><strong>Conector:<\/strong> Tipo-C a Lightning<\/span><\/p>\n<p class=\"QN2lPu\"><span><strong>Funci\u00f3n:<\/strong> Carga\/Transmisi\u00f3n de datos<\/span><\/p>\n<p class=\"QN2lPu\"><span><strong>Velocidad de transmisi\u00f3n:<\/strong> 480Mbps<\/span><\/p>\n<p class=\"QN2lPu\"><span><strong>Material:<\/strong> TPU <\/span>poliuretano termopl\u00e1stico<\/p>\n<p class=\"QN2lPu\"><strong>Compatibilidad: <\/strong><span>Universal<\/span><\/p>\n<p><strong>Color:<\/strong> Negro<\/p>\n","protected":false},"excerpt":{"rendered":"<p>A38 EASY-TRAVEL SERIE El cable de datos de carga r\u00e1pida USB-A a tipo C en espiral de 3 A de<\/p>\n","protected":false},"featured_media":58628,"comment_status":"open","ping_status":"closed","template":"","meta":{"nf_dc_page":""},"product_brand":[],"product_cat":[89],"product_tag":[],"class_list":{"0":"post-58627","1":"product","2":"type-product","3":"status-publish","4":"has-post-thumbnail","6":"product_cat-electronicos","8":"first","9":"instock","10":"shipping-taxable","11":"purchasable","12":"product-type-simple"},"_links":{"self":[{"href":"https:\/\/brandss.com.py\/index\/wp-json\/wp\/v2\/product\/58627","targetHints":{"allow":["GET"]}}],"collection":[{"href":"https:\/\/brandss.com.py\/index\/wp-json\/wp\/v2\/product"}],"about":[{"href":"https:\/\/brandss.com.py\/index\/wp-json\/wp\/v2\/types\/product"}],"replies":[{"embeddable":true,"href":"https:\/\/brandss.com.py\/index\/wp-json\/wp\/v2\/comments?post=58627"}],"version-history":[{"count":1,"href":"https:\/\/brandss.com.py\/index\/wp-json\/wp\/v2\/product\/58627\/revisions"}],"predecessor-version":[{"id":58638,"href":"https:\/\/brandss.com.py\/index\/wp-json\/wp\/v2\/product\/58627\/revisions\/58638"}],"wp:featuredmedia":[{"embeddable":true,"href":"https:\/\/brandss.com.py\/index\/wp-json\/wp\/v2\/media\/58628"}],"wp:attachment":[{"href":"https:\/\/brandss.com.py\/index\/wp-json\/wp\/v2\/media?parent=58627"}],"wp:term":[{"taxonomy":"product_brand","embeddable":true,"href":"https:\/\/brandss.com.py\/index\/wp-json\/wp\/v2\/product_brand?post=58627"},{"taxonomy":"product_cat","embeddable":true,"href":"https:\/\/brandss.com.py\/index\/wp-json\/wp\/v2\/product_cat?post=58627"},{"taxonomy":"product_tag","embeddable":true,"href":"https:\/\/brandss.com.py\/index\/wp-json\/wp\/v2\/product_tag?post=58627"}],"curies":[{"name":"wp","href":"https:\/\/api.w.org\/{rel}","templated":true}]}}