{"id":58941,"date":"2024-10-01T14:35:24","date_gmt":"2024-10-01T14:35:24","guid":{"rendered":"https:\/\/brandss.com.py\/index\/?post_type=product&#038;p=58941"},"modified":"2024-10-01T14:36:33","modified_gmt":"2024-10-01T14:36:33","slug":"auriculares-intrauditivos-inalambricos-joyroom-jr-bc1-jbuds-con-cancelacion-activa-de-ruido-2","status":"publish","type":"product","link":"https:\/\/brandss.com.py\/index\/producto\/auriculares-intrauditivos-inalambricos-joyroom-jr-bc1-jbuds-con-cancelacion-activa-de-ruido-2\/","title":{"rendered":"AURICULARES INTRAUDITIVOS INAL\u00c1MBRICOS JOYROOM JR-BC1 JBUDS CON CANCELACI\u00d3N ACTIVA DE RUIDO"},"content":{"rendered":"<p><img loading=\"lazy\" decoding=\"async\" class=\"\" src=\"https:\/\/apnabaazar.pk\/wp-content\/uploads\/2024\/01\/joyroom-brand-logo-apna-baazar.png\" alt=\"Joyroom Archives | Apna Baazar\" width=\"73\" height=\"73\" \/><\/p>\n<h1>JR-BC1 JBUDS<\/h1>\n<p>Auriculares intrauditivos inal\u00e1mbricos Joyroom Jbuds (JR-BC1) &#8211; blanco. Auriculares que combinan tecnolog\u00edas innovadoras con un estilo elegante. Tanto si eres amante de la m\u00fasica como si necesitas conexiones n\u00edtidas, estos auriculares cumplir\u00e1n tus expectativas.<\/p>\n<p><span>Sum\u00e9rgete en un mundo de sonido incomparable con los auriculares inal\u00e1mbricos intraauriculares Joyroom Jbuds (JR-BC1) en un elegante color blanco. Estos innovadores auriculares no solo son elegantes, sino que tambi\u00e9n est\u00e1n repletos de funciones avanzadas que har\u00e1n que cada momento con m\u00fasica o una llamada telef\u00f3nica sea \u00fanico.<\/span><\/p>\n<p><strong>Reducci\u00f3n activa de ruido con 4 micr\u00f3fonos.<\/strong><\/p>\n<p>Gracias a la tecnolog\u00eda avanzada de 4 micr\u00f3fonos, los Joyroom Jbuds (JR-BC1) ofrecen una impresionante reducci\u00f3n de ruido de 35 db. Esto significa que puedes sumergirte por completo en tu m\u00fasica favorita o concentrarte en una llamada telef\u00f3nica sin distracciones de tu entorno. Esta caracter\u00edstica garantiza que cada sonido sea claro, intenso y totalmente inmersivo.<\/p>\n<p><strong>Tecnolog\u00eda de reducci\u00f3n de ruido durante llamadas ANC.<\/strong><\/p>\n<p>No solo escucha, sino que tambi\u00e9n habla sin interrupciones gracias a la tecnolog\u00eda de reducci\u00f3n de ruido ANC. Eliminan el ruido de fondo, haciendo que cada conversaci\u00f3n telef\u00f3nica sea excepcionalmente clara. Ya sea que est\u00e9s en las calles abarrotadas de la ciudad o viajando en tren, tus llamadas siempre ser\u00e1n claras y sin ruidos.<\/p>\n<p><strong>Altavoz din\u00e1mico de 13 mm.<\/strong><\/p>\n<p>Experimente el sonido de la m\u00e1s alta calidad con el altavoz din\u00e1mico de 13 mm Joyroom Jbuds. Este potente altavoz ofrece una calidad de sonido rica y profunda, lo que le permite sumergirse por completo en su m\u00fasica favorita. Sin importar el g\u00e9nero musical, estos auriculares brindan una experiencia auditiva excepcional.<\/p>\n<p><strong>Resistencia al agua IPX4.<\/strong><\/p>\n<p>Olv\u00eddate de las preocupaciones por la sudoraci\u00f3n durante un entrenamiento intenso o por la lluvia repentina mientras caminas. Cuentan con certificaci\u00f3n de resistencia al agua IPX4, lo que significa que son resistentes al sudor y a peque\u00f1as cantidades de agua. Son el compa\u00f1ero perfecto tanto para correr como para viajar en condiciones clim\u00e1ticas cambiantes.<\/p>\n<p><strong>Par\u00e1metros t\u00e9cnicos fiables.<\/strong><\/p>\n<p>Estos auriculares inal\u00e1mbricos intraauriculares cuentan con unas especificaciones t\u00e9cnicas impresionantes, como Bluetooth V5.3, compatibilidad con HSP, HFP, A2DP, AVRCP y decodificaci\u00f3n de audio AAC y SBC. Con una bater\u00eda de 35 mAh para los auriculares y 380 mAh para el estuche, garantizan un largo tiempo de escucha de m\u00fasica o llamadas. Adem\u00e1s, la carga es r\u00e1pida gracias al puerto USB Tipo-C, y el estuche permite cargar los auriculares varias veces sin necesidad de conectarlos a una fuente externa.<\/p>\n<p><strong>Dise\u00f1o elegante y comodidad.<\/strong><\/p>\n<p>Los Joyroom Jbuds (JR-BC1) no solo son fant\u00e1sticos en cuanto a funciones, sino que tambi\u00e9n tienen un estilo elegante. Su dise\u00f1o minimalista en blanco llama la atenci\u00f3n, lo que los convierte en el complemento perfecto para cualquier conjunto elegante. Adem\u00e1s, su forma ergon\u00f3mica los hace c\u00f3modos de usar durante largos per\u00edodos de tiempo, ya sea que est\u00e9s escuchando m\u00fasica o haciendo largas llamadas telef\u00f3nicas.<\/p>\n<p><strong><span>Ventajas clave:<\/span><\/strong><\/p>\n<ul>\n<li><strong><span>Tecnolog\u00eda de cancelaci\u00f3n activa de ruido de 4 micr\u00f3fonos:<\/span><\/strong><span>\u00a0ofrece una reducci\u00f3n de ruido profunda de 35 db, brindando una experiencia de sonido incre\u00edble.<\/span><\/li>\n<li><strong><span>Tecnolog\u00eda de cancelaci\u00f3n de ruido de llamadas ANC:<\/span><\/strong><span>\u00a0proporciona una experiencia de llamadas excepcionalmente clara al eliminar la interferencia de audio.<\/span><\/li>\n<li><strong><span>Altavoz din\u00e1mico de 13 mm:<\/span><\/strong><span>\u00a0ofrece un sonido de alta calidad, lo que le permite disfrutar de la m\u00fasica con la m\u00e1s alta calidad.<\/span><\/li>\n<li><strong><span>Resistencia al agua IPX4:<\/span><\/strong><span>\u00a0los auriculares son resistentes al sudor y a la lluvia, lo que los convierte en el compa\u00f1ero perfecto para un estilo de vida activo.<\/span><\/li>\n<\/ul>\n<p><strong><span>Especificaci\u00f3n:<\/span><\/strong><\/p>\n<ul>\n<li><strong>Marca:<\/strong> JOYROOM.<\/li>\n<li><strong>Modelo:<\/strong> JR-BC1.<\/li>\n<li><strong><span>Versi\u00f3n de Bluetooth:<\/span><\/strong><span> V5.3.<\/span><\/li>\n<li><strong><span>Reducci\u00f3n de ruido:<\/span><\/strong><span> aproximadamente 35 db \u00b1 2 db (aproximadamente 22-23 db).<\/span><\/li>\n<li><strong><span>Decodificaci\u00f3n de audio Bluetooth:<\/span><\/strong><span> AAC, SBC.<\/span><\/li>\n<li><strong><span>Protocolos compatibles:<\/span><\/strong><span> HSP, HFP, A2DP, AVRCP.<\/span><\/li>\n<li><strong><span>Frecuencia de trabajo:<\/span><\/strong><span> 2402-2480 KHz.<\/span><\/li>\n<li><strong><span>Capacidad de la bater\u00eda de los auriculares:<\/span><\/strong><span> 35 mAh.<\/span><\/li>\n<li><strong><span>Capacidad de la bater\u00eda del estuche:<\/span><\/strong><span> 380 mAh.<\/span><\/li>\n<li><strong><span>Tiempo de espera de los auriculares (conectados):<\/span><\/strong><span> aproximadamente 48 horas.<\/span><\/li>\n<li><strong><span>Entrada de carga de auriculares:<\/span><\/strong><span> 5 V 30 mA.<\/span><\/li>\n<li><strong><span>Entrada de carga del estuche:<\/span><\/strong><span> 5 V 1 A.<\/span><\/li>\n<li><strong><span>Puerto de entrada de carga:<\/span><\/strong><span> Tipo C.<\/span><\/li>\n<li><strong><span>Tiempo de carga de los auriculares:<\/span><\/strong><span> aproximadamente 1,5 horas.<\/span><\/li>\n<li><strong><span>Tiempo de carga del estuche:<\/span><\/strong><span> Aproximadamente 1,5 horas.<\/span><\/li>\n<li><strong><span>Resistencia al agua:<\/span><\/strong><span> IPX4.<\/span><\/li>\n<li><strong><span>Material:<\/span><\/strong><span>\u00a0ABS y policarbonato.<\/span><\/li>\n<li><strong><span>Peso:<\/span><\/strong><span> 48g.<\/span><\/li>\n<\/ul>\n","protected":false},"excerpt":{"rendered":"<p>JR-BC1 JBUDS Auriculares intrauditivos inal\u00e1mbricos Joyroom Jbuds (JR-BC1) &#8211; blanco. Auriculares que combinan tecnolog\u00edas innovadoras con un estilo elegante. Tanto<\/p>\n","protected":false},"featured_media":58942,"comment_status":"open","ping_status":"closed","template":"","meta":{"nf_dc_page":""},"product_brand":[],"product_cat":[89],"product_tag":[],"class_list":{"0":"post-58941","1":"product","2":"type-product","3":"status-publish","4":"has-post-thumbnail","6":"product_cat-electronicos","8":"first","9":"instock","10":"shipping-taxable","11":"purchasable","12":"product-type-simple"},"_links":{"self":[{"href":"https:\/\/brandss.com.py\/index\/wp-json\/wp\/v2\/product\/58941","targetHints":{"allow":["GET"]}}],"collection":[{"href":"https:\/\/brandss.com.py\/index\/wp-json\/wp\/v2\/product"}],"about":[{"href":"https:\/\/brandss.com.py\/index\/wp-json\/wp\/v2\/types\/product"}],"replies":[{"embeddable":true,"href":"https:\/\/brandss.com.py\/index\/wp-json\/wp\/v2\/comments?post=58941"}],"version-history":[{"count":1,"href":"https:\/\/brandss.com.py\/index\/wp-json\/wp\/v2\/product\/58941\/revisions"}],"predecessor-version":[{"id":58957,"href":"https:\/\/brandss.com.py\/index\/wp-json\/wp\/v2\/product\/58941\/revisions\/58957"}],"wp:featuredmedia":[{"embeddable":true,"href":"https:\/\/brandss.com.py\/index\/wp-json\/wp\/v2\/media\/58942"}],"wp:attachment":[{"href":"https:\/\/brandss.com.py\/index\/wp-json\/wp\/v2\/media?parent=58941"}],"wp:term":[{"taxonomy":"product_brand","embeddable":true,"href":"https:\/\/brandss.com.py\/index\/wp-json\/wp\/v2\/product_brand?post=58941"},{"taxonomy":"product_cat","embeddable":true,"href":"https:\/\/brandss.com.py\/index\/wp-json\/wp\/v2\/product_cat?post=58941"},{"taxonomy":"product_tag","embeddable":true,"href":"https:\/\/brandss.com.py\/index\/wp-json\/wp\/v2\/product_tag?post=58941"}],"curies":[{"name":"wp","href":"https:\/\/api.w.org\/{rel}","templated":true}]}}