{"id":58975,"date":"2024-10-01T18:40:52","date_gmt":"2024-10-01T18:40:52","guid":{"rendered":"https:\/\/brandss.com.py\/index\/?post_type=product&#038;p=58975"},"modified":"2024-10-01T18:41:52","modified_gmt":"2024-10-01T18:41:52","slug":"lapiz-optico-joyroom-jr-x15-para-pantalla-tactil-capacitiva-activa","status":"publish","type":"product","link":"https:\/\/brandss.com.py\/index\/producto\/lapiz-optico-joyroom-jr-x15-para-pantalla-tactil-capacitiva-activa\/","title":{"rendered":"L\u00c1PIZ \u00d3PTICO JOYROOM JR-X15 PARA PANTALLA T\u00c1CTIL CAPACITIVA ACTIVA"},"content":{"rendered":"<p><img loading=\"lazy\" decoding=\"async\" class=\"\" src=\"https:\/\/apnabaazar.pk\/wp-content\/uploads\/2024\/01\/joyroom-brand-logo-apna-baazar.png\" alt=\"Joyroom Archives | Apna Baazar\" width=\"66\" height=\"66\" \/><\/p>\n<h1>JR-X15<\/h1>\n<div class=\"description legacy\" data-v-91087a2a=\"\">\n<p><span>Joyroom Active Capacitive Stylus Pen con una punta duradera mejorada que te permite escribir suavemente sin saltos y no raya la pantalla. El l\u00e1piz permite el rechazo de la palma y una sensibilidad muy precisa y de inclinaci\u00f3n. Utiliza carga r\u00e1pida USB-C y permite una carga completa en 15 minutos y una bater\u00eda de larga duraci\u00f3n de 10 horas. Se conecta magn\u00e9ticamente al iPad. Viene con 4 puntas para una vida \u00fatil 4 veces m\u00e1s larga.<\/span><\/p>\n<p><strong><span>Presupuesto:<\/span><\/strong><\/p>\n<ul>\n<li><span><strong>Marca:<\/strong> Joyroom<\/span><\/li>\n<li><strong>Modelo:<\/strong> JR-X15<\/li>\n<li><span><strong>Color:<\/strong> Blanco<\/span><\/li>\n<li><span><strong>Material:<\/strong> aleaci\u00f3n de aluminio + pl\u00e1stico<\/span><\/li>\n<li><span><strong>Di\u00e1metro:<\/strong> 9mm<\/span><\/li>\n<li><span><strong>Longitud:<\/strong> 166 mm<\/span><\/li>\n<li><span><strong>Tiempo de carga:<\/strong> 15 min Tiempo de funcionamiento: &gt;9 h Corriente de carga: 660 mA<\/span><\/li>\n<li><span><strong>Corriente de funcionamiento:<\/strong> &lt;15 mA (encendido, modo normal)<\/span><\/li>\n<li><span><strong>Tiempo de preparaci\u00f3n:<\/strong> 360 d\u00edas<\/span><\/li>\n<li><span><strong>Compatible con:<\/strong> iPad 2018 o posterior<\/span><\/li>\n<li><strong>Encendido\/apagado:<\/strong> toque el bot\u00f3n en la parte superior<\/li>\n<li><span><strong>Modo de carga:<\/strong> puerto tipo C<\/span><\/li>\n<li><span><strong>Bater\u00eda:<\/strong> bater\u00eda de litio (130mAH 8C), 1 ud.<\/span><\/li>\n<\/ul>\n<\/div>\n<p>&nbsp;<\/p>\n","protected":false},"excerpt":{"rendered":"<p>JR-X15 Joyroom Active Capacitive Stylus Pen con una punta duradera mejorada que te permite escribir suavemente sin saltos y no<\/p>\n","protected":false},"featured_media":58976,"comment_status":"open","ping_status":"closed","template":"","meta":{"nf_dc_page":""},"product_brand":[],"product_cat":[89],"product_tag":[],"class_list":{"0":"post-58975","1":"product","2":"type-product","3":"status-publish","4":"has-post-thumbnail","6":"product_cat-electronicos","8":"first","9":"instock","10":"shipping-taxable","11":"purchasable","12":"product-type-simple"},"_links":{"self":[{"href":"https:\/\/brandss.com.py\/index\/wp-json\/wp\/v2\/product\/58975","targetHints":{"allow":["GET"]}}],"collection":[{"href":"https:\/\/brandss.com.py\/index\/wp-json\/wp\/v2\/product"}],"about":[{"href":"https:\/\/brandss.com.py\/index\/wp-json\/wp\/v2\/types\/product"}],"replies":[{"embeddable":true,"href":"https:\/\/brandss.com.py\/index\/wp-json\/wp\/v2\/comments?post=58975"}],"version-history":[{"count":1,"href":"https:\/\/brandss.com.py\/index\/wp-json\/wp\/v2\/product\/58975\/revisions"}],"predecessor-version":[{"id":58992,"href":"https:\/\/brandss.com.py\/index\/wp-json\/wp\/v2\/product\/58975\/revisions\/58992"}],"wp:featuredmedia":[{"embeddable":true,"href":"https:\/\/brandss.com.py\/index\/wp-json\/wp\/v2\/media\/58976"}],"wp:attachment":[{"href":"https:\/\/brandss.com.py\/index\/wp-json\/wp\/v2\/media?parent=58975"}],"wp:term":[{"taxonomy":"product_brand","embeddable":true,"href":"https:\/\/brandss.com.py\/index\/wp-json\/wp\/v2\/product_brand?post=58975"},{"taxonomy":"product_cat","embeddable":true,"href":"https:\/\/brandss.com.py\/index\/wp-json\/wp\/v2\/product_cat?post=58975"},{"taxonomy":"product_tag","embeddable":true,"href":"https:\/\/brandss.com.py\/index\/wp-json\/wp\/v2\/product_tag?post=58975"}],"curies":[{"name":"wp","href":"https:\/\/api.w.org\/{rel}","templated":true}]}}