{"id":59025,"date":"2024-10-02T14:43:38","date_gmt":"2024-10-02T14:43:38","guid":{"rendered":"https:\/\/brandss.com.py\/index\/?post_type=product&#038;p=59025"},"modified":"2026-02-11T10:16:56","modified_gmt":"2026-02-11T10:16:56","slug":"bolso-tote-mediano-karl-lagerfeld-cuadrado-rue-st-guillaume","status":"publish","type":"product","link":"https:\/\/brandss.com.py\/index\/producto\/bolso-tote-mediano-karl-lagerfeld-cuadrado-rue-st-guillaume\/","title":{"rendered":"BOLSO TOTE MEDIANO FEMENINO KARL LAGERFELD CUADRADO RUE ST-GUILLAUME"},"content":{"rendered":"<p><img loading=\"lazy\" decoding=\"async\" class=\"\" src=\"https:\/\/logos-world.net\/wp-content\/uploads\/2023\/01\/Karl-Lagerfeld-Logo.png\" alt=\"Karl Lagerfeld Logo, symbol, meaning, history, PNG, brand\" width=\"125\" height=\"70\" \/><\/p>\n<h1>RUE ST-GUILLAUME<\/h1>\n<p>Ha llegado tu nuevo bolso de mano favorito. Lleva este bolso cuadrado a la oficina, a un brunch o a un fin de semana elegante.<\/p>\n<p><strong>Caracter\u00edsticas:<\/strong><\/p>\n<ul>\n<li class=\"\"><span>Asas de transporte gemelas reforzadas<\/span><\/li>\n<li class=\"\"><span>Correa bandolera ajustable y desmontable<\/span><\/li>\n<li class=\"\"><span>Obra de arte de la calle St-Guillaume en la parte delantera<\/span><\/li>\n<li class=\"\"><span>Composici\u00f3n:\u00a0<\/span><span>65% Algod\u00f3n Reciclado 35% Algod\u00f3n<\/span><\/li>\n<li class=\"\"><span>Material:\u00a0<\/span><span>Tejido<\/span><\/li>\n<li class=\"\"><span>Hecho en\u00a0<\/span><span>china<\/span><\/li>\n<\/ul>\n<p><strong>Tama\u00f1o y ajuste:<\/strong><\/p>\n<ul>\n<li class=\"hidden-bullet\"><span class=\"font-weight-bold\"><span>Altura:\u00a0<\/span><\/span><span>36 cm<\/span><\/li>\n<li class=\"hidden-bullet\"><span class=\"font-weight-bold\"><span>Longitud:\u00a0<\/span><\/span><span>33 cm<\/span><\/li>\n<li class=\"hidden-bullet\"><span class=\"font-weight-bold\"><span>Ancho:\u00a0<\/span><\/span><span>15 cm<\/span><\/li>\n<li class=\"hidden-bullet\"><span class=\"font-weight-bold\"><span>Peso:\u00a0<\/span><\/span><span>700 gr<\/span><\/li>\n<\/ul>\n<p><strong>Sostenilibilidad:<\/strong><\/p>\n<p><span>El algod\u00f3n reciclado se produce a partir de material de desecho pre y posconsumo o posindustrial. El uso de algod\u00f3n reciclado genera ahorros en materia prima, agua, productos qu\u00edmicos y uso de energ\u00eda y, por lo tanto, es una excelente manera de reducir el impacto ambiental.<\/span><\/p>\n","protected":false},"excerpt":{"rendered":"<p>RUE ST-GUILLAUME Ha llegado tu nuevo bolso de mano favorito. Lleva este bolso cuadrado a la oficina, a un brunch<\/p>\n","protected":false},"featured_media":59026,"comment_status":"open","ping_status":"closed","template":"","meta":{"nf_dc_page":""},"product_brand":[],"product_cat":[74],"product_tag":[],"class_list":{"0":"post-59025","1":"product","2":"type-product","3":"status-publish","4":"has-post-thumbnail","6":"product_cat-accesorios-fem","8":"first","9":"outofstock","10":"shipping-taxable","11":"purchasable","12":"product-type-simple"},"_links":{"self":[{"href":"https:\/\/brandss.com.py\/index\/wp-json\/wp\/v2\/product\/59025","targetHints":{"allow":["GET"]}}],"collection":[{"href":"https:\/\/brandss.com.py\/index\/wp-json\/wp\/v2\/product"}],"about":[{"href":"https:\/\/brandss.com.py\/index\/wp-json\/wp\/v2\/types\/product"}],"replies":[{"embeddable":true,"href":"https:\/\/brandss.com.py\/index\/wp-json\/wp\/v2\/comments?post=59025"}],"version-history":[{"count":2,"href":"https:\/\/brandss.com.py\/index\/wp-json\/wp\/v2\/product\/59025\/revisions"}],"predecessor-version":[{"id":59034,"href":"https:\/\/brandss.com.py\/index\/wp-json\/wp\/v2\/product\/59025\/revisions\/59034"}],"wp:featuredmedia":[{"embeddable":true,"href":"https:\/\/brandss.com.py\/index\/wp-json\/wp\/v2\/media\/59026"}],"wp:attachment":[{"href":"https:\/\/brandss.com.py\/index\/wp-json\/wp\/v2\/media?parent=59025"}],"wp:term":[{"taxonomy":"product_brand","embeddable":true,"href":"https:\/\/brandss.com.py\/index\/wp-json\/wp\/v2\/product_brand?post=59025"},{"taxonomy":"product_cat","embeddable":true,"href":"https:\/\/brandss.com.py\/index\/wp-json\/wp\/v2\/product_cat?post=59025"},{"taxonomy":"product_tag","embeddable":true,"href":"https:\/\/brandss.com.py\/index\/wp-json\/wp\/v2\/product_tag?post=59025"}],"curies":[{"name":"wp","href":"https:\/\/api.w.org\/{rel}","templated":true}]}}