{"id":59035,"date":"2024-10-02T18:05:35","date_gmt":"2024-10-02T18:05:35","guid":{"rendered":"https:\/\/brandss.com.py\/index\/?post_type=product&#038;p=59035"},"modified":"2025-04-04T10:46:59","modified_gmt":"2025-04-04T10:46:59","slug":"camiseta-masculino-lion-of-porches-mangas-cortas","status":"publish","type":"product","link":"https:\/\/brandss.com.py\/index\/producto\/camiseta-masculino-lion-of-porches-mangas-cortas\/","title":{"rendered":"CAMISETA MASCULINO LION OF PORCHES MANGAS CORTAS"},"content":{"rendered":"<p><img loading=\"lazy\" decoding=\"async\" class=\"\" src=\"https:\/\/eu-images.contentstack.com\/v3\/assets\/bltd5e382ddc8c35d01\/bltee549b76fcb8d78f\/660d8882a92a4580a629fbd7\/2ebASdTiZdngbk1cl40GzOxBWhJ.svg\" alt=\"Lion of Porches | Vila do Conde Porto Fashion Outlet | Vila do Conde Porto  Fashion Outlet\" width=\"108\" height=\"108\" \/><\/p>\n<p><strong>Detalles:<\/strong><\/p>\n<p><strong>Marca:<\/strong> Lion Of Porches.<\/p>\n<p><strong>Modelo:<\/strong> PRO2200573.<\/p>\n<p><strong>G\u00e9nero:<\/strong> Masculino.<\/p>\n<p><strong>Color:<\/strong> Burdeos.<\/p>\n<p><strong>Composici\u00f3n:<\/strong> 100% Algod\u00f3n.<\/p>\n","protected":false},"excerpt":{"rendered":"<p>Detalles: Marca: Lion Of Porches. Modelo: PRO2200573. G\u00e9nero: Masculino. Color: Burdeos. Composici\u00f3n: 100% Algod\u00f3n.<\/p>\n","protected":false},"featured_media":59036,"comment_status":"open","ping_status":"closed","template":"","meta":{"nf_dc_page":""},"product_brand":[],"product_cat":[76],"product_tag":[],"class_list":{"0":"post-59035","1":"product","2":"type-product","3":"status-publish","4":"has-post-thumbnail","6":"product_cat-masculino","8":"first","9":"instock","10":"shipping-taxable","11":"purchasable","12":"product-type-simple"},"_links":{"self":[{"href":"https:\/\/brandss.com.py\/index\/wp-json\/wp\/v2\/product\/59035","targetHints":{"allow":["GET"]}}],"collection":[{"href":"https:\/\/brandss.com.py\/index\/wp-json\/wp\/v2\/product"}],"about":[{"href":"https:\/\/brandss.com.py\/index\/wp-json\/wp\/v2\/types\/product"}],"replies":[{"embeddable":true,"href":"https:\/\/brandss.com.py\/index\/wp-json\/wp\/v2\/comments?post=59035"}],"version-history":[{"count":1,"href":"https:\/\/brandss.com.py\/index\/wp-json\/wp\/v2\/product\/59035\/revisions"}],"predecessor-version":[{"id":59042,"href":"https:\/\/brandss.com.py\/index\/wp-json\/wp\/v2\/product\/59035\/revisions\/59042"}],"wp:featuredmedia":[{"embeddable":true,"href":"https:\/\/brandss.com.py\/index\/wp-json\/wp\/v2\/media\/59036"}],"wp:attachment":[{"href":"https:\/\/brandss.com.py\/index\/wp-json\/wp\/v2\/media?parent=59035"}],"wp:term":[{"taxonomy":"product_brand","embeddable":true,"href":"https:\/\/brandss.com.py\/index\/wp-json\/wp\/v2\/product_brand?post=59035"},{"taxonomy":"product_cat","embeddable":true,"href":"https:\/\/brandss.com.py\/index\/wp-json\/wp\/v2\/product_cat?post=59035"},{"taxonomy":"product_tag","embeddable":true,"href":"https:\/\/brandss.com.py\/index\/wp-json\/wp\/v2\/product_tag?post=59035"}],"curies":[{"name":"wp","href":"https:\/\/api.w.org\/{rel}","templated":true}]}}