{"id":59253,"date":"2024-10-09T14:47:58","date_gmt":"2024-10-09T14:47:58","guid":{"rendered":"https:\/\/brandss.com.py\/index\/?post_type=product&#038;p=59253"},"modified":"2025-10-16T19:16:08","modified_gmt":"2025-10-16T19:16:08","slug":"pantalon-unisex-sog-jogger","status":"publish","type":"product","link":"https:\/\/brandss.com.py\/index\/producto\/pantalon-unisex-sog-jogger\/","title":{"rendered":"PANTAL\u00d3N UNISEX SOG JOGGER"},"content":{"rendered":"<p>Este pantal\u00f3n jogger unisex combina estilo y funcionalidad, siendo una prenda perfecta para un look casual y moderno. Est\u00e1 confeccionado en un tejido c\u00f3modo, ideal para el d\u00eda a d\u00eda o actividades deportivas.<\/p>\n<p><strong>Caracter\u00edsticas destacadas:<\/strong><\/p>\n<ul>\n<li><strong>Bolsillos laterales en diagonal<\/strong>: dise\u00f1ados para f\u00e1cil acceso, a\u00f1aden un toque estilizado y pr\u00e1ctico. Las costuras visibles en los bolsillos aportan detalles que enriquecen el dise\u00f1o.<\/li>\n<li><strong>Detalles en las costuras<\/strong>: visibles y cuidadosamente colocados, a\u00f1aden un elemento decorativo que realza el dise\u00f1o, d\u00e1ndole un aspecto m\u00e1s din\u00e1mico y moderno.<\/li>\n<li><strong>Bolsillos traseros<\/strong>: \u00fatiles para llevar peque\u00f1os objetos y completar el dise\u00f1o funcional del pantal\u00f3n.<\/li>\n<li><strong>Pretina el\u00e1stica con goma y cord\u00f3n<\/strong>: proporciona un ajuste personalizado y c\u00f3modo en la cintura, ideal para cualquier tipo de actividad.<\/li>\n<li><strong>Goma en los tobillos<\/strong>: para un ajuste perfecto que da una apariencia ajustada y moderna, adem\u00e1s de mantener el pantal\u00f3n en su lugar durante el movimiento.<\/li>\n<\/ul>\n<p>Este jogger unisex es ideal para quienes buscan comodidad sin sacrificar el estilo, ofreciendo una prenda pr\u00e1ctica y a la vez con un aire de tendencia urbana.<\/p>\n<p><strong>Detalles:<\/strong><\/p>\n<p><strong>Marca:<\/strong> SOG.<\/p>\n<p><strong>Modelo:\u00a0<\/strong> PMA-702.<\/p>\n<p><strong>G\u00e9nero:<\/strong> Unisex.<\/p>\n<p><strong>Color:<\/strong> Negro.<\/p>\n<p><strong>Composici\u00f3n:<\/strong> 59% Algod\u00f3n, 35% Naylon, 6% Spandex.<\/p>\n","protected":false},"excerpt":{"rendered":"<p>Este pantal\u00f3n jogger unisex combina estilo y funcionalidad, siendo una prenda perfecta para un look casual y moderno. Est\u00e1 confeccionado<\/p>\n","protected":false},"featured_media":59254,"comment_status":"open","ping_status":"closed","template":"","meta":{"nf_dc_page":""},"product_brand":[],"product_cat":[73,76],"product_tag":[],"class_list":{"0":"post-59253","1":"product","2":"type-product","3":"status-publish","4":"has-post-thumbnail","6":"product_cat-femenino","7":"product_cat-masculino","9":"first","10":"instock","11":"shipping-taxable","12":"purchasable","13":"product-type-simple"},"_links":{"self":[{"href":"https:\/\/brandss.com.py\/index\/wp-json\/wp\/v2\/product\/59253","targetHints":{"allow":["GET"]}}],"collection":[{"href":"https:\/\/brandss.com.py\/index\/wp-json\/wp\/v2\/product"}],"about":[{"href":"https:\/\/brandss.com.py\/index\/wp-json\/wp\/v2\/types\/product"}],"replies":[{"embeddable":true,"href":"https:\/\/brandss.com.py\/index\/wp-json\/wp\/v2\/comments?post=59253"}],"version-history":[{"count":1,"href":"https:\/\/brandss.com.py\/index\/wp-json\/wp\/v2\/product\/59253\/revisions"}],"predecessor-version":[{"id":59261,"href":"https:\/\/brandss.com.py\/index\/wp-json\/wp\/v2\/product\/59253\/revisions\/59261"}],"wp:featuredmedia":[{"embeddable":true,"href":"https:\/\/brandss.com.py\/index\/wp-json\/wp\/v2\/media\/59254"}],"wp:attachment":[{"href":"https:\/\/brandss.com.py\/index\/wp-json\/wp\/v2\/media?parent=59253"}],"wp:term":[{"taxonomy":"product_brand","embeddable":true,"href":"https:\/\/brandss.com.py\/index\/wp-json\/wp\/v2\/product_brand?post=59253"},{"taxonomy":"product_cat","embeddable":true,"href":"https:\/\/brandss.com.py\/index\/wp-json\/wp\/v2\/product_cat?post=59253"},{"taxonomy":"product_tag","embeddable":true,"href":"https:\/\/brandss.com.py\/index\/wp-json\/wp\/v2\/product_tag?post=59253"}],"curies":[{"name":"wp","href":"https:\/\/api.w.org\/{rel}","templated":true}]}}