{"id":59288,"date":"2024-10-09T19:20:34","date_gmt":"2024-10-09T19:20:34","guid":{"rendered":"https:\/\/brandss.com.py\/index\/?post_type=product&#038;p=59288"},"modified":"2024-10-09T19:21:18","modified_gmt":"2024-10-09T19:21:18","slug":"bolso-bandolera-pequeno-infantil-picocici-k10-kids-trendy-satchel-3","status":"publish","type":"product","link":"https:\/\/brandss.com.py\/index\/producto\/bolso-bandolera-pequeno-infantil-picocici-k10-kids-trendy-satchel-3\/","title":{"rendered":"BOLSO BANDOLERA PEQUE\u00d1O INFANTIL PICOCICI K10 KIDS TRENDY SATCHEL"},"content":{"rendered":"<p><img loading=\"lazy\" decoding=\"async\" class=\"\" src=\"https:\/\/460estore.com\/img\/m\/305.jpg\" alt=\"Picocici K16 Kids Fashion Backpack - Yellow\" width=\"88\" height=\"99\" \/><\/p>\n<h1>K10 KIDS TRENDY SATCHEL.<\/h1>\n<p><span>Bolso bandolera peque\u00f1o Picocici K10 Kids Trendy, un bolso bandolera perfecto para ni\u00f1os, fabricado con material EVA ecol\u00f3gico de alta calidad que es impermeable, resistente a la contaminaci\u00f3n y f\u00e1cil de limpiar. Viene con un dise\u00f1o vers\u00e1til y seis lindas hebillas de dibujos animados. C\u00f3modo y de alta calidad, es un regalo ideal para ni\u00f1os.<\/span><\/p>\n<h2><span>Caracter\u00edsticas:<\/span><\/h2>\n<ul>\n<li><span>Fabricada con material EVA ecol\u00f3gico de alta calidad, esta bolsa no solo es elegante sino tambi\u00e9n funcional. Est\u00e1 dise\u00f1ada para ser impermeable, resistente a la contaminaci\u00f3n, resistente al polvo y f\u00e1cil de limpiar, lo que la hace perfecta para viajes y aventuras de verano para ni\u00f1os.<\/span><\/li>\n<li><span>La correa ajustable facilita que los ni\u00f1os la usen al aire libre, adem\u00e1s del asa. Este dise\u00f1o vers\u00e1til la hace perfecta para cualquier ocasi\u00f3n.<\/span><\/li>\n<li><span>El bolso est\u00e1 fabricado con material resistente a la suciedad que facilita el proceso de limpieza. No tienes que preocuparte por manchas o suciedad que puedan estropear la apariencia del bolso.<\/span><\/li>\n<li><span>Este bolso viene con seis hebillas decorativas de dibujos animados que pueden satisfacer las ideas creativas de los ni\u00f1os. Los ni\u00f1os pueden armar libremente las lindas hebillas, estimulando su creatividad \u00fanica.<\/span><\/li>\n<li><span>El bolso est\u00e1 fabricado con materiales de alta calidad, lo que lo hace c\u00f3modo y duradero. Tiene un tacto suave y delicado. La correa de hombro de nailon y el cierre de cremallera f\u00e1cil son muy c\u00f3modos para que el ni\u00f1o los abra y los cierre.<\/span><\/li>\n<li><span>Esta bolsa para cad\u00e1veres es perfecta para ni\u00f1os de 2 a 6 a\u00f1os y ni\u00f1as adolescentes.<\/span><\/li>\n<li><span>La mochila infantil est\u00e1 disponible en tres colores diferentes: rosa, amarillo y rojo. Pesa 250 gramos y tiene una correa para el hombro ajustable de 33 a 60 cm.<\/span><\/li>\n<\/ul>\n<p><strong>Detalles:<\/strong><\/p>\n<p><strong>Marca:<\/strong> Picocici.<\/p>\n<p><strong>Modelo:<\/strong> K10.<\/p>\n<p><strong>G\u00e9nero:<\/strong> Unisex.<\/p>\n<p><strong>Color:<\/strong> Amarillo.<\/p>\n<p><strong>Composici\u00f3n:<\/strong> EVA + PVC.<\/p>\n","protected":false},"excerpt":{"rendered":"<p>K10 KIDS TRENDY SATCHEL. Bolso bandolera peque\u00f1o Picocici K10 Kids Trendy, un bolso bandolera perfecto para ni\u00f1os, fabricado con material<\/p>\n","protected":false},"featured_media":59289,"comment_status":"open","ping_status":"closed","template":"","meta":{"nf_dc_page":""},"product_brand":[],"product_cat":[75],"product_tag":[],"class_list":{"0":"post-59288","1":"product","2":"type-product","3":"status-publish","4":"has-post-thumbnail","6":"product_cat-infantil","8":"first","9":"instock","10":"shipping-taxable","11":"purchasable","12":"product-type-simple"},"_links":{"self":[{"href":"https:\/\/brandss.com.py\/index\/wp-json\/wp\/v2\/product\/59288","targetHints":{"allow":["GET"]}}],"collection":[{"href":"https:\/\/brandss.com.py\/index\/wp-json\/wp\/v2\/product"}],"about":[{"href":"https:\/\/brandss.com.py\/index\/wp-json\/wp\/v2\/types\/product"}],"replies":[{"embeddable":true,"href":"https:\/\/brandss.com.py\/index\/wp-json\/wp\/v2\/comments?post=59288"}],"version-history":[{"count":1,"href":"https:\/\/brandss.com.py\/index\/wp-json\/wp\/v2\/product\/59288\/revisions"}],"predecessor-version":[{"id":59296,"href":"https:\/\/brandss.com.py\/index\/wp-json\/wp\/v2\/product\/59288\/revisions\/59296"}],"wp:featuredmedia":[{"embeddable":true,"href":"https:\/\/brandss.com.py\/index\/wp-json\/wp\/v2\/media\/59289"}],"wp:attachment":[{"href":"https:\/\/brandss.com.py\/index\/wp-json\/wp\/v2\/media?parent=59288"}],"wp:term":[{"taxonomy":"product_brand","embeddable":true,"href":"https:\/\/brandss.com.py\/index\/wp-json\/wp\/v2\/product_brand?post=59288"},{"taxonomy":"product_cat","embeddable":true,"href":"https:\/\/brandss.com.py\/index\/wp-json\/wp\/v2\/product_cat?post=59288"},{"taxonomy":"product_tag","embeddable":true,"href":"https:\/\/brandss.com.py\/index\/wp-json\/wp\/v2\/product_tag?post=59288"}],"curies":[{"name":"wp","href":"https:\/\/api.w.org\/{rel}","templated":true}]}}