{"id":59297,"date":"2024-10-10T11:17:53","date_gmt":"2024-10-10T11:17:53","guid":{"rendered":"https:\/\/brandss.com.py\/index\/?post_type=product&#038;p=59297"},"modified":"2024-10-10T11:18:35","modified_gmt":"2024-10-10T11:18:35","slug":"bolso-bandolera-pequeno-infantil-picocici-k54-kids-handbag","status":"publish","type":"product","link":"https:\/\/brandss.com.py\/index\/producto\/bolso-bandolera-pequeno-infantil-picocici-k54-kids-handbag\/","title":{"rendered":"BOLSO BANDOLERA PEQUE\u00d1O INFANTIL PICOCICI K54 KIDS HANDBAG"},"content":{"rendered":"<p><img loading=\"lazy\" decoding=\"async\" class=\"\" src=\"https:\/\/460estore.com\/img\/m\/305.jpg\" alt=\"Picocici K33 Kids Travel Backpack - Yellow\" width=\"98\" height=\"110\" \/><\/p>\n<h1>K54 KIDS HANDBAG<\/h1>\n<p><span>Hoy en d\u00eda, los bolsos elegantes para usar todos los fines, como viajes, compras, escuela, guarder\u00eda, fiesta, etc., se han puesto muy de moda e incluso entre los ni\u00f1os vemos que se utilizan en diferentes estilos. Los bolsos elegantes fabricados por la empresa Picocici tienen dise\u00f1os lindos y divertidos y sus colores son alegres y atractivos. Su hijo puede tener un estilo nuevo y elegante con la ayuda de un bolso peque\u00f1o y elegante. El modelo K54 es un bolso de viaje liviano para ni\u00f1os con un asa de mano y una correa para el hombro para transportar f\u00e1cilmente botellas de agua, juguetes, refrigerios, toallas de papel y otros. elementos esenciales de viaje.<\/span><\/p>\n<h3><span>Dise\u00f1o y fabricaci\u00f3n<\/span><\/h3>\n<p><span>El material K54 es una combinaci\u00f3n de silicona, EVA y PVC. El etileno acetato de vinilo o EVA es un copol\u00edmero hecho de etileno y acetato de vinilo y se utiliza en revestimientos y laminados industriales. EVA puede ser el mejor material para usar en accesorios infantiles debido a su alta flexibilidad y suavidad, bajo peso, inodoro y ausencia de riesgos qu\u00edmicos. Es f\u00e1cil de limpiar y elimina f\u00e1cilmente las manchas de la superficie con solo una toallita h\u00fameda, lo que facilita la tarea a las madres. Este bolso en varios colores con dise\u00f1o creativo est\u00e1 fabricado con materiales reciclables e impermeables. Las dimensiones de este bolso compacto son 16,8 x 8,4 x 15,2 cm y su peso es de s\u00f3lo 220 gramos. Si quieres que tu hijo sea especial durante la menstruaci\u00f3n; Para elegir un bolso que se adapte a su estilo, debes prestar mucha atenci\u00f3n al estilo y a los colores para que luzca diferente.<\/span><\/p>\n<h3><span>Dise\u00f1o creativo\u00a0<\/span><\/h3>\n<p><span>Este bolso est\u00e1 dise\u00f1ado ergon\u00f3micamente para que tu hijo pueda sujetarlo con la mano o echarlo al hombro para que no se canse si lo lleva mucho tiempo. El dise\u00f1o del K54 con algunas pegatinas de animales y arco\u00edris lo hace elegante y hermoso. El t\u00e9rmino DIY significa &#8220;H\u00e1galo usted mismo&#8221; y se utiliza para estas decoraciones \u00fanicas para que su hijo pueda ser creativo y divertirse con ellas. Este producto es un gran regalo adecuado para la escuela, viajes y caminatas para ni\u00f1os de 3 a 8 a\u00f1os.<\/span><\/p>\n<p><strong>Detalles:<\/strong><\/p>\n<p><strong>Marca:<\/strong> Picocici.<\/p>\n<p><strong>Modelo:<\/strong> K54.<\/p>\n<p><strong>G\u00e9nero:<\/strong> Unisex.<\/p>\n<p><strong>Color:<\/strong> Azul.<\/p>\n<p><strong>Composici\u00f3n:<\/strong> EVA + PVC.<\/p>\n","protected":false},"excerpt":{"rendered":"<p>K54 KIDS HANDBAG Hoy en d\u00eda, los bolsos elegantes para usar todos los fines, como viajes, compras, escuela, guarder\u00eda, fiesta,<\/p>\n","protected":false},"featured_media":59298,"comment_status":"open","ping_status":"closed","template":"","meta":{"nf_dc_page":""},"product_brand":[],"product_cat":[75],"product_tag":[],"class_list":{"0":"post-59297","1":"product","2":"type-product","3":"status-publish","4":"has-post-thumbnail","6":"product_cat-infantil","8":"first","9":"instock","10":"shipping-taxable","11":"purchasable","12":"product-type-simple"},"_links":{"self":[{"href":"https:\/\/brandss.com.py\/index\/wp-json\/wp\/v2\/product\/59297","targetHints":{"allow":["GET"]}}],"collection":[{"href":"https:\/\/brandss.com.py\/index\/wp-json\/wp\/v2\/product"}],"about":[{"href":"https:\/\/brandss.com.py\/index\/wp-json\/wp\/v2\/types\/product"}],"replies":[{"embeddable":true,"href":"https:\/\/brandss.com.py\/index\/wp-json\/wp\/v2\/comments?post=59297"}],"version-history":[{"count":1,"href":"https:\/\/brandss.com.py\/index\/wp-json\/wp\/v2\/product\/59297\/revisions"}],"predecessor-version":[{"id":59303,"href":"https:\/\/brandss.com.py\/index\/wp-json\/wp\/v2\/product\/59297\/revisions\/59303"}],"wp:featuredmedia":[{"embeddable":true,"href":"https:\/\/brandss.com.py\/index\/wp-json\/wp\/v2\/media\/59298"}],"wp:attachment":[{"href":"https:\/\/brandss.com.py\/index\/wp-json\/wp\/v2\/media?parent=59297"}],"wp:term":[{"taxonomy":"product_brand","embeddable":true,"href":"https:\/\/brandss.com.py\/index\/wp-json\/wp\/v2\/product_brand?post=59297"},{"taxonomy":"product_cat","embeddable":true,"href":"https:\/\/brandss.com.py\/index\/wp-json\/wp\/v2\/product_cat?post=59297"},{"taxonomy":"product_tag","embeddable":true,"href":"https:\/\/brandss.com.py\/index\/wp-json\/wp\/v2\/product_tag?post=59297"}],"curies":[{"name":"wp","href":"https:\/\/api.w.org\/{rel}","templated":true}]}}