{"id":59399,"date":"2024-10-12T13:05:11","date_gmt":"2024-10-12T13:05:11","guid":{"rendered":"https:\/\/brandss.com.py\/index\/?post_type=product&#038;p=59399"},"modified":"2025-12-10T18:09:49","modified_gmt":"2025-12-10T18:09:49","slug":"perfume-womensecret-set-rouge-seduction-perfume-edp-100ml-body-lotion-200ml","status":"publish","type":"product","link":"https:\/\/brandss.com.py\/index\/producto\/perfume-womensecret-set-rouge-seduction-perfume-edp-100ml-body-lotion-200ml\/","title":{"rendered":"PERFUME FEMENINO WOMEN&#8217;SECRET SET ROUGE SEDUCTION EDP 100ML + BODY LOTION 200ML"},"content":{"rendered":"<p><img loading=\"lazy\" decoding=\"async\" class=\"\" src=\"https:\/\/www.elingenio.es\/wp-content\/uploads\/2019\/02\/womens-ok.png\" alt=\"Women'secret - El Ingenio\" width=\"190\" height=\"74\" \/><\/p>\n<h1>ROUGE SEDUCTION<\/h1>\n<div class=\"trix-content\">\n<div>Sum\u00e9rgete en la feminidad y el encanto con el perfume Women\u2019Secret. Esta delicada fragancia es una celebraci\u00f3n de la elegancia y la sensualidad, cautivando los sentidos con una mezcla armoniosa de notas florales y frutales. Desde sus notas superiores que evocan frescura y vitalidad hasta su coraz\u00f3n rom\u00e1ntico y su base c\u00e1lida y envolvente, cada elemento de esta fragancia est\u00e1 meticulosamente elaborado para ofrecer una experiencia olfativa \u00fanica. Con su estela duradera y su car\u00e1cter distintivo, Women\u2019Secret es m\u00e1s que una simple fragancia; es una declaraci\u00f3n de estilo y feminidad que deja una impresi\u00f3n imborrable en cada ocasi\u00f3n.<\/div>\n<div>\n<p><strong><span class=\"a-list-item\">Perfecta para ti: <\/span><\/strong><\/p>\n<p><span class=\"a-list-item\">Un perfume para una mujer fuerte e independiente que sabe lo que quiere y sigue su instinto, para ella no hay nada imposible, es imparable.<\/span><\/p>\n<p><strong><span class=\"a-list-item\">Identidad propia: <\/span><\/strong><\/p>\n<p><span class=\"a-list-item\">Una fragancia poderosa que despertar\u00e1 tu lado m\u00e1s sensual y con la que te sentir\u00e1s capaz de todo. Un perfume de mujer que encuentra su inspiraci\u00f3n en las personalidades libres, independientes, inquietas, provocadoras y audaces, por lo que evoca un car\u00e1cter efervescente preparado para todo.<\/span><\/p>\n<p><strong><span class=\"a-list-item\">Beneficios: <\/span><\/strong><\/p>\n<p><span class=\"a-list-item\">Un aroma adictivo que logra evocar las mejores cualidades de cada personalidad a trav\u00e9s de sus notas sofisticadas y seductoras que elevar\u00e1n la autoestima y confianza en ti misma. Una perfume perfecto para mujeres fuertes que quieren sentirse guapas y sexys.<\/span><\/p>\n<\/div>\n<\/div>\n<p>&nbsp;<\/p>\n<h3 class=\"mb-3 sc-description\">Notas Olfativas:<\/h3>\n<p><strong>Familia Olfativa:<\/strong> chipre afrutada.<\/p>\n<div class=\"trix-content\">\n<div><strong>&#8211; G\u00e9nero:<\/strong>\u00a0Femenino.<\/div>\n<div><strong>&#8211; Notas Principales:<\/strong>\u00a0Pera, grosella negra y bergamota.<\/div>\n<div><strong>&#8211; Notas de Coraz\u00f3n:<\/strong>\u00a0Peon\u00eda, jazm\u00edn y lirio de los valles.<\/div>\n<div><strong>&#8211; Notas de base:<\/strong>\u00a0Caramelo, pachul\u00ed, vainilla y almizcle.<\/div>\n<\/div>\n","protected":false},"excerpt":{"rendered":"<p>ROUGE SEDUCTION Sum\u00e9rgete en la feminidad y el encanto con el perfume Women\u2019Secret. Esta delicada fragancia es una celebraci\u00f3n de<\/p>\n","protected":false},"featured_media":59400,"comment_status":"open","ping_status":"closed","template":"","meta":{"nf_dc_page":""},"product_brand":[1783],"product_cat":[84],"product_tag":[1785],"class_list":{"0":"post-59399","1":"product","2":"type-product","3":"status-publish","4":"has-post-thumbnail","6":"product_brand-womensecret","7":"product_cat-perfumeria","8":"product_tag-1785","10":"first","11":"instock","12":"shipping-taxable","13":"purchasable","14":"product-type-simple"},"_links":{"self":[{"href":"https:\/\/brandss.com.py\/index\/wp-json\/wp\/v2\/product\/59399","targetHints":{"allow":["GET"]}}],"collection":[{"href":"https:\/\/brandss.com.py\/index\/wp-json\/wp\/v2\/product"}],"about":[{"href":"https:\/\/brandss.com.py\/index\/wp-json\/wp\/v2\/types\/product"}],"replies":[{"embeddable":true,"href":"https:\/\/brandss.com.py\/index\/wp-json\/wp\/v2\/comments?post=59399"}],"version-history":[{"count":2,"href":"https:\/\/brandss.com.py\/index\/wp-json\/wp\/v2\/product\/59399\/revisions"}],"predecessor-version":[{"id":59464,"href":"https:\/\/brandss.com.py\/index\/wp-json\/wp\/v2\/product\/59399\/revisions\/59464"}],"wp:featuredmedia":[{"embeddable":true,"href":"https:\/\/brandss.com.py\/index\/wp-json\/wp\/v2\/media\/59400"}],"wp:attachment":[{"href":"https:\/\/brandss.com.py\/index\/wp-json\/wp\/v2\/media?parent=59399"}],"wp:term":[{"taxonomy":"product_brand","embeddable":true,"href":"https:\/\/brandss.com.py\/index\/wp-json\/wp\/v2\/product_brand?post=59399"},{"taxonomy":"product_cat","embeddable":true,"href":"https:\/\/brandss.com.py\/index\/wp-json\/wp\/v2\/product_cat?post=59399"},{"taxonomy":"product_tag","embeddable":true,"href":"https:\/\/brandss.com.py\/index\/wp-json\/wp\/v2\/product_tag?post=59399"}],"curies":[{"name":"wp","href":"https:\/\/api.w.org\/{rel}","templated":true}]}}