{"id":59407,"date":"2024-10-12T14:01:08","date_gmt":"2024-10-12T14:01:08","guid":{"rendered":"https:\/\/brandss.com.py\/index\/?post_type=product&#038;p=59407"},"modified":"2025-12-10T18:11:17","modified_gmt":"2025-12-10T18:11:17","slug":"perfume-alejandro-sanz-set-mi-acorde-eres-tu-edt-100ml-after-shave-100ml","status":"publish","type":"product","link":"https:\/\/brandss.com.py\/index\/producto\/perfume-alejandro-sanz-set-mi-acorde-eres-tu-edt-100ml-after-shave-100ml\/","title":{"rendered":"PERFUME MASCULINO ALEJANDRO SANZ SET MI ACORDE ERES T\u00da EDT 100ML + AFTER SHAVE 100ML"},"content":{"rendered":"<p><img loading=\"lazy\" decoding=\"async\" class=\"\" src=\"https:\/\/www.lasfragancias.com\/arquivos\/alejandro-sanz.png\" alt=\"ALEJANDRO SANZ\" width=\"186\" height=\"56\" \/><\/p>\n<h1>MI ACORDE ERES T\u00da<\/h1>\n<div class=\"trix-content\">\n<div>Este perfume de Alejandro Sanz es una interpretaci\u00f3n \u00fanica y sofisticada de la personalidad y el estilo distintivo del cantante. Con una mezcla envolvente de notas c\u00e1lidas, especiadas y amaderadas, esta fragancia seduce los sentidos con su profundidad y su car\u00e1cter distintivo. La esencia distintiva de Alejandro Sanz se manifiesta en una composici\u00f3n olfativa que evoca la sensibilidad y la intensidad emocional de sus letras, dejando una estela inolvidable y envolvente que refleja la autenticidad y la pasi\u00f3n del artista.<\/div>\n<\/div>\n<p><strong><span class=\"a-list-item\">Beneficios: <\/span><\/strong><\/p>\n<p><span class=\"a-list-item\">Un perfume masculino y seductor creado para que te acompa\u00f1e en los diferentes momentos del d\u00eda. Una fragancia con identidad propia, que te envolver\u00e1 de sofisticaci\u00f3n y estilo.<\/span><\/p>\n<p><strong><span class=\"a-list-item\">Estuche \u00fanico: <\/span><\/strong><\/p>\n<p><span class=\"a-list-item\">Incluye un perfume para hombre de 100ml y un after shave de 100ml. Los art\u00edculos de este set tienen una fragancia seductora, masculina y cosmopolita. Una fragancia amaderada y arom\u00e1tica de salvia, en combinaci\u00f3n con acordes de mandarina. Un coraz\u00f3n de pachuli y lirio de agua se alza sobre un c\u00e1lido fondo de maderas e irresistibles notas gourmand de haba tonka.<\/span><\/p>\n<p><strong><span class=\"a-list-item\">Perfecto para ti: <\/span><\/strong><\/p>\n<p><span class=\"a-list-item\">Un s\u00edmbolo de la masculinidad refinada. Un perfume seductor y cosmopolita, con un aroma irresistiblemente atractivo y seductor, para el hombre que se destaca en la multitud.<\/span><\/p>\n<p><strong><span class=\"a-list-item\">Identidad propia: <\/span><\/strong><\/p>\n<p><span class=\"a-list-item\">El amor es un sentimiento tan universal que puedes hablar de \u00e9l en cualquier momento, est\u00e9s o no enamorado. Mi acorde eres t\u00fa, habla de la pasi\u00f3n de encontrar a nuestra persona \u00fanica y sobre las historias de verdad que dan sentido a nuestra vida. Una fragancia m\u00e1s \u00edntima y personal que descubre los secretos m\u00e1s profundos del cantante.<\/span><\/p>\n<h3 class=\"mb-3 sc-description\">Notas Olfativas:<\/h3>\n<div class=\"trix-content\">\n<div>F<strong>amilia olfativa:<\/strong> Amaderada Marina.<\/div>\n<div><strong>&#8211; G\u00e9nero:<\/strong>\u00a0Masculino.<\/div>\n<div><strong>&#8211; Notas de salidal: <\/strong>Salvia, mandarina y notas acuosas.<\/div>\n<div><strong>&#8211; Notas de coraz\u00f3n:\u00a0<\/strong>Pachul\u00ed y lirio de agua.<\/div>\n<div><strong>&#8211; Notas de base:<\/strong>\u00a0S\u00e1ndalo, cedro y haba tonka.<\/div>\n<\/div>\n","protected":false},"excerpt":{"rendered":"<p>MI ACORDE ERES T\u00da Este perfume de Alejandro Sanz es una interpretaci\u00f3n \u00fanica y sofisticada de la personalidad y el<\/p>\n","protected":false},"featured_media":59408,"comment_status":"open","ping_status":"closed","template":"","meta":{"nf_dc_page":""},"product_brand":[1786],"product_cat":[84],"product_tag":[1787],"class_list":{"0":"post-59407","1":"product","2":"type-product","3":"status-publish","4":"has-post-thumbnail","6":"product_brand-alejandro-sanz","7":"product_cat-perfumeria","8":"product_tag-1787","10":"first","11":"instock","12":"shipping-taxable","13":"purchasable","14":"product-type-simple"},"_links":{"self":[{"href":"https:\/\/brandss.com.py\/index\/wp-json\/wp\/v2\/product\/59407","targetHints":{"allow":["GET"]}}],"collection":[{"href":"https:\/\/brandss.com.py\/index\/wp-json\/wp\/v2\/product"}],"about":[{"href":"https:\/\/brandss.com.py\/index\/wp-json\/wp\/v2\/types\/product"}],"replies":[{"embeddable":true,"href":"https:\/\/brandss.com.py\/index\/wp-json\/wp\/v2\/comments?post=59407"}],"version-history":[{"count":2,"href":"https:\/\/brandss.com.py\/index\/wp-json\/wp\/v2\/product\/59407\/revisions"}],"predecessor-version":[{"id":59463,"href":"https:\/\/brandss.com.py\/index\/wp-json\/wp\/v2\/product\/59407\/revisions\/59463"}],"wp:featuredmedia":[{"embeddable":true,"href":"https:\/\/brandss.com.py\/index\/wp-json\/wp\/v2\/media\/59408"}],"wp:attachment":[{"href":"https:\/\/brandss.com.py\/index\/wp-json\/wp\/v2\/media?parent=59407"}],"wp:term":[{"taxonomy":"product_brand","embeddable":true,"href":"https:\/\/brandss.com.py\/index\/wp-json\/wp\/v2\/product_brand?post=59407"},{"taxonomy":"product_cat","embeddable":true,"href":"https:\/\/brandss.com.py\/index\/wp-json\/wp\/v2\/product_cat?post=59407"},{"taxonomy":"product_tag","embeddable":true,"href":"https:\/\/brandss.com.py\/index\/wp-json\/wp\/v2\/product_tag?post=59407"}],"curies":[{"name":"wp","href":"https:\/\/api.w.org\/{rel}","templated":true}]}}