{"id":59413,"date":"2024-10-12T14:50:43","date_gmt":"2024-10-12T14:50:43","guid":{"rendered":"https:\/\/brandss.com.py\/index\/?post_type=product&#038;p=59413"},"modified":"2025-12-10T18:11:40","modified_gmt":"2025-12-10T18:11:40","slug":"perfume-alejandro-sanz-mi-acorde-eres-tu-edt-femenino-80ml","status":"publish","type":"product","link":"https:\/\/brandss.com.py\/index\/producto\/perfume-alejandro-sanz-mi-acorde-eres-tu-edt-femenino-80ml\/","title":{"rendered":"PERFUME FEMENINO ALEJANDRO SANZ MI ACORDE ERES T\u00da EDT 80ML"},"content":{"rendered":"<p><img loading=\"lazy\" decoding=\"async\" class=\"\" src=\"https:\/\/www.lasfragancias.com\/arquivos\/alejandro-sanz.png\" alt=\"ALEJANDRO SANZ\" width=\"163\" height=\"49\" \/><\/p>\n<h1>MI ACORDE ERES T\u00da<\/h1>\n<p>Un perfume femenino y sensual creado para que te acompa\u00f1e en los diferentes momentos del d\u00eda. Una fragancia con identidad propia, que te envolver\u00e1 de sofisticaci\u00f3n y estilo.<\/p>\n<p><strong><span class=\"a-list-item\">Perfecto para ti: <\/span><\/strong><\/p>\n<p><span class=\"a-list-item\">Un perfume elegante y sofisticado, con un aroma vibrante, para una mujer que luce una elegancia natural. Una mezcla de belleza y felicidad, que resalta las facetas m\u00e1s hermosas de la feminidad.<\/span><\/p>\n<p><strong><span class=\"a-list-item\">\u00cdntima y personal: <\/span><\/strong><\/p>\n<p><span class=\"a-list-item\">El amor es un sentimiento tan universal que puedes hablar de \u00e9l en cualquier momento, est\u00e9s o no enamorado. Mi acorde eres t\u00fa, habla de la pasi\u00f3n de encontrar a nuestra persona \u00fanica y sobre las historias de verdad que dan sentido a nuestra vida. Una fragancia m\u00e1s \u00edntima y personal que descubre los secretos m\u00e1s profundos del cantante.<\/span><\/p>\n<h3>Notas Olfativas:<\/h3>\n<p>El perfume Mi Acorde Eres T\u00fa de Alejandro Sanz es una fragancia de la familia olfativa floral frutal gourmand para mujeres.<\/p>\n<ul>\n<li><strong>Notas de salida:<\/strong>\u00a0Durazno (melocot\u00f3n), frambuesa y fresia<\/li>\n<li><strong>Notas de coraz\u00f3n:<\/strong>\u00a0Jazm\u00edn y violeta<\/li>\n<li><strong>Notas de fondo:<\/strong>\u00a0Pralin\u00e9, \u00e1mbar y coco<\/li>\n<\/ul>\n","protected":false},"excerpt":{"rendered":"<p>MI ACORDE ERES T\u00da Un perfume femenino y sensual creado para que te acompa\u00f1e en los diferentes momentos del d\u00eda.<\/p>\n","protected":false},"featured_media":59414,"comment_status":"open","ping_status":"closed","template":"","meta":{"nf_dc_page":""},"product_brand":[1786],"product_cat":[84],"product_tag":[1788],"class_list":{"0":"post-59413","1":"product","2":"type-product","3":"status-publish","4":"has-post-thumbnail","6":"product_brand-alejandro-sanz","7":"product_cat-perfumeria","8":"product_tag-1788","10":"first","11":"instock","12":"shipping-taxable","13":"purchasable","14":"product-type-simple"},"_links":{"self":[{"href":"https:\/\/brandss.com.py\/index\/wp-json\/wp\/v2\/product\/59413","targetHints":{"allow":["GET"]}}],"collection":[{"href":"https:\/\/brandss.com.py\/index\/wp-json\/wp\/v2\/product"}],"about":[{"href":"https:\/\/brandss.com.py\/index\/wp-json\/wp\/v2\/types\/product"}],"replies":[{"embeddable":true,"href":"https:\/\/brandss.com.py\/index\/wp-json\/wp\/v2\/comments?post=59413"}],"version-history":[{"count":2,"href":"https:\/\/brandss.com.py\/index\/wp-json\/wp\/v2\/product\/59413\/revisions"}],"predecessor-version":[{"id":59462,"href":"https:\/\/brandss.com.py\/index\/wp-json\/wp\/v2\/product\/59413\/revisions\/59462"}],"wp:featuredmedia":[{"embeddable":true,"href":"https:\/\/brandss.com.py\/index\/wp-json\/wp\/v2\/media\/59414"}],"wp:attachment":[{"href":"https:\/\/brandss.com.py\/index\/wp-json\/wp\/v2\/media?parent=59413"}],"wp:term":[{"taxonomy":"product_brand","embeddable":true,"href":"https:\/\/brandss.com.py\/index\/wp-json\/wp\/v2\/product_brand?post=59413"},{"taxonomy":"product_cat","embeddable":true,"href":"https:\/\/brandss.com.py\/index\/wp-json\/wp\/v2\/product_cat?post=59413"},{"taxonomy":"product_tag","embeddable":true,"href":"https:\/\/brandss.com.py\/index\/wp-json\/wp\/v2\/product_tag?post=59413"}],"curies":[{"name":"wp","href":"https:\/\/api.w.org\/{rel}","templated":true}]}}