{"id":59420,"date":"2024-10-12T17:01:36","date_gmt":"2024-10-12T17:01:36","guid":{"rendered":"https:\/\/brandss.com.py\/index\/?post_type=product&#038;p=59420"},"modified":"2025-12-10T18:12:00","modified_gmt":"2025-12-10T18:12:00","slug":"perfume-alejandro-sanz-mi-acorde-eres-tu-edt-masculino-100ml","status":"publish","type":"product","link":"https:\/\/brandss.com.py\/index\/producto\/perfume-alejandro-sanz-mi-acorde-eres-tu-edt-masculino-100ml\/","title":{"rendered":"PERFUME MASCULINO ALEJANDRO SANZ MI ACORDE ERES T\u00da EDT 100ML"},"content":{"rendered":"<p><img loading=\"lazy\" decoding=\"async\" class=\"\" src=\"https:\/\/www.lasfragancias.com\/arquivos\/alejandro-sanz.png\" alt=\"ALEJANDRO SANZ\" width=\"140\" height=\"42\" \/><\/p>\n<h1>MI ACORDE ERES T\u00da<\/h1>\n<p>El amor es un sentimiento tan universal que puedes hablar sobre \u00e9l en cualquier momento, est\u00e9s o no enamorado&#8230; MI ACORDE ERES T\u00da, habla de la pasi\u00f3n, de encontrar a esa persona que es \u00fanica. Un territorio mas \u00edntimo y personal que nos descubre los secretos mas \u00edntimos del cantante. Las historias de verdad son las que dan sentido a nuestra vida. Para un hombre SEDUCTOR, MASCULINO y COSMOPOLITA.<br \/>\nUna fragancia amaderada y arom\u00e1tica de salvia, en combinaci\u00f3n con acordes de mandarina. Un coraz\u00f3n de pachuli y lirio de agua se alza sobre un c\u00e1lido fondo de maderas e irresistibles notas gourmand de haba Tonka. Un perfume masculino y seductor creado para que te acompa\u00f1e en los diferentes momentos del d\u00eda. Una fragancia con identidad propia, que te envolver\u00e1 de sofisticaci\u00f3n y estilo. Un s\u00edmbolo de la masculinidad refinada. Un perfume seductor y cosmopolita, con un aroma irresistiblemente atractivo y seductor, para el hombre que se destaca en la multitud.<\/p>\n<h3><strong>Notas Olfativas:<\/strong><\/h3>\n<p>El perfume Mi Acorde Eres T\u00fa de Alejandro Sanz es una fragancia de la familia olfativa arom\u00e1tica foug\u00e8re para hombres.<\/p>\n<ul>\n<li><strong>Notas de salida:<\/strong>\u00a0Salvia, mandarina y notas acuosas<\/li>\n<li><strong>Notas de coraz\u00f3n:<\/strong>\u00a0Pachul\u00ed y lirio de agua<\/li>\n<li><strong>Notas de fondo:<\/strong>\u00a0S\u00e1ndalo, cedro y haba tonka<\/li>\n<\/ul>\n","protected":false},"excerpt":{"rendered":"<p>MI ACORDE ERES T\u00da El amor es un sentimiento tan universal que puedes hablar sobre \u00e9l en cualquier momento, est\u00e9s<\/p>\n","protected":false},"featured_media":59421,"comment_status":"open","ping_status":"closed","template":"","meta":{"nf_dc_page":""},"product_brand":[1786],"product_cat":[84],"product_tag":[1789],"class_list":{"0":"post-59420","1":"product","2":"type-product","3":"status-publish","4":"has-post-thumbnail","6":"product_brand-alejandro-sanz","7":"product_cat-perfumeria","8":"product_tag-1789","10":"first","11":"instock","12":"shipping-taxable","13":"purchasable","14":"product-type-simple"},"_links":{"self":[{"href":"https:\/\/brandss.com.py\/index\/wp-json\/wp\/v2\/product\/59420","targetHints":{"allow":["GET"]}}],"collection":[{"href":"https:\/\/brandss.com.py\/index\/wp-json\/wp\/v2\/product"}],"about":[{"href":"https:\/\/brandss.com.py\/index\/wp-json\/wp\/v2\/types\/product"}],"replies":[{"embeddable":true,"href":"https:\/\/brandss.com.py\/index\/wp-json\/wp\/v2\/comments?post=59420"}],"version-history":[{"count":2,"href":"https:\/\/brandss.com.py\/index\/wp-json\/wp\/v2\/product\/59420\/revisions"}],"predecessor-version":[{"id":59461,"href":"https:\/\/brandss.com.py\/index\/wp-json\/wp\/v2\/product\/59420\/revisions\/59461"}],"wp:featuredmedia":[{"embeddable":true,"href":"https:\/\/brandss.com.py\/index\/wp-json\/wp\/v2\/media\/59421"}],"wp:attachment":[{"href":"https:\/\/brandss.com.py\/index\/wp-json\/wp\/v2\/media?parent=59420"}],"wp:term":[{"taxonomy":"product_brand","embeddable":true,"href":"https:\/\/brandss.com.py\/index\/wp-json\/wp\/v2\/product_brand?post=59420"},{"taxonomy":"product_cat","embeddable":true,"href":"https:\/\/brandss.com.py\/index\/wp-json\/wp\/v2\/product_cat?post=59420"},{"taxonomy":"product_tag","embeddable":true,"href":"https:\/\/brandss.com.py\/index\/wp-json\/wp\/v2\/product_tag?post=59420"}],"curies":[{"name":"wp","href":"https:\/\/api.w.org\/{rel}","templated":true}]}}