{"id":59446,"date":"2024-10-14T12:13:45","date_gmt":"2024-10-14T12:13:45","guid":{"rendered":"https:\/\/brandss.com.py\/index\/?post_type=product&#038;p=59446"},"modified":"2026-03-14T11:39:29","modified_gmt":"2026-03-14T11:39:29","slug":"perfume-femenino-carolina-herrera-ch-edt-100ml","status":"publish","type":"product","link":"https:\/\/brandss.com.py\/index\/producto\/perfume-femenino-carolina-herrera-ch-edt-100ml\/","title":{"rendered":"PERFUME FEMENINO CAROLINA HERRERA CH EDT 100ML"},"content":{"rendered":"<p><img loading=\"lazy\" decoding=\"async\" class=\"\" src=\"https:\/\/1000marcas.net\/wp-content\/uploads\/2019\/12\/logo-Carolina-Herrer.png\" alt=\"Logo de Carolina Herrera: la historia y el significado del logotipo, la  marca y el s\u00edmbolo. | png, vector\" width=\"119\" height=\"67\" \/><\/p>\n<h1>CH EDT<\/h1>\n<p>La fragancia CH Carolina Herrera es un accesorio invisible, el toque final, el \u00faltimo detalle, el equilibrio perfecto entre confort y frescura. Un perfume sensual y complejo, y a la vez fresco y optimista. Para la clasica, elegante y seductora fragancia CH Carolina Herrera, su color rojo vibrante revela la pasi\u00f3n de la mujer que lo lleva. Elegante e imposible de resistir. CH Carolina Herrera es una visi\u00f3n de feminidad y estilo. CH Carolina Herrera tiene notas de bergamota, lim\u00f3n, seguido de rosa, jazm\u00edn y azahar. Las notas finales son de madera de cedro con pralin\u00e9 y pachul\u00ed. Un toque suave de cuero y tonos le\u00f1osos combinados con almizcle, el resultado es inconfundiblemente femenino. Para el cl\u00e1sico, elegante y seductor CH Carolina Herrera fragancia, su vibrante color rojo revela la pasi\u00f3n que habla de la mujer que lo lleva. Como una buena pieza de joyer\u00eda, la botella es inmediatamente llamativo y cautivante. La botella roja seductor se acent\u00faa con un tap\u00f3n de la botella del oro. Elegante e imposible de resistir.<\/p>\n<h3>Notas Olfativas:<\/h3>\n<p>Ch Woman es una fragancia de la familia olfativa Oriental Floral para Mujeres. CH se lanz\u00f3 en 2007. CH fue creada por Olivier Cresp y Rosendo Mateu.<\/p>\n<p><strong>Las Notas de Salida son:<\/strong> bergamota, toronja (pomelo), lim\u00f3n de Amalfi (lima de Amalfi), fruta tropical y notas acu\u00e1ticas;<\/p>\n<p><strong>Las Notas de Coraz\u00f3n son:<\/strong> jazm\u00edn, flor del naranjo africano, canela, tintura de rosas y pralin\u00e9;<\/p>\n<p><strong>Las Notas de Fondo son:<\/strong> s\u00e1ndalo, pachul\u00ed, madera de cachemira, cedro de Virginia, almizcle, gamuza y \u00e1mbar.<\/p>\n","protected":false},"excerpt":{"rendered":"<p>CH EDT La fragancia CH Carolina Herrera es un accesorio invisible, el toque final, el \u00faltimo detalle, el equilibrio perfecto<\/p>\n","protected":false},"featured_media":59447,"comment_status":"open","ping_status":"closed","template":"","meta":{"nf_dc_page":""},"product_brand":[128],"product_cat":[84],"product_tag":[1242],"class_list":{"0":"post-59446","1":"product","2":"type-product","3":"status-publish","4":"has-post-thumbnail","6":"product_brand-carolina-herrera","7":"product_cat-perfumeria","8":"product_tag-1242","10":"first","11":"outofstock","12":"shipping-taxable","13":"purchasable","14":"product-type-simple"},"_links":{"self":[{"href":"https:\/\/brandss.com.py\/index\/wp-json\/wp\/v2\/product\/59446","targetHints":{"allow":["GET"]}}],"collection":[{"href":"https:\/\/brandss.com.py\/index\/wp-json\/wp\/v2\/product"}],"about":[{"href":"https:\/\/brandss.com.py\/index\/wp-json\/wp\/v2\/types\/product"}],"replies":[{"embeddable":true,"href":"https:\/\/brandss.com.py\/index\/wp-json\/wp\/v2\/comments?post=59446"}],"version-history":[{"count":1,"href":"https:\/\/brandss.com.py\/index\/wp-json\/wp\/v2\/product\/59446\/revisions"}],"predecessor-version":[{"id":59458,"href":"https:\/\/brandss.com.py\/index\/wp-json\/wp\/v2\/product\/59446\/revisions\/59458"}],"wp:featuredmedia":[{"embeddable":true,"href":"https:\/\/brandss.com.py\/index\/wp-json\/wp\/v2\/media\/59447"}],"wp:attachment":[{"href":"https:\/\/brandss.com.py\/index\/wp-json\/wp\/v2\/media?parent=59446"}],"wp:term":[{"taxonomy":"product_brand","embeddable":true,"href":"https:\/\/brandss.com.py\/index\/wp-json\/wp\/v2\/product_brand?post=59446"},{"taxonomy":"product_cat","embeddable":true,"href":"https:\/\/brandss.com.py\/index\/wp-json\/wp\/v2\/product_cat?post=59446"},{"taxonomy":"product_tag","embeddable":true,"href":"https:\/\/brandss.com.py\/index\/wp-json\/wp\/v2\/product_tag?post=59446"}],"curies":[{"name":"wp","href":"https:\/\/api.w.org\/{rel}","templated":true}]}}