{"id":59511,"date":"2024-10-14T17:36:56","date_gmt":"2024-10-14T17:36:56","guid":{"rendered":"https:\/\/brandss.com.py\/index\/?post_type=product&#038;p=59511"},"modified":"2026-03-30T17:09:38","modified_gmt":"2026-03-30T17:09:38","slug":"perfume-masculino-carolina-herrera-212-men-nyc-edt-200ml","status":"publish","type":"product","link":"https:\/\/brandss.com.py\/index\/producto\/perfume-masculino-carolina-herrera-212-men-nyc-edt-200ml\/","title":{"rendered":"PERFUME MASCULINO CAROLINA HERRERA 212 MEN NYC EDT 200ML"},"content":{"rendered":"<p><img loading=\"lazy\" decoding=\"async\" class=\"\" src=\"https:\/\/1000marcas.net\/wp-content\/uploads\/2019\/12\/logo-Carolina-Herrer.png\" alt=\"Logo de Carolina Herrera: la historia y el significado del logotipo, la  marca y el s\u00edmbolo. | png, vector\" width=\"128\" height=\"72\" \/><\/p>\n<h1>212 MEN NYC<\/h1>\n<p>Carolina Herrera 212 Men NYC<span>\u00a0muestra encanto y pasi\u00f3n tan pronto como miras r\u00e1pidamente a trav\u00e9s de las capas arom\u00e1ticas. La energ\u00eda abundante y exuberante de los chicos de Nueva York. Llevando el esp\u00edritu de la ciudad que &#8220;nunca duerme&#8221; con su estilo de vida bullicioso, lujoso y magn\u00edfico, el chico de Carolina Herrera 212 Men NYC est\u00e1 listo para irradiar estilo innovador, tendencia y modernidad en cada mirada, gesto y aroma.<\/span><\/p>\n<p><span>Tan pronto como el aroma del pomelo amargo, la bergamota, el aceite esencial de hoja de naranja y el aroma de las especias irradie en el espacio, sentir\u00e1s un fuerte e inconfundible flujo de impulsos nerviosos, la imagen de que a cambio es una persona atractiva y din\u00e1mica. chico, con un toque de dulce y delicado aroma a Lavanda.<img decoding=\"async\" class=\"alignleft\" src=\"https:\/\/lmd.com.co\/cdn\/shop\/files\/807550-MCO27079184538_032018-O-5.jpg?v=1705203391&amp;width=1445\" \/><\/span><\/p>\n<p><span>En las notas medias, jengibre, pimiento morr\u00f3n, salvia, gardenia y flores moradas se combinan armoniosamente, despertando la belleza moderna. El hombre que acompa\u00f1a a Carolina Herrera 212 Men NYC est\u00e1 listo para invitar a tus papilas gustativas, a tu olfato y a tu vista a disfrutar de una fiesta rica, rica y atractiva en aromas, colores y sabores.<\/span><\/p>\n<p><span>Eso por s\u00ed solo no es suficiente para capturar cada alma ca\u00edda, Carolina Herrera 212 Men NYC tambi\u00e9n es cuidadosa y reflexiva al nutrir el aroma de almizcle, s\u00e1ndalo y madera de agar para crear una nota de fondo dulce y encantadora. Esta mezcla tambi\u00e9n crea un final perfecto, permitiendo al chico de Nueva York ganarse f\u00e1cilmente los corazones de las chicas de la calle.<\/span><\/p>\n<h3>Notas Olfativas:<\/h3>\n<p><span data-pb-style=\"6248F7098A27B\">212 Men de Carolina Herrera es una fragancia de la familia olfativa almizcle amaderado floral para hombres.<\/span><\/p>\n<ul>\n<li><span data-pb-style=\"6248F7098A287\"><strong>Notas de salida:<\/strong> Especias, petit grain, lavanda, notas verdes, toronja (pomelo) y bergamota.<\/span><\/li>\n<li><span data-pb-style=\"6248F7098A292\"><strong>Notas de coraz\u00f3n:<\/strong> Jengibre, gardenia, violeta y salvia.<\/span><\/li>\n<li><span data-pb-style=\"6248F7098A29D\"><strong>Notas de fondo:<\/strong> L\u00e1dano, s\u00e1ndalo, almizcle, madera de gaiac, vetiver e incienso.<\/span><\/li>\n<\/ul>\n","protected":false},"excerpt":{"rendered":"<p>212 MEN NYC Carolina Herrera 212 Men NYC\u00a0muestra encanto y pasi\u00f3n tan pronto como miras r\u00e1pidamente a trav\u00e9s de las<\/p>\n","protected":false},"featured_media":59512,"comment_status":"open","ping_status":"closed","template":"","meta":{"nf_dc_page":""},"product_brand":[128],"product_cat":[84],"product_tag":[1041],"class_list":{"0":"post-59511","1":"product","2":"type-product","3":"status-publish","4":"has-post-thumbnail","6":"product_brand-carolina-herrera","7":"product_cat-perfumeria","8":"product_tag-1041","10":"first","11":"instock","12":"sale","13":"shipping-taxable","14":"purchasable","15":"product-type-simple"},"_links":{"self":[{"href":"https:\/\/brandss.com.py\/index\/wp-json\/wp\/v2\/product\/59511","targetHints":{"allow":["GET"]}}],"collection":[{"href":"https:\/\/brandss.com.py\/index\/wp-json\/wp\/v2\/product"}],"about":[{"href":"https:\/\/brandss.com.py\/index\/wp-json\/wp\/v2\/types\/product"}],"replies":[{"embeddable":true,"href":"https:\/\/brandss.com.py\/index\/wp-json\/wp\/v2\/comments?post=59511"}],"version-history":[{"count":1,"href":"https:\/\/brandss.com.py\/index\/wp-json\/wp\/v2\/product\/59511\/revisions"}],"predecessor-version":[{"id":59519,"href":"https:\/\/brandss.com.py\/index\/wp-json\/wp\/v2\/product\/59511\/revisions\/59519"}],"wp:featuredmedia":[{"embeddable":true,"href":"https:\/\/brandss.com.py\/index\/wp-json\/wp\/v2\/media\/59512"}],"wp:attachment":[{"href":"https:\/\/brandss.com.py\/index\/wp-json\/wp\/v2\/media?parent=59511"}],"wp:term":[{"taxonomy":"product_brand","embeddable":true,"href":"https:\/\/brandss.com.py\/index\/wp-json\/wp\/v2\/product_brand?post=59511"},{"taxonomy":"product_cat","embeddable":true,"href":"https:\/\/brandss.com.py\/index\/wp-json\/wp\/v2\/product_cat?post=59511"},{"taxonomy":"product_tag","embeddable":true,"href":"https:\/\/brandss.com.py\/index\/wp-json\/wp\/v2\/product_tag?post=59511"}],"curies":[{"name":"wp","href":"https:\/\/api.w.org\/{rel}","templated":true}]}}