{"id":59566,"date":"2024-10-15T12:11:55","date_gmt":"2024-10-15T12:11:55","guid":{"rendered":"https:\/\/brandss.com.py\/index\/?post_type=product&#038;p=59566"},"modified":"2026-03-14T11:40:33","modified_gmt":"2026-03-14T11:40:33","slug":"perfume-femenino-carolina-herrera-212-vip-edp-80ml","status":"publish","type":"product","link":"https:\/\/brandss.com.py\/index\/producto\/perfume-femenino-carolina-herrera-212-vip-edp-80ml\/","title":{"rendered":"PERFUME FEMENINO CAROLINA HERRERA 212 VIP EDP 80ML"},"content":{"rendered":"<p><img loading=\"lazy\" decoding=\"async\" class=\"\" src=\"https:\/\/1000marcas.net\/wp-content\/uploads\/2019\/12\/logo-Carolina-Herrer.png\" alt=\"Logo de Carolina Herrera: la historia y el significado del logotipo, la  marca y el s\u00edmbolo. | png, vector\" width=\"130\" height=\"73\" \/><\/p>\n<h1>212 VIP<\/h1>\n<p>Si usted est\u00e1 en la lista, el perfume femenino 212 Vip es para usted. Inspirado en un estilo de vida de aquellos que siempre est\u00e1n en el centro de atenci\u00f3n. En primer lugar, un triunfo a la juventud neoyorquina, aquellos j\u00f3venes estilos, modernos y creativos, siempre listos para la diversi\u00f3n. El perfume 212 Vip, Carolina Herrera, tiene fragancia exclusiva y glamorosa, dedicada a la en\u00e9rgica vida en la metr\u00f3polis de Nueva York, la ciudad que nunca duerme.\u00a0 <span>212 VIP es un Perfume de Carolina Herrera de la familia olfativa Oriental. Celebra el estilo de una juventud creativa y atrevida, VIP de las mejores fiestas. <img loading=\"lazy\" decoding=\"async\" class=\"alignleft\" src=\"https:\/\/facescr.vtexassets.com\/arquivos\/ids\/162852-800-auto?v=637539434126800000&amp;width=800&amp;height=auto&amp;aspect=true\" width=\"550\" height=\"550\" \/><\/span><br \/>\n<span>212 VIP de Carolina Herrera encarna el estilo de vida de quienes son el centro de atenci\u00f3n.\u00a0<\/span><br \/>\n<span>La mujer que viste 212 VIP es joven, elegante, moderna y creativa, siempre dispuesta a divertirse. Con \u00e9xito, llama la atenci\u00f3n all\u00e1 donde va. Esta figura sexy y enigm\u00e1tica seduce con elegancia.\u00a0<\/span><br \/>\n<span>Carolina Herrera 212 VIP for Women es un perfume con un aroma dulce y sumamente sofisticado. Ideal para la noche, ya que emana potencia. Tiene un incre\u00edble poder de seducci\u00f3n, conquistando a todos enseguida.\u00a0<\/span><\/p>\n<h3>Notas Olfativas:<\/h3>\n<p>Sensual y exquisita, la fragancia 212 VIP Eau de Parfum Spray es una fragancia oriental afrutada para la mujer joven, elegante y segura de s\u00ed misma. Creado en 2010, este perfume de Carolina Herrera presenta notas seductoras y centelleantes de maracuy\u00e1 y ron en la salida. La dulce fragancia floral de gardenia se combina con la calidez del almizcle en el coraz\u00f3n para crear una fragancia femenina encantadora. Con un aroma suave y embriagador de haba tonka y vainilla en la base, la fragancia crea una impresi\u00f3n poderosa y duradera.<\/p>\n<p>Perfume Carolina Herrera 212 VIP EDP es una fragancia de la familia olfativa \u00e1mbar vainilla para mujeres.<\/p>\n<ul>\n<li><strong>Notas de Salida:<\/strong>\u00a0Maracuy\u00e1 (fruta de la pasi\u00f3n) y ron<\/li>\n<li><strong>Notas de Coraz\u00f3n:<\/strong>\u00a0Almizcle y gardenia<\/li>\n<li><strong>Notas de Fondo:<\/strong>\u00a0Haba tonka y vainilla<\/li>\n<\/ul>\n","protected":false},"excerpt":{"rendered":"<p>212 VIP Si usted est\u00e1 en la lista, el perfume femenino 212 Vip es para usted. Inspirado en un estilo<\/p>\n","protected":false},"featured_media":59567,"comment_status":"open","ping_status":"closed","template":"","meta":{"nf_dc_page":""},"product_brand":[128],"product_cat":[84],"product_tag":[1794],"class_list":{"0":"post-59566","1":"product","2":"type-product","3":"status-publish","4":"has-post-thumbnail","6":"product_brand-carolina-herrera","7":"product_cat-perfumeria","8":"product_tag-1794","10":"first","11":"outofstock","12":"shipping-taxable","13":"purchasable","14":"product-type-simple"},"_links":{"self":[{"href":"https:\/\/brandss.com.py\/index\/wp-json\/wp\/v2\/product\/59566","targetHints":{"allow":["GET"]}}],"collection":[{"href":"https:\/\/brandss.com.py\/index\/wp-json\/wp\/v2\/product"}],"about":[{"href":"https:\/\/brandss.com.py\/index\/wp-json\/wp\/v2\/types\/product"}],"replies":[{"embeddable":true,"href":"https:\/\/brandss.com.py\/index\/wp-json\/wp\/v2\/comments?post=59566"}],"version-history":[{"count":1,"href":"https:\/\/brandss.com.py\/index\/wp-json\/wp\/v2\/product\/59566\/revisions"}],"predecessor-version":[{"id":59573,"href":"https:\/\/brandss.com.py\/index\/wp-json\/wp\/v2\/product\/59566\/revisions\/59573"}],"wp:featuredmedia":[{"embeddable":true,"href":"https:\/\/brandss.com.py\/index\/wp-json\/wp\/v2\/media\/59567"}],"wp:attachment":[{"href":"https:\/\/brandss.com.py\/index\/wp-json\/wp\/v2\/media?parent=59566"}],"wp:term":[{"taxonomy":"product_brand","embeddable":true,"href":"https:\/\/brandss.com.py\/index\/wp-json\/wp\/v2\/product_brand?post=59566"},{"taxonomy":"product_cat","embeddable":true,"href":"https:\/\/brandss.com.py\/index\/wp-json\/wp\/v2\/product_cat?post=59566"},{"taxonomy":"product_tag","embeddable":true,"href":"https:\/\/brandss.com.py\/index\/wp-json\/wp\/v2\/product_tag?post=59566"}],"curies":[{"name":"wp","href":"https:\/\/api.w.org\/{rel}","templated":true}]}}