{"id":59586,"date":"2024-10-15T16:27:44","date_gmt":"2024-10-15T16:27:44","guid":{"rendered":"https:\/\/brandss.com.py\/index\/?post_type=product&#038;p=59586"},"modified":"2026-03-14T11:40:32","modified_gmt":"2026-03-14T11:40:32","slug":"perfume-masculino-carolina-herrera-for-men-edt-100ml","status":"publish","type":"product","link":"https:\/\/brandss.com.py\/index\/producto\/perfume-masculino-carolina-herrera-for-men-edt-100ml\/","title":{"rendered":"PERFUME MASCULINO CAROLINA HERRERA FOR MEN EDT 100ML"},"content":{"rendered":"<p><img loading=\"lazy\" decoding=\"async\" class=\"\" src=\"https:\/\/1000marcas.net\/wp-content\/uploads\/2019\/12\/logo-Carolina-Herrer.png\" alt=\"Logo de Carolina Herrera: la historia y el significado del logotipo, la  marca y el s\u00edmbolo. | png, vector\" width=\"131\" height=\"74\" \/><\/p>\n<h1>FOR MEN<\/h1>\n<p>El perfume verdadero es aquel que se identifica contigo y te brinda un olor exquisito por el resto del d\u00eda en tu piel. Herrera for Men de Carolina Herrera lo tiene todo preparado para ti. Gracias a sus infinitas mezclas arom\u00e1ticas de aceites esenciales, Herrera for Men proporciona una incre\u00edble fragancia sumamente agradable y duradera. El arte y la sensaci\u00f3n que tendr\u00e1s en ti, ser\u00e1 \u00fanico, causando simpat\u00eda y bienestar a quienes te rodean. Sin duda alguna, todos tenemos una aroma que nos identifica Herrera for Men te cautivar\u00e1 llev\u00e1ndote a dimensiones que te sorprender\u00e1n. Sum\u00e9rgete a la incre\u00edble sensaci\u00f3n de Herrera for Men, y envu\u00e9lvete en su exquisita fragancia con aromas de olor divino y refrescante y su delicioso aroma verdaderamente \u00fanico.<\/p>\n<p>Herrera for Men de Carolina Herrera, es una fragancia ideal para ti lleno de originalidad, brind\u00e1ndote una esencia encantadora. Este perfume es de gran prestigio y elaborado con suma dedicaci\u00f3n, es una excelente elecci\u00f3n para proporcionar la elegancia y esencia \u00fanica con la que sin duda te identificar\u00e1s.<\/p>\n<h3>La fragancia<\/h3>\n<p>Carolina Herrera for Men es una fragancia sofisticada para los hombres con esp\u00edritu aventurero, marcada por un aroma con car\u00e1cter y una elegancia moderna.<\/p>\n<p>La fragancia se abre con una nota superior fresca y transparente, aportada por el neroli y las hojas de frutos c\u00edtricos, una sensaci\u00f3n que se magnifica gracias a la combinaci\u00f3n con las intensas notas arom\u00e1ticas y especiadas, a base de hojas de pimienta verde y geranio. La base amaderada de este aroma es una mezcla ecl\u00e9ctica que realza la masculinidad elegante del hombre Herrera.<\/p>\n<h3><strong>El frasco<img loading=\"lazy\" decoding=\"async\" class=\"size-medium wp-image-59587 alignleft\" src=\"https:\/\/brandss.com.py\/index\/wp-content\/uploads\/2024\/10\/A-536-240x300.png\" alt=\"\" width=\"240\" height=\"300\" srcset=\"https:\/\/brandss.com.py\/index\/wp-content\/uploads\/2024\/10\/A-536-240x300.png 240w, https:\/\/brandss.com.py\/index\/wp-content\/uploads\/2024\/10\/A-536-150x188.png 150w, https:\/\/brandss.com.py\/index\/wp-content\/uploads\/2024\/10\/A-536.png 400w\" sizes=\"auto, (max-width: 240px) 100vw, 240px\" \/><\/strong><\/h3>\n<p>La elegancia, el misterio y el lujo refinado son la base de Carolina Herrera for Men. El frasco estilo art d\u00e9co refleja un dise\u00f1o atemporal como el perfume que atesora, una mezcla de pasado y presente de aire sofisticado con su cierre de corona plateada.<\/p>\n<h3>Notas Olfativas<\/h3>\n<p>Herrera For Men de Carolina Herrera es una fragancia de la familia olfativa Almizcle Amaderado Floral para Hombres. Herrera For Men se lanz\u00f3 en 1991. Herrera For Men fue creada por Rosendo Mateu y Carlos Benaim.<\/p>\n<p><strong>Las Notas de Salida son:<\/strong> romero, lavanda, lim\u00f3n (lima \u00e1cida) y neroli.<br \/>\n<strong>Las Notas de Coraz\u00f3n son:<\/strong> clavos de olor, tr\u00e9bol blanco y geranio.<br \/>\n<strong>Las Notas de Fondo son:<\/strong> s\u00e1ndalo, tabaco y \u00e1mbar gris.<\/p>\n","protected":false},"excerpt":{"rendered":"<p>FOR MEN El perfume verdadero es aquel que se identifica contigo y te brinda un olor exquisito por el resto<\/p>\n","protected":false},"featured_media":59588,"comment_status":"open","ping_status":"closed","template":"","meta":{"nf_dc_page":""},"product_brand":[128],"product_cat":[84],"product_tag":[1795],"class_list":{"0":"post-59586","1":"product","2":"type-product","3":"status-publish","4":"has-post-thumbnail","6":"product_brand-carolina-herrera","7":"product_cat-perfumeria","8":"product_tag-1795","10":"first","11":"outofstock","12":"shipping-taxable","13":"purchasable","14":"product-type-simple"},"_links":{"self":[{"href":"https:\/\/brandss.com.py\/index\/wp-json\/wp\/v2\/product\/59586","targetHints":{"allow":["GET"]}}],"collection":[{"href":"https:\/\/brandss.com.py\/index\/wp-json\/wp\/v2\/product"}],"about":[{"href":"https:\/\/brandss.com.py\/index\/wp-json\/wp\/v2\/types\/product"}],"replies":[{"embeddable":true,"href":"https:\/\/brandss.com.py\/index\/wp-json\/wp\/v2\/comments?post=59586"}],"version-history":[{"count":1,"href":"https:\/\/brandss.com.py\/index\/wp-json\/wp\/v2\/product\/59586\/revisions"}],"predecessor-version":[{"id":59594,"href":"https:\/\/brandss.com.py\/index\/wp-json\/wp\/v2\/product\/59586\/revisions\/59594"}],"wp:featuredmedia":[{"embeddable":true,"href":"https:\/\/brandss.com.py\/index\/wp-json\/wp\/v2\/media\/59588"}],"wp:attachment":[{"href":"https:\/\/brandss.com.py\/index\/wp-json\/wp\/v2\/media?parent=59586"}],"wp:term":[{"taxonomy":"product_brand","embeddable":true,"href":"https:\/\/brandss.com.py\/index\/wp-json\/wp\/v2\/product_brand?post=59586"},{"taxonomy":"product_cat","embeddable":true,"href":"https:\/\/brandss.com.py\/index\/wp-json\/wp\/v2\/product_cat?post=59586"},{"taxonomy":"product_tag","embeddable":true,"href":"https:\/\/brandss.com.py\/index\/wp-json\/wp\/v2\/product_tag?post=59586"}],"curies":[{"name":"wp","href":"https:\/\/api.w.org\/{rel}","templated":true}]}}