{"id":59616,"date":"2024-10-15T19:17:07","date_gmt":"2024-10-15T19:17:07","guid":{"rendered":"https:\/\/brandss.com.py\/index\/?post_type=product&#038;p=59616"},"modified":"2025-12-19T11:15:59","modified_gmt":"2025-12-19T11:15:59","slug":"perfume-masculino-carolina-herrera-212-vip-black-edp-100ml","status":"publish","type":"product","link":"https:\/\/brandss.com.py\/index\/producto\/perfume-masculino-carolina-herrera-212-vip-black-edp-100ml\/","title":{"rendered":"PERFUME MASCULINO CAROLINA HERRERA 212 VIP BLACK EDP 100ML"},"content":{"rendered":"<p><img loading=\"lazy\" decoding=\"async\" class=\"\" src=\"https:\/\/1000marcas.net\/wp-content\/uploads\/2019\/12\/logo-Carolina-Herrer.png\" alt=\"Logo de Carolina Herrera: la historia y el significado del logotipo, la  marca y el s\u00edmbolo. | png, vector\" width=\"141\" height=\"79\" \/><\/p>\n<h1>212 VIP BLACK<\/h1>\n<p>Redefine la exclusividad con 212 VIP Black by Carolina Herrera. 212 Black VIP, una fragancia revitalizante con notas especiadas y una esencia elegante, est\u00e1 dise\u00f1ada para cautivar los sentidos. La presencia en\u00e9rgica del hombre moderno queda perfectamente reflejada en la fragancia Carolina Herrera 212 VIP Black, con un toque de misterio en el dise\u00f1o del frasco y la fragancia. Es una combinaci\u00f3n ideal de intriga y sofisticaci\u00f3n que infundir\u00e1 energ\u00eda en todos los que te rodeen. Una fragancia especiada y revitalizante con una esencia elegante dise\u00f1ada para cautivar los sentidos: 212 VIP Black redefine la exclusividad. Carolina Herrera 212 VIP Black, dise\u00f1ada para el hombre moderno con una presencia en\u00e9rgica y una visi\u00f3n intr\u00e9pida de la vida, infundir\u00e1 energ\u00eda en todos los que lo rodeen. Cada frasco de 212 Black VIP integra un toque de misterio y el dise\u00f1o de la fragancia combina intriga y sofisticaci\u00f3n con maestr\u00eda. Notas de salida: Absenta. Notas de coraz\u00f3n: Lavanda, Cuero. Notas de fondo: Vainilla, Almizcle<img loading=\"lazy\" decoding=\"async\" class=\"alignleft\" src=\"https:\/\/imagedelivery.net\/4fYuQyy-r8_rpBpcY7lH_A\/falabellaCO\/41096946_3\/w=800,h=800,fit=pad\" width=\"530\" height=\"530\" \/><\/p>\n<p>Carolina Herrera desarrolla una nueva versi\u00f3n de\u00a0212 VIP\u00a0inspirada en los clubs y las noches de Nueva York.<\/p>\n<p><strong>212 VIP Black<\/strong>\u00a0es obra de los perfumistas Anne Flipo y Carlos Benaim que han elaborado una fragancia centrada en la absenta, una bebida alcoho\u00f1ica ligada a las noches m\u00e1s locas y divertidas. El perfume abre con esencia de absenta mezclada con anis e hinojo. Las notas medias est\u00e1n formadas con arom\u00e1tica y masculina lavanda. El fondo de la fragancia desprende un sensual y atractivo aroma a vainilla negra y almizcle.<\/p>\n<h3>Notas Olfativas:<\/h3>\n<p>&nbsp;<\/p>\n<p><span data-pb-style=\"6248F70A2945E\">El perfume Carolina Herrera 212 VIP Black es una fragancia de la familia olfativa arom\u00e1tica foug\u00e8re para hombres. Carolina Herrera lanza 212 VIP BLACK, el nuevo Eau de Parfum verdaderamente incre\u00edble, fresco y sexy.<br \/>\n212 Vip Black es un perfume arom\u00e1tico foug\u00e9re masculino. El perfume fue creado por Carlos Benaim y Anne Flipo.<\/span><\/p>\n<ul>\n<li><span data-pb-style=\"6248F70A2946A\"><strong>Notas de salida:<\/strong>\u00a0Hinojo, absenta y an\u00eds<\/span><\/li>\n<li><span data-pb-style=\"6248F70A29476\"><strong>Nota de coraz\u00f3n:<\/strong>\u00a0Lavanda<\/span><\/li>\n<li><span data-pb-style=\"6248F70A29481\"><strong>Notas de fondo:<\/strong>\u00a0Almizcle y vaina de vainilla negra<\/span><\/li>\n<\/ul>\n","protected":false},"excerpt":{"rendered":"<p>212 VIP BLACK Redefine la exclusividad con 212 VIP Black by Carolina Herrera. 212 Black VIP, una fragancia revitalizante con<\/p>\n","protected":false},"featured_media":59617,"comment_status":"open","ping_status":"closed","template":"","meta":{"nf_dc_page":""},"product_brand":[128],"product_cat":[84],"product_tag":[843],"class_list":{"0":"post-59616","1":"product","2":"type-product","3":"status-publish","4":"has-post-thumbnail","6":"product_brand-carolina-herrera","7":"product_cat-perfumeria","8":"product_tag-843","10":"first","11":"instock","12":"shipping-taxable","13":"purchasable","14":"product-type-simple"},"_links":{"self":[{"href":"https:\/\/brandss.com.py\/index\/wp-json\/wp\/v2\/product\/59616","targetHints":{"allow":["GET"]}}],"collection":[{"href":"https:\/\/brandss.com.py\/index\/wp-json\/wp\/v2\/product"}],"about":[{"href":"https:\/\/brandss.com.py\/index\/wp-json\/wp\/v2\/types\/product"}],"replies":[{"embeddable":true,"href":"https:\/\/brandss.com.py\/index\/wp-json\/wp\/v2\/comments?post=59616"}],"version-history":[{"count":1,"href":"https:\/\/brandss.com.py\/index\/wp-json\/wp\/v2\/product\/59616\/revisions"}],"predecessor-version":[{"id":59630,"href":"https:\/\/brandss.com.py\/index\/wp-json\/wp\/v2\/product\/59616\/revisions\/59630"}],"wp:featuredmedia":[{"embeddable":true,"href":"https:\/\/brandss.com.py\/index\/wp-json\/wp\/v2\/media\/59617"}],"wp:attachment":[{"href":"https:\/\/brandss.com.py\/index\/wp-json\/wp\/v2\/media?parent=59616"}],"wp:term":[{"taxonomy":"product_brand","embeddable":true,"href":"https:\/\/brandss.com.py\/index\/wp-json\/wp\/v2\/product_brand?post=59616"},{"taxonomy":"product_cat","embeddable":true,"href":"https:\/\/brandss.com.py\/index\/wp-json\/wp\/v2\/product_cat?post=59616"},{"taxonomy":"product_tag","embeddable":true,"href":"https:\/\/brandss.com.py\/index\/wp-json\/wp\/v2\/product_tag?post=59616"}],"curies":[{"name":"wp","href":"https:\/\/api.w.org\/{rel}","templated":true}]}}