{"id":59643,"date":"2024-10-16T12:27:53","date_gmt":"2024-10-16T12:27:53","guid":{"rendered":"https:\/\/brandss.com.py\/index\/?post_type=product&#038;p=59643"},"modified":"2024-10-16T12:48:16","modified_gmt":"2024-10-16T12:48:16","slug":"calzado-deportivo-femenino-on-running-cloudrock-waterpoof-2","status":"publish","type":"product","link":"https:\/\/brandss.com.py\/index\/producto\/calzado-deportivo-femenino-on-running-cloudrock-waterpoof-2\/","title":{"rendered":"CALZADO DEPORTIVO FEMENINO ON-RUNNING CLOUDROCK WATERPOOF"},"content":{"rendered":"<p><img loading=\"lazy\" decoding=\"async\" class=\"\" src=\"https:\/\/upload.wikimedia.org\/wikipedia\/commons\/thumb\/9\/92\/On-cloud-logo-white-background.svg\/1200px-On-cloud-logo-white-background.svg.png\" alt=\"Archivo:On-cloud-logo-white-background.svg - Wikipedia, la enciclopedia  libre\" width=\"63\" height=\"82\" \/><\/p>\n<h1>CLOUDROCK WATERPOOF<\/h1>\n<p><strong><span>La aventura te espera<\/span><\/strong><\/p>\n<p>Energiza tus\u00a0caminatas\u00a0y ll\u00e9nate de sensaciones con la\u00a0zapatilla On-Running Cloudrock Waterproof\u00a0para\u00a0mujer. Ning\u00fan\u00a0sendero se te resiste y aprovechas al m\u00e1ximo cada kil\u00f3metro recorrido.\u00a0Dise\u00f1ado para tu\u00a0bienestar\u00a0, este modelo incluye una\u00a0entresuela\u00a0equipada con\u00a0la tecnolog\u00eda CloudTec Zero-Gravity\u00a0para\u00a0una amortiguaci\u00f3n \u00f3ptima. Esta\u00a0espuma\u00a0excepcionalmente ligera\u00a0absorbe\u00a0los golpes\u00a0y facilita tus escapadas gracias a su\u00a0retorno de energ\u00eda\u00a0capaz de\u00a0impulsarte hacia adelante.\u00a0La\u00a0parte superior impermeable\u00a0te permite enfrentar los elementos sin miedo y los\u00a0dos tipos de malla\u00a0\u00a0permiten que el aire circule libremente para una mejor\u00a0transpirabilidad. Est\u00e1s\u00a0\u00a0protegido del barro en 360\u00b0\u00a0y el\u00a0tal\u00f3n acolchado\u00a0\u00a0tiene refuerzo\u00a0para\u00a0ofrecerte\u00a0seguridad\u00a0y\u00a0estabilidad.\u00a0Ad\u00e1ptate\u00a0\u00a0a todas las situaciones con el\u00a0sistema FlexLock\u00a0que te da la posibilidad de\u00a0personalizar por separado el ajuste\u00a0en la parte superior o inferior de tu zapato. Los\u00a0cordones permanecen en su sitio\u00a0durante el ejercicio y te beneficias de\u00a0una sujeci\u00f3n\u00a0adecuada \u00a0para alcanzar tus objetivos con total\u00a0tranquilidad.\u00a0Supera cualquier obst\u00e1culo con la\u00a0suela Missiongrip\u00a0que garantiza\u00a0un agarre\u00a0impecable en todas las superficies.\u00a0\u00a0Vers\u00e1til\u00a0y equipado con\u00a0crampones\u00a0, te acompa\u00f1a en cada una de tus salidas.<\/p>\n<h3><span class=\"m-accordion__header\"><span class=\"m-accordion__header__title\"><span>Tecnolog\u00edas<\/span><\/span><\/span><\/h3>\n<div class=\"m-accordion__content js-readMore\">\n<div class=\"m-readMore__content js-readMore-container\">\n<div class=\"prdDtl__contentSection__content\">\n<dl>\n<dt><strong>Tabla de velocidad<\/strong><\/dt>\n<dt><\/dt>\n<dd>Le permite transferir el impacto de la carrera a un impulso hacia adelante \u00f3ptimo.<\/dd>\n<dd><\/dd>\n<dt><strong>Misi\u00f3ngrip<\/strong><\/dt>\n<dt><\/dt>\n<dd>La suela Missiongrip combina m\u00faltiples patrones de tracci\u00f3n para mantener el control en condiciones clim\u00e1ticas cambiantes.<\/dd>\n<dd><\/dd>\n<dt><strong>Gravedad Cero<\/strong><\/dt>\n<dd>La espuma Zero Gravity ofrece una ligereza incomparable. La parte acolchada proporciona un agarre superior para un zapato ligero y duradero.<\/dd>\n<dt><strong>Bloqueo flexible<\/strong><\/dt>\n<dd>El sistema FlexLock permite atar los cordones de una sola manera o de una sola vez. Puedes ajustar los cordones de diferentes maneras en la parte superior o inferior del zapato.<\/p>\n<p>&nbsp;<\/dd>\n<\/dl>\n<p><span><strong>Puntos clave del<\/strong>\u00a0<\/span><strong><span>calzado On-Running Cloudrock Waterproof<\/span><\/strong><\/p>\n<ul>\n<li><strong><span>Perfecto para tus caminatas en todos los terrenos.<\/span><\/strong><\/li>\n<li><strong><span>CloudTec Zero-Gravity<\/span><\/strong><span>: amortiguaci\u00f3n y retorno de energ\u00eda.<\/span><\/li>\n<li><strong><span>Suela Missiongrip<\/span><\/strong><span>: agarre.<\/span><\/li>\n<li><strong><span>Sistema de cordones Flexlock<\/span><\/strong><span>: soporte personalizado.<\/span><\/li>\n<li><strong><span>Speedboard<\/span><\/strong><span>: propulsi\u00f3n.<\/span><\/li>\n<li><strong><span>Parte superior impermeable<\/span><\/strong><span>: resiste el agua y el viento.<\/span><\/li>\n<li><strong><span>Dos tipos de malla<\/span><\/strong><span>: transpirabilidad ajustada.<\/span><\/li>\n<li><strong><span>Guardabarros 360\u00b0<\/span><\/strong><span>: protecci\u00f3n.<\/span><\/li>\n<li><strong><span>Ca\u00edda<\/span><\/strong><span> : 4 mm.<\/span><\/li>\n<li><b>Modelo<\/b>: 23.99853.<\/li>\n<li><strong><span>Color<\/span><\/strong><span>: Naranja.<\/span><\/li>\n<\/ul>\n<\/div>\n<\/div>\n<\/div>\n","protected":false},"excerpt":{"rendered":"<p>CLOUDROCK WATERPOOF La aventura te espera Energiza tus\u00a0caminatas\u00a0y ll\u00e9nate de sensaciones con la\u00a0zapatilla On-Running Cloudrock Waterproof\u00a0para\u00a0mujer. Ning\u00fan\u00a0sendero se te resiste<\/p>\n","protected":false},"featured_media":59644,"comment_status":"open","ping_status":"closed","template":"","meta":{"nf_dc_page":""},"product_brand":[],"product_cat":[73],"product_tag":[],"class_list":{"0":"post-59643","1":"product","2":"type-product","3":"status-publish","4":"has-post-thumbnail","6":"product_cat-femenino","8":"first","9":"instock","10":"shipping-taxable","11":"purchasable","12":"product-type-simple"},"_links":{"self":[{"href":"https:\/\/brandss.com.py\/index\/wp-json\/wp\/v2\/product\/59643","targetHints":{"allow":["GET"]}}],"collection":[{"href":"https:\/\/brandss.com.py\/index\/wp-json\/wp\/v2\/product"}],"about":[{"href":"https:\/\/brandss.com.py\/index\/wp-json\/wp\/v2\/types\/product"}],"replies":[{"embeddable":true,"href":"https:\/\/brandss.com.py\/index\/wp-json\/wp\/v2\/comments?post=59643"}],"version-history":[{"count":1,"href":"https:\/\/brandss.com.py\/index\/wp-json\/wp\/v2\/product\/59643\/revisions"}],"predecessor-version":[{"id":59656,"href":"https:\/\/brandss.com.py\/index\/wp-json\/wp\/v2\/product\/59643\/revisions\/59656"}],"wp:featuredmedia":[{"embeddable":true,"href":"https:\/\/brandss.com.py\/index\/wp-json\/wp\/v2\/media\/59644"}],"wp:attachment":[{"href":"https:\/\/brandss.com.py\/index\/wp-json\/wp\/v2\/media?parent=59643"}],"wp:term":[{"taxonomy":"product_brand","embeddable":true,"href":"https:\/\/brandss.com.py\/index\/wp-json\/wp\/v2\/product_brand?post=59643"},{"taxonomy":"product_cat","embeddable":true,"href":"https:\/\/brandss.com.py\/index\/wp-json\/wp\/v2\/product_cat?post=59643"},{"taxonomy":"product_tag","embeddable":true,"href":"https:\/\/brandss.com.py\/index\/wp-json\/wp\/v2\/product_tag?post=59643"}],"curies":[{"name":"wp","href":"https:\/\/api.w.org\/{rel}","templated":true}]}}