{"id":59657,"date":"2024-10-16T13:59:23","date_gmt":"2024-10-16T13:59:23","guid":{"rendered":"https:\/\/brandss.com.py\/index\/?post_type=product&#038;p=59657"},"modified":"2024-10-16T14:00:17","modified_gmt":"2024-10-16T14:00:17","slug":"calzado-deportivo-femenino-on-running-cloud-hi-edge","status":"publish","type":"product","link":"https:\/\/brandss.com.py\/index\/producto\/calzado-deportivo-femenino-on-running-cloud-hi-edge\/","title":{"rendered":"CALZADO DEPORTIVO FEMENINO ON-RUNNING CLOUD HI EDGE"},"content":{"rendered":"<p><img loading=\"lazy\" decoding=\"async\" class=\"\" src=\"https:\/\/upload.wikimedia.org\/wikipedia\/commons\/thumb\/9\/92\/On-cloud-logo-white-background.svg\/1200px-On-cloud-logo-white-background.svg.png\" alt=\"Archivo:On-cloud-logo-white-background.svg - Wikipedia, la enciclopedia  libre\" width=\"72\" height=\"93\" \/><\/p>\n<h1>CLOUD HI EDGE<\/h1>\n<p>Ni siquiera las temperaturas m\u00e1s fr\u00edas ni los terrenos m\u00e1s dif\u00edciles te impedir\u00e1n entrenar y alcanzar tu objetivo. Eso es gracias a On Cloud Hi, una versi\u00f3n para el tobillo del popular calzado de la marca suiza On, que ha conquistado el mundo con su original enfoque en la amortiguaci\u00f3n del impacto y la recuperaci\u00f3n de la energ\u00eda en el movimiento hacia adelante. Aunque se trata de un calzado dise\u00f1ado principalmente para el m\u00e1ximo rendimiento, los dise\u00f1adores no han escatimado en gastos en materiales de calidad y duraderos, a trav\u00e9s de los cuales el calzado conserva una transpirabilidad confiable. Si apuntas alto, ya sea para una caminata o para superar tus propios l\u00edmites, On Cloud Hi es el calzado hecho para ti. Estilo listo para la calle con la tecnolog\u00eda para llevar la exploraci\u00f3n al borde. Las Cloud Hi Edge fusionan tecnolog\u00eda deportiva y materiales t\u00e9cnicos en unos zapatos urbanos. La suela CloudTec\u00ae con super espuma Helion va m\u00e1s all\u00e1 de los l\u00edmites del territorio, desde la jungla urbana hasta la exploraci\u00f3n al aire libre.Caracter\u00edsticas:La combinaci\u00f3n de la malla de ventilaci\u00f3n ultraligera y el ante sint\u00e9tico ofrecen una frescura y aspecto \u00fanicos. Sistema de amarre r\u00e1pido para una configuraci\u00f3n de cordones \u00fanica.La malla dise\u00f1ada con ventilaci\u00f3n ultraligera se combina con gamuza sint\u00e9tica para brindar una sensaci\u00f3n tan fresca como el look. Los detalles hacen que este zapato sea diferente, como el lazo con el logotipo para una configuraci\u00f3n de cordones \u00fanica.<\/p>\n<h4 class=\"highlights__title\" data-v-73a0a952=\"\">Realizar, no conformar<\/h4>\n<div class=\"highlights__description\" data-v-73a0a952=\"\">El Cloud Hi Edge fusiona tecnolog\u00eda atl\u00e9tica y materiales t\u00e9cnicos en una silueta de zapatillas listas para la calle. La suela CloudTec\u00ae en superespuma Helion en un perfil rockero extremo para empujar los l\u00edmites del territorio de las zapatillas, desde la jungla urbana hasta la exploraci\u00f3n al aire libre o los viajes.<\/div>\n<div class=\"highlights__description\" data-v-73a0a952=\"\">\n<div class=\"highlights__details highlights__details--section1\" data-v-73a0a952=\"\">\n<h4 class=\"highlights__details-label\" data-v-73a0a952=\"\">Materiales<\/h4>\n<h4 class=\"highlights__title\" data-v-73a0a952=\"\">Hecho fresco<\/h4>\n<div class=\"highlights__description\" data-v-73a0a952=\"\">La malla de ingenier\u00eda de ventilaci\u00f3n ultraligera se combina con gamuza sint\u00e9tica para una sensaci\u00f3n tan fresca como el aspecto. Los detalles hacen que este zapato sea diferente, como el lazo de encaje con el logotipo para una configuraci\u00f3n de cordones \u00fanica. El Cloud Hi Edge es para aquellos que est\u00e1n cableados de manera diferente.<\/div>\n<div class=\"highlights__description\" data-v-73a0a952=\"\">\n<h4 class=\"highlights__title\" data-v-73a0a952=\"\">Llevado al borde<\/h4>\n<div class=\"highlights__description\" data-v-73a0a952=\"\">El Cloud Hi Edge es una nueva categor\u00eda de zapato, lo que aumenta las expectativas de los zapatos hechos para rendir. Esta edici\u00f3n limitada fusiona la inspiraci\u00f3n de la cultura de las zapatillas, el rendimiento deportivo y la aventura alpina. Es para exploradores con una diferencia. Para aquellos que llevan la aventura urbana al l\u00edmite.<\/div>\n<\/div>\n<div data-v-73a0a952=\"\"><\/div>\n<h3>Detalles:<\/h3>\n<\/div>\n<\/div>\n<p>Suela CloudTec\u00ae en superespuma Helion.<\/p>\n<p><strong>Especificaciones:<\/strong><\/p>\n<p><strong>Actividad:<\/strong> Uso durante todo el d\u00eda.<\/p>\n<p><strong>Cord\u00f3n:<\/strong> est\u00e1ndar.<\/p>\n<p><strong>Ajuste:<\/strong> Normal. Fiel al tama\u00f1o.<\/p>\n<p><strong>Ca\u00edda del tal\u00f3n:<\/strong> 2 mm.<\/p>\n<p><strong>Modelo:<\/strong> 28.99796.<\/p>\n<p><strong>Color:<\/strong> Blush \/ Storm.<\/p>\n","protected":false},"excerpt":{"rendered":"<p>CLOUD HI EDGE Ni siquiera las temperaturas m\u00e1s fr\u00edas ni los terrenos m\u00e1s dif\u00edciles te impedir\u00e1n entrenar y alcanzar tu<\/p>\n","protected":false},"featured_media":59658,"comment_status":"open","ping_status":"closed","template":"","meta":{"nf_dc_page":""},"product_brand":[],"product_cat":[73],"product_tag":[],"class_list":{"0":"post-59657","1":"product","2":"type-product","3":"status-publish","4":"has-post-thumbnail","6":"product_cat-femenino","8":"first","9":"instock","10":"shipping-taxable","11":"purchasable","12":"product-type-simple"},"_links":{"self":[{"href":"https:\/\/brandss.com.py\/index\/wp-json\/wp\/v2\/product\/59657","targetHints":{"allow":["GET"]}}],"collection":[{"href":"https:\/\/brandss.com.py\/index\/wp-json\/wp\/v2\/product"}],"about":[{"href":"https:\/\/brandss.com.py\/index\/wp-json\/wp\/v2\/types\/product"}],"replies":[{"embeddable":true,"href":"https:\/\/brandss.com.py\/index\/wp-json\/wp\/v2\/comments?post=59657"}],"version-history":[{"count":1,"href":"https:\/\/brandss.com.py\/index\/wp-json\/wp\/v2\/product\/59657\/revisions"}],"predecessor-version":[{"id":59671,"href":"https:\/\/brandss.com.py\/index\/wp-json\/wp\/v2\/product\/59657\/revisions\/59671"}],"wp:featuredmedia":[{"embeddable":true,"href":"https:\/\/brandss.com.py\/index\/wp-json\/wp\/v2\/media\/59658"}],"wp:attachment":[{"href":"https:\/\/brandss.com.py\/index\/wp-json\/wp\/v2\/media?parent=59657"}],"wp:term":[{"taxonomy":"product_brand","embeddable":true,"href":"https:\/\/brandss.com.py\/index\/wp-json\/wp\/v2\/product_brand?post=59657"},{"taxonomy":"product_cat","embeddable":true,"href":"https:\/\/brandss.com.py\/index\/wp-json\/wp\/v2\/product_cat?post=59657"},{"taxonomy":"product_tag","embeddable":true,"href":"https:\/\/brandss.com.py\/index\/wp-json\/wp\/v2\/product_tag?post=59657"}],"curies":[{"name":"wp","href":"https:\/\/api.w.org\/{rel}","templated":true}]}}