{"id":59672,"date":"2024-10-16T16:38:06","date_gmt":"2024-10-16T16:38:06","guid":{"rendered":"https:\/\/brandss.com.py\/index\/?post_type=product&#038;p=59672"},"modified":"2024-10-16T16:40:22","modified_gmt":"2024-10-16T16:40:22","slug":"calzado-deportivo-femenino-on-running-cloudridge","status":"publish","type":"product","link":"https:\/\/brandss.com.py\/index\/producto\/calzado-deportivo-femenino-on-running-cloudridge\/","title":{"rendered":"CALZADO DEPORTIVO FEMENINO ON-RUNNING CLOUDRIDGE"},"content":{"rendered":"<p><img loading=\"lazy\" decoding=\"async\" class=\"\" src=\"https:\/\/upload.wikimedia.org\/wikipedia\/commons\/thumb\/9\/92\/On-cloud-logo-white-background.svg\/1200px-On-cloud-logo-white-background.svg.png\" alt=\"Archivo:On-cloud-logo-white-background.svg - Wikipedia, la enciclopedia  libre\" width=\"54\" height=\"70\" \/><\/p>\n<h1>CLOUDRIDGE<\/h1>\n<div class=\"details-tab__description\">\n<p>Emb\u00e1rcate en una aventura con total tranquilidad con el calzado On-Running Cloudridge para mujer, el activo ideal para tus caminatas de verano. Su incomparable comodidad te lleva m\u00e1s lejos en tus exploraciones para tu mayor felicidad. Ll\u00e9nate de energ\u00eda gracias a su entresuela Speedboard, un proceso \u00fanico que transforma el impacto en propulsi\u00f3n para llevarte m\u00e1s lejos sin esfuerzo innecesario de tu parte. A su dise\u00f1o se le a\u00f1ade espuma CloudTec Zero-Gravity para garantizar una amortiguaci\u00f3n \u00f3ptima y una importante absorci\u00f3n de impactos. El conjunto permite circular por senderos monta\u00f1osos con total ligereza. Su parte superior ventilada confeccionada en parte con ante vegano protege de la abrasi\u00f3n y te ofrece un ajuste perfecto gracias a su elasticidad. Una cubierta de malla 3D se extiende sobre el forro interior y la leng\u00fceta para una transpirabilidad impecable. El sistema de cordones Flexlock garantiza un ajuste seguro para tus escapadas al aire libre. Esta tecnolog\u00eda ofrece personalizaci\u00f3n del ajuste en la parte inferior o superior del zapato para mantener el pie en su sitio en todas las circunstancias. Reg\u00e1late los paisajes m\u00e1s bellos con su suela Missiongrip, el aliado de tus ascensos en cumbres rocosas. Equipado con tacos duraderos, garantiza un agarre y una tracci\u00f3n eficaces en todas las superficies. ON RUNNING CLOUDRIDGE es un zapato de trekking extremadamente liviano, dise\u00f1ado para caminatas r\u00e1pidas y eficientes. Es perfecto para practicar speed-hiking y caminatas por la monta\u00f1a. La parte superior duradera te protege de las condiciones adversas y los detalles de gamuza vegana le dan al zapato un aspecto cl\u00e1sico.<\/p>\n<h4>TECNOLOG\u00cdA:<\/h4>\n<p><b>Suela Missiongrip\u2122<\/b><br \/>\nUn patr\u00f3n variado en la banda de rodadura garantiza una tracci\u00f3n \u00f3ptima mientras corres. Un compuesto de goma especial cubre las protuberancias en zigzag de la suela para minimizar el riesgo de resbalones. La espuma Zero-Gravity CloudTec\u2122 absorbe los impactos durante la caminata.<\/p>\n<p><b>On Running Speedboard\u2122 y CloudTec\u2122<\/b><\/p>\n<p>La placa Speedboard\u2122 integrada en la plantilla proporciona soporte en la fase de rodadura del pie desde el tal\u00f3n hasta la punta. La energ\u00eda generada durante el aterrizaje se acumula y luego se libera durante el rebote.<\/p>\n<p><b>Tecnolog\u00eda FLEXLOCK<\/b><\/p>\n<p>Esta tecnolog\u00eda permite atar el zapato de forma tradicional o de una sola vez, garantizando as\u00ed el mejor ajuste. El sistema FlexLock permite atar los cordones de una sola manera o de una sola vez. Puedes ajustar los cordones de diferentes maneras en la parte superior o inferior del zapato.<\/p>\n<p><strong>Tabla de velocidad<\/strong><\/p>\n<p>Le permite transferir el impacto de la carrera a un impulso hacia adelante \u00f3ptimo.misi\u00f3ngripLa suela Missiongrip combina m\u00faltiples patrones de tracci\u00f3n para mantener el control en condiciones clim\u00e1ticas cambiantes.<\/p>\n<p><strong>Gravedad Cero<\/strong><\/p>\n<p>La espuma Zero Gravity ofrece una ligereza incomparable. La parte acolchada proporciona un agarre superior para un zapato ligero y duradero.<\/p>\n<p>&nbsp;<\/p>\n<p><span><strong>Puntos clave del<\/strong> <\/span><strong><span>calzado Cloudridge On-running<\/span><\/strong><\/p>\n<ul>\n<li><strong><span>CloudTec Zero-Gravity<\/span><\/strong><span>\u00a0: amortiguaci\u00f3n, retorno de energ\u00eda, ligereza y absorci\u00f3n de impactos<\/span><\/li>\n<li><strong><span>Speedboard<\/span><\/strong><span>: propulsi\u00f3n .<\/span><\/li>\n<li><strong><span>Suela con tacos Missiongrip<\/span><\/strong><span>: agarre, tracci\u00f3n y durabilidad.<\/span><\/li>\n<li><strong><span>Sistema de cordones Flexlock<\/span><\/strong><span>: soporte personalizado.<\/span><\/li>\n<li><strong><span>Malla 3D en la leng\u00fceta y en el forro interior<\/span><\/strong><span>: transpirabilidad.<\/span><\/li>\n<li><strong><span>Ante vegano<\/span><\/strong><span>: protecci\u00f3n y durabilidad.<\/span><\/li>\n<li><strong><span>Leng\u00fceta y tobillo acolchados<\/span><\/strong><span>: comodidad.<\/span><\/li>\n<li><strong><span>Pesta\u00f1a externa<\/span><\/strong><span> : practicidad.<\/span><\/li>\n<li><strong><span>Parte superior de tejido semiel\u00e1stico<\/span><\/strong><span>: ajuste.<\/span><\/li>\n<li><strong><span>Plantilla: <\/span><\/strong>extra\u00edble.<\/li>\n<li><strong><span>Ca\u00edda<\/span><\/strong><span> : 7 mm.<\/span><\/li>\n<li><b>Modelo<\/b>: 33.99409.<\/li>\n<li><strong><span>Colores<\/span><\/strong><span> : <span class=\"details-tab__value\" data-attribute=\"Code de produit\">glaciar-mar.<\/span><\/span><\/li>\n<li><strong>Actividad:<\/strong> Viajes al aire libre.<\/li>\n<\/ul>\n<\/div>\n<div class=\"details-tab__details-info\"><\/div>\n","protected":false},"excerpt":{"rendered":"<p>CLOUDRIDGE Emb\u00e1rcate en una aventura con total tranquilidad con el calzado On-Running Cloudridge para mujer, el activo ideal para tus<\/p>\n","protected":false},"featured_media":59673,"comment_status":"open","ping_status":"closed","template":"","meta":{"nf_dc_page":""},"product_brand":[],"product_cat":[73],"product_tag":[],"class_list":{"0":"post-59672","1":"product","2":"type-product","3":"status-publish","4":"has-post-thumbnail","6":"product_cat-femenino","8":"first","9":"instock","10":"shipping-taxable","11":"purchasable","12":"product-type-simple"},"_links":{"self":[{"href":"https:\/\/brandss.com.py\/index\/wp-json\/wp\/v2\/product\/59672","targetHints":{"allow":["GET"]}}],"collection":[{"href":"https:\/\/brandss.com.py\/index\/wp-json\/wp\/v2\/product"}],"about":[{"href":"https:\/\/brandss.com.py\/index\/wp-json\/wp\/v2\/types\/product"}],"replies":[{"embeddable":true,"href":"https:\/\/brandss.com.py\/index\/wp-json\/wp\/v2\/comments?post=59672"}],"version-history":[{"count":1,"href":"https:\/\/brandss.com.py\/index\/wp-json\/wp\/v2\/product\/59672\/revisions"}],"predecessor-version":[{"id":59685,"href":"https:\/\/brandss.com.py\/index\/wp-json\/wp\/v2\/product\/59672\/revisions\/59685"}],"wp:featuredmedia":[{"embeddable":true,"href":"https:\/\/brandss.com.py\/index\/wp-json\/wp\/v2\/media\/59673"}],"wp:attachment":[{"href":"https:\/\/brandss.com.py\/index\/wp-json\/wp\/v2\/media?parent=59672"}],"wp:term":[{"taxonomy":"product_brand","embeddable":true,"href":"https:\/\/brandss.com.py\/index\/wp-json\/wp\/v2\/product_brand?post=59672"},{"taxonomy":"product_cat","embeddable":true,"href":"https:\/\/brandss.com.py\/index\/wp-json\/wp\/v2\/product_cat?post=59672"},{"taxonomy":"product_tag","embeddable":true,"href":"https:\/\/brandss.com.py\/index\/wp-json\/wp\/v2\/product_tag?post=59672"}],"curies":[{"name":"wp","href":"https:\/\/api.w.org\/{rel}","templated":true}]}}