{"id":59686,"date":"2024-10-16T17:50:08","date_gmt":"2024-10-16T17:50:08","guid":{"rendered":"https:\/\/brandss.com.py\/index\/?post_type=product&#038;p=59686"},"modified":"2024-10-16T17:50:52","modified_gmt":"2024-10-16T17:50:52","slug":"calzado-deportivo-femenino-on-running-cloud-dip","status":"publish","type":"product","link":"https:\/\/brandss.com.py\/index\/producto\/calzado-deportivo-femenino-on-running-cloud-dip\/","title":{"rendered":"CALZADO DEPORTIVO FEMENINO ON RUNNING CLOUD DIP"},"content":{"rendered":"<p><img loading=\"lazy\" decoding=\"async\" class=\"\" src=\"https:\/\/upload.wikimedia.org\/wikipedia\/commons\/thumb\/9\/92\/On-cloud-logo-white-background.svg\/1200px-On-cloud-logo-white-background.svg.png\" alt=\"Archivo:On-cloud-logo-white-background.svg - Wikipedia, la enciclopedia  libre\" width=\"60\" height=\"78\" \/><\/p>\n<h1>CLOUD DIP<\/h1>\n<p>Cloud Dip con parte superior de algod\u00f3n bal\u00edstico y guardabarros de 360\u00b0 inspirado en los calzados de trail. Equipado con la misma tecnolog\u00eda de vanguardia que Cloud, lleva el dise\u00f1o ic\u00f3nico de Cloud a nuevas alturas. La banda de rodadura incomparable te mantiene avanzando. Te espera una aventura. Con Cloud Dip, siempre estar\u00e1s listo. Los calzados c\u00f3modos de On Running Cloud Dip son la elecci\u00f3n perfecta para cualquier atuendo diario. Estos zapatos agregar\u00e1n estilo a su armario. P\u00f3ntelos y sal a caminar, trabajar o explorar nuevos lugares. \u00a1T\u00fa decides!<\/p>\n<p>Los zapatos se mantienen en color: Negro, la parte superior est\u00e1 hecha de: Sint\u00e9tico, el revestimiento est\u00e1 hecho de: Textil y ofrece comodidad y conveniencia para sus pies. Todo se completa con una suela de: Caucho.<\/p>\n<p>Elige los zapatos que m\u00e1s te sientan y deja que Brands te haga m\u00e1s feliz<\/p>\n<h3>Detalles:<\/h3>\n<table class=\"n54117_dictionary\" style=\"height: 494px\" width=\"380\">\n<tbody>\n<tr class=\"element\">\n<td class=\"n54117_item_a1\"><strong>Marca<\/strong><\/td>\n<td class=\"n54117_item_b1\">\n<div class=\"n54117_item_b_sub\">\u00a0On-Running<\/div>\n<\/td>\n<\/tr>\n<tr class=\"element\">\n<td class=\"n54117_item_a2\"><strong>Modelo<span class=\"n67256colon\">:<\/span><\/strong><\/td>\n<td class=\"n54117_item_b2\">\n<div class=\"n54117_item_b_sub\">\u00a01899873<\/div>\n<\/td>\n<\/tr>\n<tr class=\"element\">\n<td class=\"n54117_item_a1\"><strong>Superior<span class=\"n67256colon\">:<\/span><\/strong><\/td>\n<td class=\"n54117_item_b1\">\n<div class=\"n54117_item_b_sub\">\u00a0Sint\u00e9tico, <span style=\"font-family: inherit;font-size: inherit\">material textil<\/span><\/div>\n<\/td>\n<\/tr>\n<tr class=\"element\">\n<td class=\"n54117_item_a2\"><strong>Plantilla<span class=\"n67256colon\">:<\/span><\/strong><\/td>\n<td class=\"n54117_item_b2\">\n<div class=\"n54117_item_b_sub\">\u00a0Textil<\/div>\n<\/td>\n<\/tr>\n<tr class=\"element\">\n<td class=\"n54117_item_a1\"><strong>Material de la suela<span class=\"n67256colon\">:<\/span><\/strong><\/td>\n<td class=\"n54117_item_b1\">\n<div class=\"n54117_item_b_sub\">\u00a0Caucho<\/div>\n<\/td>\n<\/tr>\n<tr class=\"element\">\n<td class=\"n54117_item_a2\"><strong>Color<span class=\"n67256colon\">:<\/span><\/strong><\/td>\n<td class=\"n54117_item_b2\">\n<div class=\"n54117_item_b_sub\">\u00a0Azul Petr\u00f3leo<\/div>\n<\/td>\n<\/tr>\n<tr class=\"element\">\n<td class=\"n54117_item_a1\"><strong>Tipo<span class=\"n67256colon\">:<\/span><\/strong><\/td>\n<td class=\"n54117_item_b1\">\n<div class=\"n54117_item_b_sub\">\u00a0Calzado de running<\/div>\n<\/td>\n<\/tr>\n<tr class=\"element\">\n<td class=\"n54117_item_a2\"><strong>G\u00e9nero<span class=\"n67256colon\">:<\/span><\/strong><\/td>\n<td class=\"n54117_item_b2\">\n<div class=\"n54117_item_b_sub\">\u00a0Femenino<\/div>\n<\/td>\n<\/tr>\n<tr class=\"element\">\n<td class=\"n54117_item_a1\"><strong>Temporada<span class=\"n67256colon\">:<\/span><\/strong><\/td>\n<td class=\"n54117_item_b1\">\n<div class=\"n54117_item_b_sub\">\u00a0Todo el a\u00f1o<\/div>\n<\/td>\n<\/tr>\n<tr class=\"element\">\n<td class=\"n54117_item_a2\"><strong>Tecnolog\u00edas<span class=\"n67256colon\">:<\/span><\/strong><\/td>\n<td class=\"n54117_item_b2\">\n<div class=\"n54117_item_b_sub\">\u00a0CloudTec\u00ae<\/div>\n<div class=\"n54117_item_b_sub\">\u00a0Speedboard\u2122<\/div>\n<div class=\"n54117_item_b_sub\">\u00a0Zero Gravity<\/div>\n<\/td>\n<\/tr>\n<tr class=\"element\">\n<td class=\"n54117_item_a1\"><strong>Categor\u00eda<span class=\"n67256colon\">:<\/span><\/strong><\/td>\n<td class=\"n54117_item_b1\">\n<div class=\"n54117_item_b_sub\">\u00a0Calzado deportivo<\/div>\n<\/td>\n<\/tr>\n<tr class=\"element\">\n<td class=\"n54117_item_a2\"><strong>Altura de los zapatos<span class=\"n67256colon\">:<\/span><\/strong><\/td>\n<td class=\"n54117_item_b2\">\n<div class=\"n54117_item_b_sub\">\u00a0Low Top<\/div>\n<\/td>\n<\/tr>\n<\/tbody>\n<\/table>\n","protected":false},"excerpt":{"rendered":"<p>CLOUD DIP Cloud Dip con parte superior de algod\u00f3n bal\u00edstico y guardabarros de 360\u00b0 inspirado en los calzados de trail.<\/p>\n","protected":false},"featured_media":59687,"comment_status":"open","ping_status":"closed","template":"","meta":{"nf_dc_page":""},"product_brand":[],"product_cat":[73],"product_tag":[],"class_list":{"0":"post-59686","1":"product","2":"type-product","3":"status-publish","4":"has-post-thumbnail","6":"product_cat-femenino","8":"first","9":"instock","10":"shipping-taxable","11":"purchasable","12":"product-type-simple"},"_links":{"self":[{"href":"https:\/\/brandss.com.py\/index\/wp-json\/wp\/v2\/product\/59686","targetHints":{"allow":["GET"]}}],"collection":[{"href":"https:\/\/brandss.com.py\/index\/wp-json\/wp\/v2\/product"}],"about":[{"href":"https:\/\/brandss.com.py\/index\/wp-json\/wp\/v2\/types\/product"}],"replies":[{"embeddable":true,"href":"https:\/\/brandss.com.py\/index\/wp-json\/wp\/v2\/comments?post=59686"}],"version-history":[{"count":1,"href":"https:\/\/brandss.com.py\/index\/wp-json\/wp\/v2\/product\/59686\/revisions"}],"predecessor-version":[{"id":59696,"href":"https:\/\/brandss.com.py\/index\/wp-json\/wp\/v2\/product\/59686\/revisions\/59696"}],"wp:featuredmedia":[{"embeddable":true,"href":"https:\/\/brandss.com.py\/index\/wp-json\/wp\/v2\/media\/59687"}],"wp:attachment":[{"href":"https:\/\/brandss.com.py\/index\/wp-json\/wp\/v2\/media?parent=59686"}],"wp:term":[{"taxonomy":"product_brand","embeddable":true,"href":"https:\/\/brandss.com.py\/index\/wp-json\/wp\/v2\/product_brand?post=59686"},{"taxonomy":"product_cat","embeddable":true,"href":"https:\/\/brandss.com.py\/index\/wp-json\/wp\/v2\/product_cat?post=59686"},{"taxonomy":"product_tag","embeddable":true,"href":"https:\/\/brandss.com.py\/index\/wp-json\/wp\/v2\/product_tag?post=59686"}],"curies":[{"name":"wp","href":"https:\/\/api.w.org\/{rel}","templated":true}]}}