{"id":59697,"date":"2024-10-16T18:31:03","date_gmt":"2024-10-16T18:31:03","guid":{"rendered":"https:\/\/brandss.com.py\/index\/?post_type=product&#038;p=59697"},"modified":"2024-10-16T18:31:39","modified_gmt":"2024-10-16T18:31:39","slug":"calzado-deportivo-femenino-on-running-cloud-w","status":"publish","type":"product","link":"https:\/\/brandss.com.py\/index\/producto\/calzado-deportivo-femenino-on-running-cloud-w\/","title":{"rendered":"CALZADO DEPORTIVO FEMENINO ON-RUNNING CLOUD W"},"content":{"rendered":"<p><img loading=\"lazy\" decoding=\"async\" class=\"\" src=\"https:\/\/upload.wikimedia.org\/wikipedia\/commons\/thumb\/9\/92\/On-cloud-logo-white-background.svg\/1200px-On-cloud-logo-white-background.svg.png\" alt=\"Archivo:On-cloud-logo-white-background.svg - Wikipedia, la enciclopedia  libre\" width=\"63\" height=\"81\" \/><\/p>\n<h1><span style=\"color: #1b1919;font-size: 28px\">CLOUD W<\/span><\/h1>\n<p><span>\u00a0\u00a1La Cloud con suela nueva!<\/span><\/p>\n<p>El calzado On-Running Cloud \u00a0para\u00a0mujer\u00a0regresa con un nuevo look para acompa\u00f1arte durante\u00a0tus\u00a0sesiones\u00a0de running\u00a0.\u00a0Ideal en\u00a0carreteras\u00a0y\u00a0caminos , as\u00ed como para tu vida diaria, este zapato te ofrece un impulso natural.\u00a0La nueva suela CloudTec, completamente redise\u00f1ada, te brinda a\u00fan m\u00e1s\u00a0comodidad\u00a0durante tus desplazamientos diarios y tus entrenamientos. Este proceso espec\u00edfico de la marca\u00a0sigue\u00a0tus\u00a0pasos\u00a0y el terreno. \u00a1Te beneficiar\u00e1s de\u00a0una amortiguaci\u00f3n\u00a0incomparable sin dejar de ser ligero!<\/p>\n<p>La suela tiene\u00a0ranuras\u00a0que le brindan un mejor agarre en terreno mojado. Las muescas de flexi\u00f3n as\u00ed como el surco central favorecen una zancada m\u00e1s\u00a0natural\u00a0durante todo tu\u00a0entrenamiento de carrera. La parte superior de malla\u00a0ventilada\u00a0garantiza\u00a0una r\u00e1pida evacuaci\u00f3n\u00a0del sudor para mayor\u00a0comodidad\u00a0. Los cordones el\u00e1sticos de las\u00a0zapatillas On-Running Cloud\u00a0te brindan una sujeci\u00f3n perfecta para tu pie y un ajuste sin puntos de presi\u00f3n.<\/p>\n<h3><span class=\"m-accordion__header\"><span class=\"m-accordion__header__title\"><span>Tecnolog\u00edas<\/span><\/span><\/span><\/h3>\n<div class=\"m-accordion__content js-readMore\">\n<div class=\"m-readMore__content js-readMore-container\">\n<div class=\"prdDtl__contentSection__content\">\n<dl>\n<dt><strong>Nubetec<\/strong><\/dt>\n<dd>Los elementos de la nube se comprimen horizontal y verticalmente seg\u00fan tu estilo de carrera. Los impactos est\u00e1n amortiguados para reducir la fatiga muscular. Las Nubes se relajan cuando el pie deja el suelo para un efecto de propulsi\u00f3n hacia adelante.<\/dd>\n<dt><strong>Patrones de panal<\/strong><\/dt>\n<dt><\/dt>\n<dt><\/dt>\n<dd>Cada una de las &#8220;nubes&#8221; proporciona un agarre de calidad en carreteras y caminos.<\/dd>\n<dd><\/dd>\n<dd><\/dd>\n<dt><strong>Tabla de velocidad<\/strong><\/dt>\n<dt><\/dt>\n<dt><\/dt>\n<dd>Le permite transferir el impacto de la carrera a un impulso hacia adelante \u00f3ptimo.<\/dd>\n<dd><\/dd>\n<\/dl>\n<p><strong>Puntos clave del <span>calzado On-Running Cloud<\/span><br \/>\n<\/strong><\/p>\n<ul>\n<li><strong><span>CloudTec<\/span><\/strong><span> : impulso y amortiguaci\u00f3n.<\/span><\/li>\n<li><strong><span>Speedboard<\/span><\/strong><span> : carrera natural y flexible.<\/span><\/li>\n<li><strong><span>Surco central<\/span><\/strong><span> : adaptabilidad al terreno.<\/span><\/li>\n<li><strong><span>Muescas de flexi\u00f3n<\/span><\/strong><span>\u00a0: movimiento natural del pie.<\/span><\/li>\n<li><strong><span>Parte superior de malla de aire<\/span><\/strong><span> : transpirabilidad.<\/span><\/li>\n<li><strong><span>Cordones el\u00e1sticos<\/span><\/strong><span>\u00a0: sujeci\u00f3n y ajuste.<\/span><\/li>\n<li><strong><span>Se proporciona un par de cordones.<\/span><\/strong><\/li>\n<li><strong><span>Ca\u00edda<\/span><\/strong><span> \u00a0: 6 mm.<\/span><\/li>\n<li><strong><span>Modelo<\/span><\/strong><span>: 19.5714.<\/span><\/li>\n<li><strong><span>Colores<\/span><\/strong><span> : verde y blanco.<\/span><\/li>\n<\/ul>\n<\/div>\n<\/div>\n<\/div>\n","protected":false},"excerpt":{"rendered":"<p>CLOUD W \u00a0\u00a1La Cloud con suela nueva! El calzado On-Running Cloud \u00a0para\u00a0mujer\u00a0regresa con un nuevo look para acompa\u00f1arte durante\u00a0tus\u00a0sesiones\u00a0de running\u00a0.\u00a0Ideal<\/p>\n","protected":false},"featured_media":59698,"comment_status":"open","ping_status":"closed","template":"","meta":{"nf_dc_page":""},"product_brand":[],"product_cat":[73],"product_tag":[],"class_list":{"0":"post-59697","1":"product","2":"type-product","3":"status-publish","4":"has-post-thumbnail","6":"product_cat-femenino","8":"first","9":"instock","10":"shipping-taxable","11":"purchasable","12":"product-type-simple"},"_links":{"self":[{"href":"https:\/\/brandss.com.py\/index\/wp-json\/wp\/v2\/product\/59697","targetHints":{"allow":["GET"]}}],"collection":[{"href":"https:\/\/brandss.com.py\/index\/wp-json\/wp\/v2\/product"}],"about":[{"href":"https:\/\/brandss.com.py\/index\/wp-json\/wp\/v2\/types\/product"}],"replies":[{"embeddable":true,"href":"https:\/\/brandss.com.py\/index\/wp-json\/wp\/v2\/comments?post=59697"}],"version-history":[{"count":1,"href":"https:\/\/brandss.com.py\/index\/wp-json\/wp\/v2\/product\/59697\/revisions"}],"predecessor-version":[{"id":59704,"href":"https:\/\/brandss.com.py\/index\/wp-json\/wp\/v2\/product\/59697\/revisions\/59704"}],"wp:featuredmedia":[{"embeddable":true,"href":"https:\/\/brandss.com.py\/index\/wp-json\/wp\/v2\/media\/59698"}],"wp:attachment":[{"href":"https:\/\/brandss.com.py\/index\/wp-json\/wp\/v2\/media?parent=59697"}],"wp:term":[{"taxonomy":"product_brand","embeddable":true,"href":"https:\/\/brandss.com.py\/index\/wp-json\/wp\/v2\/product_brand?post=59697"},{"taxonomy":"product_cat","embeddable":true,"href":"https:\/\/brandss.com.py\/index\/wp-json\/wp\/v2\/product_cat?post=59697"},{"taxonomy":"product_tag","embeddable":true,"href":"https:\/\/brandss.com.py\/index\/wp-json\/wp\/v2\/product_tag?post=59697"}],"curies":[{"name":"wp","href":"https:\/\/api.w.org\/{rel}","templated":true}]}}