{"id":59713,"date":"2024-10-17T12:02:27","date_gmt":"2024-10-17T12:02:27","guid":{"rendered":"https:\/\/brandss.com.py\/index\/?post_type=product&#038;p=59713"},"modified":"2024-10-17T12:03:14","modified_gmt":"2024-10-17T12:03:14","slug":"calzado-deportivo-femenino-on-running-cloudnova-wrap","status":"publish","type":"product","link":"https:\/\/brandss.com.py\/index\/producto\/calzado-deportivo-femenino-on-running-cloudnova-wrap\/","title":{"rendered":"CALZADO DEPORTIVO FEMENINO ON-RUNNING CLOUDNOVA WRAP"},"content":{"rendered":"<p><img loading=\"lazy\" decoding=\"async\" class=\"\" src=\"https:\/\/upload.wikimedia.org\/wikipedia\/commons\/thumb\/9\/92\/On-cloud-logo-white-background.svg\/1200px-On-cloud-logo-white-background.svg.png\" alt=\"Archivo:On-cloud-logo-white-background.svg - Wikipedia, la enciclopedia  libre\" width=\"61\" height=\"79\" \/><\/p>\n<h1>CLOUDNOVA WRAP<\/h1>\n<div class=\"product attribute description\">\n<p class=\"value\">La Cloudnova Wrap combina el running de alto rendimiento con una novedosa silueta de calzado deportivo para un estilo informal, lo que la hace perfecta para terrenos urbanos. La construcci\u00f3n reforzada y acolchada de la plantilla proporciona una comodidad superior. Una zona del tal\u00f3n acolchada y un innovador sistema de cordones en zigzag tambi\u00e9n proporcionan un ajuste perfecto y la m\u00e1xima libertad de movimiento. Combinado con los elementos CloudTec\u00ae y una tabla de velocidad especial, la zapatilla tiene una amortiguaci\u00f3n \u00fanica y una comodidad duradera. Los elementos de goma integrados tambi\u00e9n promueven el movimiento de rodadura natural.<\/p>\n<p>\u00a1Comodidad moderna como nunca antes! El ON Cloudnova Wrap est\u00e1 dise\u00f1ado para que tus pies vuelen. C\u00f3modas y c\u00f3modas, estos calzados para correr cuentan con CloudTec de pr\u00f3xima generaci\u00f3n que garantiza una amortiguaci\u00f3n liviana y un Speedboard personalizado que agrega rebote a tus pasos. El sutil acabado degradado le da un aspecto moderno que puedes usar dondequiera que vayas. Gana credibilidad en la calle con el innegablemente c\u00f3modo ON Cloudnova Wrap.<\/p>\n<p><strong>Caracter\u00edsticas de ON Cloudnova Wrap:<\/strong><\/p>\n<p>La parte superior en capas con material transpirable brinda una apariencia elegante y te mantiene fresco.<br \/>\nEl sistema de cordones con cinta proporciona un ajuste ce\u00f1ido.<br \/>\nEl calcet\u00edn interior acolchado proporciona un soporte adecuado.<br \/>\nEl dise\u00f1o r\u00e1pido de poner y reaccionar te prepara para dominar las calles r\u00e1pidamente.<\/p>\n<\/div>\n<div class=\"additional-attributes-wrapper table-wrapper\">\n<table id=\"product-attribute-specs-table\" class=\"data table additional-attributes\">\n<tbody>\n<tr>\n<th class=\"col label\" scope=\"row\"><span>Modelo:<\/span><\/th>\n<td class=\"col data\" data-th=\"Article Number\"><span>\u00a026.99176<\/span><\/td>\n<\/tr>\n<tr>\n<th class=\"col label\" scope=\"row\"><span>G\u00e9nero:<\/span><\/th>\n<td class=\"col data\" data-th=\"Gender\"><span>\u00a0Femenino<\/span><\/td>\n<\/tr>\n<tr>\n<th class=\"col label\" scope=\"row\"><span>Color:<\/span><\/th>\n<td class=\"col data\" data-th=\"Color\">Yellow\/Evergreen<\/td>\n<\/tr>\n<tr>\n<th class=\"col label\" scope=\"row\"><span>Material:<\/span><\/th>\n<td class=\"col data\" data-th=\"Material\"><span>Completo: 100% Cuero\/Textil<\/span><\/td>\n<\/tr>\n<\/tbody>\n<\/table>\n<\/div>\n","protected":false},"excerpt":{"rendered":"<p>CLOUDNOVA WRAP La Cloudnova Wrap combina el running de alto rendimiento con una novedosa silueta de calzado deportivo para un<\/p>\n","protected":false},"featured_media":59714,"comment_status":"open","ping_status":"closed","template":"","meta":{"nf_dc_page":""},"product_brand":[],"product_cat":[73],"product_tag":[],"class_list":{"0":"post-59713","1":"product","2":"type-product","3":"status-publish","4":"has-post-thumbnail","6":"product_cat-femenino","8":"first","9":"instock","10":"shipping-taxable","11":"purchasable","12":"product-type-simple"},"_links":{"self":[{"href":"https:\/\/brandss.com.py\/index\/wp-json\/wp\/v2\/product\/59713","targetHints":{"allow":["GET"]}}],"collection":[{"href":"https:\/\/brandss.com.py\/index\/wp-json\/wp\/v2\/product"}],"about":[{"href":"https:\/\/brandss.com.py\/index\/wp-json\/wp\/v2\/types\/product"}],"replies":[{"embeddable":true,"href":"https:\/\/brandss.com.py\/index\/wp-json\/wp\/v2\/comments?post=59713"}],"version-history":[{"count":1,"href":"https:\/\/brandss.com.py\/index\/wp-json\/wp\/v2\/product\/59713\/revisions"}],"predecessor-version":[{"id":59728,"href":"https:\/\/brandss.com.py\/index\/wp-json\/wp\/v2\/product\/59713\/revisions\/59728"}],"wp:featuredmedia":[{"embeddable":true,"href":"https:\/\/brandss.com.py\/index\/wp-json\/wp\/v2\/media\/59714"}],"wp:attachment":[{"href":"https:\/\/brandss.com.py\/index\/wp-json\/wp\/v2\/media?parent=59713"}],"wp:term":[{"taxonomy":"product_brand","embeddable":true,"href":"https:\/\/brandss.com.py\/index\/wp-json\/wp\/v2\/product_brand?post=59713"},{"taxonomy":"product_cat","embeddable":true,"href":"https:\/\/brandss.com.py\/index\/wp-json\/wp\/v2\/product_cat?post=59713"},{"taxonomy":"product_tag","embeddable":true,"href":"https:\/\/brandss.com.py\/index\/wp-json\/wp\/v2\/product_tag?post=59713"}],"curies":[{"name":"wp","href":"https:\/\/api.w.org\/{rel}","templated":true}]}}