{"id":59731,"date":"2024-10-17T13:34:05","date_gmt":"2024-10-17T13:34:05","guid":{"rendered":"https:\/\/brandss.com.py\/index\/?post_type=product&#038;p=59731"},"modified":"2024-10-17T13:35:34","modified_gmt":"2024-10-17T13:35:34","slug":"calzado-deportivo-femenino-on-running-cloudnova-wrap-2","status":"publish","type":"product","link":"https:\/\/brandss.com.py\/index\/producto\/calzado-deportivo-femenino-on-running-cloudnova-wrap-2\/","title":{"rendered":"CALZADO DEPORTIVO FEMENINO ON-RUNNING CLOUDNOVA WRAP"},"content":{"rendered":"<div class=\"product attribute description\">\n<p><img loading=\"lazy\" decoding=\"async\" class=\"\" src=\"https:\/\/upload.wikimedia.org\/wikipedia\/commons\/thumb\/9\/92\/On-cloud-logo-white-background.svg\/1200px-On-cloud-logo-white-background.svg.png\" alt=\"Archivo:On-cloud-logo-white-background.svg - Wikipedia, la enciclopedia  libre\" width=\"63\" height=\"82\" \/><\/p>\n<p>&nbsp;<\/p>\n<h1>CLOUDNOVA WRAP<\/h1>\n<p class=\"value\">La Cloudnova Wrap combina el running de alto rendimiento con una novedosa silueta de calzado deportivo para un estilo informal, lo que la hace perfecta para terrenos urbanos. La construcci\u00f3n reforzada y acolchada de la plantilla proporciona una comodidad superior. Una zona del tal\u00f3n acolchada y un innovador sistema de cordones en zigzag tambi\u00e9n proporcionan un ajuste perfecto y la m\u00e1xima libertad de movimiento. Combinado con los elementos CloudTec\u00ae y una tabla de velocidad especial, el calzado tiene una amortiguaci\u00f3n \u00fanica y una comodidad duradera. Los elementos de goma integrados tambi\u00e9n promueven el movimiento de rodadura natural.<\/p>\n<p class=\"accordion__paragraph\">En Cloudnova Wrap: calzados exclusivos para mujeres que no querr\u00e1s quitarte. Estos calzados ultraligeras convencen por sus cordones innovadores, su dise\u00f1o atemporal y un ajuste ce\u00f1ido \u00fanico que garantiza el m\u00e1ximo confort.<\/p>\n<div class=\"accordion__title\"><strong><span class=\"accordion__title-left\">Detalles t\u00e9cnicos<\/span><\/strong><\/div>\n<div>\n<ul class=\"accordion__list\">\n<li class=\"accordion__list-item\">Parte superior de lona suave, ligera y transpirable.<\/li>\n<li class=\"accordion__list-item\">Interior acolchado<\/li>\n<li class=\"accordion__list-item\">Especialmente adaptado al perfil del pie femenino.<\/li>\n<li class=\"accordion__list-item\">Corte ajustado<\/li>\n<li class=\"accordion__list-item\">Innovador sistema de cordones con correas que permite que el zapato se ajuste completamente a tu pie.<\/li>\n<li class=\"accordion__list-item\">Tecnolog\u00eda CloudTec\u00ae: garantiza un aterrizaje suave y acolchado y absorbe los golpes<\/li>\n<li class=\"accordion__list-item\">Speedboard\u2122: convierte la energ\u00eda del aterrizaje en movimiento hacia adelante<\/li>\n<\/ul>\n<table id=\"product-attribute-specs-table\" class=\"data table additional-attributes\">\n<tbody>\n<tr>\n<th class=\"col label\" scope=\"row\">Modelo:<\/th>\n<td class=\"col data\" data-th=\"Article Number\">\u00a026.99175<\/td>\n<\/tr>\n<tr>\n<th class=\"col label\" scope=\"row\">G\u00e9nero:<\/th>\n<td class=\"col data\" data-th=\"Gender\">\u00a0Femenino<\/td>\n<\/tr>\n<tr>\n<th class=\"col label\" scope=\"row\">Color:<\/th>\n<td class=\"col data\" data-th=\"Color\">\u00a0ZINC | LAVANDA<\/td>\n<\/tr>\n<tr>\n<th class=\"col label\" scope=\"row\">Material:<\/th>\n<td class=\"col data\" data-th=\"Material\">\u00a0Completo: 100% Cuero\/Textil<\/td>\n<\/tr>\n<\/tbody>\n<\/table>\n<\/div>\n<\/div>\n","protected":false},"excerpt":{"rendered":"<p>&nbsp; CLOUDNOVA WRAP La Cloudnova Wrap combina el running de alto rendimiento con una novedosa silueta de calzado deportivo para<\/p>\n","protected":false},"featured_media":59732,"comment_status":"open","ping_status":"closed","template":"","meta":{"nf_dc_page":""},"product_brand":[],"product_cat":[73],"product_tag":[],"class_list":{"0":"post-59731","1":"product","2":"type-product","3":"status-publish","4":"has-post-thumbnail","6":"product_cat-femenino","8":"first","9":"instock","10":"shipping-taxable","11":"purchasable","12":"product-type-simple"},"_links":{"self":[{"href":"https:\/\/brandss.com.py\/index\/wp-json\/wp\/v2\/product\/59731","targetHints":{"allow":["GET"]}}],"collection":[{"href":"https:\/\/brandss.com.py\/index\/wp-json\/wp\/v2\/product"}],"about":[{"href":"https:\/\/brandss.com.py\/index\/wp-json\/wp\/v2\/types\/product"}],"replies":[{"embeddable":true,"href":"https:\/\/brandss.com.py\/index\/wp-json\/wp\/v2\/comments?post=59731"}],"version-history":[{"count":1,"href":"https:\/\/brandss.com.py\/index\/wp-json\/wp\/v2\/product\/59731\/revisions"}],"predecessor-version":[{"id":59751,"href":"https:\/\/brandss.com.py\/index\/wp-json\/wp\/v2\/product\/59731\/revisions\/59751"}],"wp:featuredmedia":[{"embeddable":true,"href":"https:\/\/brandss.com.py\/index\/wp-json\/wp\/v2\/media\/59732"}],"wp:attachment":[{"href":"https:\/\/brandss.com.py\/index\/wp-json\/wp\/v2\/media?parent=59731"}],"wp:term":[{"taxonomy":"product_brand","embeddable":true,"href":"https:\/\/brandss.com.py\/index\/wp-json\/wp\/v2\/product_brand?post=59731"},{"taxonomy":"product_cat","embeddable":true,"href":"https:\/\/brandss.com.py\/index\/wp-json\/wp\/v2\/product_cat?post=59731"},{"taxonomy":"product_tag","embeddable":true,"href":"https:\/\/brandss.com.py\/index\/wp-json\/wp\/v2\/product_tag?post=59731"}],"curies":[{"name":"wp","href":"https:\/\/api.w.org\/{rel}","templated":true}]}}