{"id":59753,"date":"2024-10-17T14:39:54","date_gmt":"2024-10-17T14:39:54","guid":{"rendered":"https:\/\/brandss.com.py\/index\/?post_type=product&#038;p=59753"},"modified":"2024-10-17T14:41:08","modified_gmt":"2024-10-17T14:41:08","slug":"calzado-deportivo-femenino-on-running-cloudnova-wrap-3","status":"publish","type":"product","link":"https:\/\/brandss.com.py\/index\/producto\/calzado-deportivo-femenino-on-running-cloudnova-wrap-3\/","title":{"rendered":"CALZADO DEPORTIVO FEMENINO ON-RUNNING CLOUDNOVA WRAP"},"content":{"rendered":"<div class=\"product attribute description\">\n<p><img loading=\"lazy\" decoding=\"async\" class=\"\" src=\"https:\/\/upload.wikimedia.org\/wikipedia\/commons\/thumb\/9\/92\/On-cloud-logo-white-background.svg\/1200px-On-cloud-logo-white-background.svg.png\" alt=\"Archivo:On-cloud-logo-white-background.svg - Wikipedia, la enciclopedia  libre\" width=\"54\" height=\"70\" \/><\/p>\n<h1>CLOUDNOVA WRAP<\/h1>\n<p class=\"value\"><span>La Cloudnova Wrap combina el running de alto rendimiento con una nueva silueta de calzado deportivo para un estilo informal, lo que la hace perfecta para terrenos urbanos. La construcci\u00f3n reforzada y acolchada de la plantilla proporciona una comodidad superior. Una zona del tal\u00f3n acolchada y el innovador sistema de cordones en zigzag tambi\u00e9n ofrecen un ajuste perfecto y la m\u00e1xima libertad de movimiento. Combinado con los elementos CloudTec y un speedboard especial, el calzado tiene una amortiguaci\u00f3n \u00fanica y una comodidad duradera. Los elementos de goma integrados tambi\u00e9n promueven un movimiento de rodadura natural.<\/span><\/p>\n<p>La ON Cloundnova, fabricada por la empresa suiza, combina la exclusiva tecnolog\u00eda CloudTec de ON con la est\u00e9tica de un calzado deportivo. El resultado es un calzado deportivo s\u00faper c\u00f3modo y elegante con todas las ventajas de un calzado deportivo ON.<\/p>\n<p>Los cazados para todo el d\u00eda infundido con tecnolog\u00eda de rendimiento. Cuenta con innovadores cordones de cinta para un ajuste \u00fanico y personalizado.<\/p>\n<h4>Caracter\u00edsticas:<\/h4>\n<p>CloudTec\u00ae de pr\u00f3xima generaci\u00f3n garantiza un aterrizaje acolchado y el Speedboard\u00ae hecho a medida pone m\u00e1s que un simple resorte en su paso.El nuevo sistema de cordones de cinta asegura el ajuste \u00f3ptimo, personalizado para ti.<\/p>\n<p>El interior acolchado es suave y brinda soporte para mantenerte en plena forma durante todo el d\u00eda. La parte superior en capas ofrece m\u00e1s que solo credibilidad callejera: es liviana y transpirable para que te veas y te sientas fresco.<\/p>\n<p>Dise\u00f1ado espec\u00edficamente teniendo en cuenta el perfil del pie de la mujer, el Cloudnova Wrap ofrece un ajuste c\u00f3modo como ning\u00fan otro.<\/p>\n<p><strong>Ideal para:<\/strong> uso diario, viajes y exploraci\u00f3n urbana<\/p>\n<p><strong>Especificaciones:<\/strong><\/p>\n<p><strong>Drop:<\/strong> 7 mm<\/p>\n<p><strong>Peso:<\/strong> 261 g<\/p>\n<p><strong>Amortiguaci\u00f3n:<\/strong> Media<\/p>\n<p><strong>Ajuste:<\/strong> Recto, se ajusta a tu talla<\/p>\n<p><strong>Color:<\/strong>\u00a0\u00a0Leaf\/Cumin<\/p>\n<p><strong>Modelo:<\/strong> 26.99397.<\/p>\n<p><strong>G\u00e9nero:<\/strong> Femenino.<\/p>\n<p><strong>Material:<\/strong> Completo: 100 % sint\u00e9tico\/textil<\/p>\n<\/div>\n","protected":false},"excerpt":{"rendered":"<p>CLOUDNOVA WRAP La Cloudnova Wrap combina el running de alto rendimiento con una nueva silueta de calzado deportivo para un<\/p>\n","protected":false},"featured_media":59754,"comment_status":"open","ping_status":"closed","template":"","meta":{"nf_dc_page":""},"product_brand":[],"product_cat":[73],"product_tag":[],"class_list":{"0":"post-59753","1":"product","2":"type-product","3":"status-publish","4":"has-post-thumbnail","6":"product_cat-femenino","8":"first","9":"instock","10":"shipping-taxable","11":"purchasable","12":"product-type-simple"},"_links":{"self":[{"href":"https:\/\/brandss.com.py\/index\/wp-json\/wp\/v2\/product\/59753","targetHints":{"allow":["GET"]}}],"collection":[{"href":"https:\/\/brandss.com.py\/index\/wp-json\/wp\/v2\/product"}],"about":[{"href":"https:\/\/brandss.com.py\/index\/wp-json\/wp\/v2\/types\/product"}],"replies":[{"embeddable":true,"href":"https:\/\/brandss.com.py\/index\/wp-json\/wp\/v2\/comments?post=59753"}],"version-history":[{"count":1,"href":"https:\/\/brandss.com.py\/index\/wp-json\/wp\/v2\/product\/59753\/revisions"}],"predecessor-version":[{"id":59764,"href":"https:\/\/brandss.com.py\/index\/wp-json\/wp\/v2\/product\/59753\/revisions\/59764"}],"wp:featuredmedia":[{"embeddable":true,"href":"https:\/\/brandss.com.py\/index\/wp-json\/wp\/v2\/media\/59754"}],"wp:attachment":[{"href":"https:\/\/brandss.com.py\/index\/wp-json\/wp\/v2\/media?parent=59753"}],"wp:term":[{"taxonomy":"product_brand","embeddable":true,"href":"https:\/\/brandss.com.py\/index\/wp-json\/wp\/v2\/product_brand?post=59753"},{"taxonomy":"product_cat","embeddable":true,"href":"https:\/\/brandss.com.py\/index\/wp-json\/wp\/v2\/product_cat?post=59753"},{"taxonomy":"product_tag","embeddable":true,"href":"https:\/\/brandss.com.py\/index\/wp-json\/wp\/v2\/product_tag?post=59753"}],"curies":[{"name":"wp","href":"https:\/\/api.w.org\/{rel}","templated":true}]}}