{"id":59788,"date":"2024-10-17T19:19:29","date_gmt":"2024-10-17T19:19:29","guid":{"rendered":"https:\/\/brandss.com.py\/index\/?post_type=product&#038;p=59788"},"modified":"2024-10-17T19:19:56","modified_gmt":"2024-10-17T19:19:56","slug":"calzado-deportivo-femenino-on-running-cloudventure","status":"publish","type":"product","link":"https:\/\/brandss.com.py\/index\/producto\/calzado-deportivo-femenino-on-running-cloudventure\/","title":{"rendered":"CALZADO DEPORTIVO FEMENINO ON-RUNNING CLOUDVENTURE"},"content":{"rendered":"<p><img loading=\"lazy\" decoding=\"async\" class=\"\" src=\"https:\/\/upload.wikimedia.org\/wikipedia\/commons\/thumb\/9\/92\/On-cloud-logo-white-background.svg\/1200px-On-cloud-logo-white-background.svg.png\" alt=\"Archivo:On-cloud-logo-white-background.svg - Wikipedia, la enciclopedia  libre\" width=\"47\" height=\"61\" \/><\/p>\n<h1>CLOUDVENTURE<\/h1>\n<p>El nuevo calzado On-Running Cloudventure\u00a0est\u00e1 hecha para\u00a0corredores de trail \u00a0que quieren superar sus l\u00edmites en senderos monta\u00f1osos.\u00a0En esta \u00faltima versi\u00f3n, la\u00a0marca suiza\u00a0se ha centrado en\u00a0el agarre\u00a0y\u00a0la resistencia. Para ello encontramos la\u00a0suela Missiongrip\u00a0\u00a0y sus m\u00faltiples patrones que te ayudan a mantener el control a pesar de las condiciones clim\u00e1ticas cambiantes. Combinado con los\u00a0elementos Zero Gravity Cloud\u00a0, la\u00a0solidez\u00a0del conjunto mejora en\u00a0senderos exigentes.\u00a0Los\u00a0crampones\u00a0se combinan con un\u00a0patr\u00f3n de tracci\u00f3n\u00a0revisado \u00a0para ofrecerte\u00a0un dinamismo\u00a0ideal . Te beneficias de un excelente\u00a0retorno de energ\u00eda\u00a0en cada zancada con el proceso\u00a0Speedboard\u00a0. Corres\u00a0con seguridad\u00a0gracias a los\u00a0detalles aplanados\u00a0que reducen el\u00a0riesgo de resbalar sobre suelo mojado\u00a0.<\/p>\n<p>Este modelo tiene una parte superior ventilada\u00a0\u00a0que proporciona\u00a0una transpirabilidad\u00a0\u00f3ptima en zonas espec\u00edficas. Por muy dif\u00edciles\u00a0que sean tus sesiones deportivas\u00a0, tus pies se mantienen\u00a0frescos\u00a0y podr\u00e1s\u00a0entrenar\u00a0\u00a0con una sensaci\u00f3n constante de\u00a0comodidad<span>\u00a0\u00a0.\u00a0\u00a0<\/span><\/p>\n<h3><strong><span class=\"m-accordion__header\"><span class=\"m-accordion__header__title\">Tecnolog\u00edas<\/span><\/span><\/strong><\/h3>\n<div class=\"m-accordion__content js-readMore\">\n<div class=\"m-readMore__content js-readMore-container\">\n<div class=\"prdDtl__contentSection__content\">\n<dl>\n<dt><strong>Patrones de panal<\/strong><\/dt>\n<dt><\/dt>\n<dd>Cada una de las &#8220;nubes&#8221; proporciona un agarre de calidad en carreteras y caminos.<\/dd>\n<dt><\/dt>\n<dt><strong>Tabla de velocidad<\/strong><\/dt>\n<dt><\/dt>\n<dd>Le permite transferir el impacto de la carrera a un impulso hacia adelante \u00f3ptimo.<\/dd>\n<dt><\/dt>\n<dt><strong>Misi\u00f3ngrip<\/strong><\/dt>\n<dt><\/dt>\n<dd>La suela Missiongrip combina m\u00faltiples patrones de tracci\u00f3n para mantener el control en condiciones clim\u00e1ticas cambiantes.<\/dd>\n<\/dl>\n<p>&nbsp;<\/p>\n<p><strong>Puntos clave del\u00a0calzado Cloudventure para correr<\/strong><\/p>\n<ul>\n<li><strong>Ideal para tus sesiones de trail en terreno monta\u00f1oso.<\/strong><\/li>\n<li><strong>Suela Missiongrip<\/strong>: agarre.<\/li>\n<li><strong>Elementos de la nube de gravedad cero<\/strong>: resistencia.<\/li>\n<li><strong>Crampones y patrones de tracci\u00f3n<\/strong>: dinamismo.<\/li>\n<li><strong>Speedboard<\/strong>: retorno de energ\u00eda.<\/li>\n<li><strong>Detalles aplanados<\/strong>: agarre.<\/li>\n<li><strong>Parte superior ventilada<\/strong>: transpirabilidad.<\/li>\n<li><strong>Ca\u00edda<\/strong>: 10 mm.<\/li>\n<li><b>Modelo<\/b>: 22.99618.<\/li>\n<li><strong>Colores<\/strong>: White\/Moss<\/li>\n<\/ul>\n<\/div>\n<\/div>\n<\/div>\n","protected":false},"excerpt":{"rendered":"<p>CLOUDVENTURE El nuevo calzado On-Running Cloudventure\u00a0est\u00e1 hecha para\u00a0corredores de trail \u00a0que quieren superar sus l\u00edmites en senderos monta\u00f1osos.\u00a0En esta \u00faltima<\/p>\n","protected":false},"featured_media":59789,"comment_status":"open","ping_status":"closed","template":"","meta":{"nf_dc_page":""},"product_brand":[],"product_cat":[73],"product_tag":[],"class_list":{"0":"post-59788","1":"product","2":"type-product","3":"status-publish","4":"has-post-thumbnail","6":"product_cat-femenino","8":"first","9":"instock","10":"shipping-taxable","11":"purchasable","12":"product-type-simple"},"_links":{"self":[{"href":"https:\/\/brandss.com.py\/index\/wp-json\/wp\/v2\/product\/59788","targetHints":{"allow":["GET"]}}],"collection":[{"href":"https:\/\/brandss.com.py\/index\/wp-json\/wp\/v2\/product"}],"about":[{"href":"https:\/\/brandss.com.py\/index\/wp-json\/wp\/v2\/types\/product"}],"replies":[{"embeddable":true,"href":"https:\/\/brandss.com.py\/index\/wp-json\/wp\/v2\/comments?post=59788"}],"version-history":[{"count":1,"href":"https:\/\/brandss.com.py\/index\/wp-json\/wp\/v2\/product\/59788\/revisions"}],"predecessor-version":[{"id":59796,"href":"https:\/\/brandss.com.py\/index\/wp-json\/wp\/v2\/product\/59788\/revisions\/59796"}],"wp:featuredmedia":[{"embeddable":true,"href":"https:\/\/brandss.com.py\/index\/wp-json\/wp\/v2\/media\/59789"}],"wp:attachment":[{"href":"https:\/\/brandss.com.py\/index\/wp-json\/wp\/v2\/media?parent=59788"}],"wp:term":[{"taxonomy":"product_brand","embeddable":true,"href":"https:\/\/brandss.com.py\/index\/wp-json\/wp\/v2\/product_brand?post=59788"},{"taxonomy":"product_cat","embeddable":true,"href":"https:\/\/brandss.com.py\/index\/wp-json\/wp\/v2\/product_cat?post=59788"},{"taxonomy":"product_tag","embeddable":true,"href":"https:\/\/brandss.com.py\/index\/wp-json\/wp\/v2\/product_tag?post=59788"}],"curies":[{"name":"wp","href":"https:\/\/api.w.org\/{rel}","templated":true}]}}