{"id":59802,"date":"2024-10-18T11:47:50","date_gmt":"2024-10-18T11:47:50","guid":{"rendered":"https:\/\/brandss.com.py\/index\/?post_type=product&#038;p=59802"},"modified":"2024-10-18T11:48:32","modified_gmt":"2024-10-18T11:48:32","slug":"calzado-deportivo-femenino-on-running-cloudboom-1","status":"publish","type":"product","link":"https:\/\/brandss.com.py\/index\/producto\/calzado-deportivo-femenino-on-running-cloudboom-1\/","title":{"rendered":"CALZADO DEPORTIVO FEMENINO ON-RUNNING CLOUDBOOM 1"},"content":{"rendered":"<p><img loading=\"lazy\" decoding=\"async\" class=\"\" src=\"https:\/\/upload.wikimedia.org\/wikipedia\/commons\/thumb\/9\/92\/On-cloud-logo-white-background.svg\/1200px-On-cloud-logo-white-background.svg.png\" alt=\"Archivo:On-cloud-logo-white-background.svg - Wikipedia, la enciclopedia  libre\" width=\"62\" height=\"81\" \/><\/p>\n<h1>CLOUDBOOM 1<\/h1>\n<p>La historia de On comenz\u00f3 en 2010, cuando el tres veces campe\u00f3n mundial de duatl\u00f3n y ganador de m\u00faltiples Ironman, Olivier Bernhard, se uni\u00f3 a dos amigos para crear el mejor y m\u00e1s c\u00f3modo calzado para correr del mercado. Con aterrizajes suaves y despegues explosivos, describen la experiencia como &#8220;correr sobre las nubes&#8221;. Con varios premios de dise\u00f1o en su haber y corredores profesionales cantando sus alabanzas, On Running contin\u00faa dejando su huella en el mundo del running.<\/p>\n<p>Puede que el &#8220;boom&#8221; en el nombre de Cloudboom te haya dado una pista, pero se trata de una silueta para correr que se centra en la velocidad. Cloudboom es un calzado para marat\u00f3n dise\u00f1ado para lograr eficiencia de rendimiento y comodidad en largas distancias. Un tablero de velocidad de carbono\/TPE, amortiguaci\u00f3n doble CloudTec, suela de tracci\u00f3n de goma con agarre y una parte superior de malla transpirable de una sola capa liviana est\u00e1n, literalmente, dise\u00f1adas para el largo recorrido.<\/p>\n<h2>Corriendo en nuevas dimensiones<\/h2>\n<p>Descubre una nueva velocidad con los calzados de competici\u00f3n Cloudboom de ON. Su parte superior suave y minimalista de malla transpirable envuelve tus pies de forma segura y c\u00f3moda. Para ofrecerte el mejor apoyo posible durante maratones r\u00e1pidos y carreras por carretera, se ha incorporado por primera vez en la entresuela una doble capa CloudTec de superespuma Helion ligera como una pluma. Incrustado en medio de estas capas se encuentra el Speedboard r\u00edgido, que te empuja hacia delante lleno de energ\u00eda. Disfruta de la maravillosa sensaci\u00f3n de adaptaci\u00f3n y supera a tu competencia.<\/p>\n<h2>Caracter\u00edsticas:<\/h2>\n<ul>\n<li>Parte superior de malla ligera y muy transpirable que se adapta c\u00f3modamente al pie<\/li>\n<li>La entresuela est\u00e1 fabricada con una doble capa de Helion Superfoam de peso pluma para una pisada amortiguada<\/li>\n<li>Tablero de alta eficiencia energ\u00e9tica para un avance explosivo<\/li>\n<li>Muelle 9mm<\/li>\n<li>Suela de caucho con ranuras flexibles y buen agarre al asfalto<\/li>\n<li>Modelo: 37.99639<\/li>\n<li>Color: Blaco\/ Negro\/ Verde.<\/li>\n<\/ul>\n","protected":false},"excerpt":{"rendered":"<p>CLOUDBOOM 1 La historia de On comenz\u00f3 en 2010, cuando el tres veces campe\u00f3n mundial de duatl\u00f3n y ganador de<\/p>\n","protected":false},"featured_media":59803,"comment_status":"open","ping_status":"closed","template":"","meta":{"nf_dc_page":""},"product_brand":[],"product_cat":[73],"product_tag":[],"class_list":{"0":"post-59802","1":"product","2":"type-product","3":"status-publish","4":"has-post-thumbnail","6":"product_cat-femenino","8":"first","9":"instock","10":"shipping-taxable","11":"purchasable","12":"product-type-simple"},"_links":{"self":[{"href":"https:\/\/brandss.com.py\/index\/wp-json\/wp\/v2\/product\/59802","targetHints":{"allow":["GET"]}}],"collection":[{"href":"https:\/\/brandss.com.py\/index\/wp-json\/wp\/v2\/product"}],"about":[{"href":"https:\/\/brandss.com.py\/index\/wp-json\/wp\/v2\/types\/product"}],"replies":[{"embeddable":true,"href":"https:\/\/brandss.com.py\/index\/wp-json\/wp\/v2\/comments?post=59802"}],"version-history":[{"count":2,"href":"https:\/\/brandss.com.py\/index\/wp-json\/wp\/v2\/product\/59802\/revisions"}],"predecessor-version":[{"id":59811,"href":"https:\/\/brandss.com.py\/index\/wp-json\/wp\/v2\/product\/59802\/revisions\/59811"}],"wp:featuredmedia":[{"embeddable":true,"href":"https:\/\/brandss.com.py\/index\/wp-json\/wp\/v2\/media\/59803"}],"wp:attachment":[{"href":"https:\/\/brandss.com.py\/index\/wp-json\/wp\/v2\/media?parent=59802"}],"wp:term":[{"taxonomy":"product_brand","embeddable":true,"href":"https:\/\/brandss.com.py\/index\/wp-json\/wp\/v2\/product_brand?post=59802"},{"taxonomy":"product_cat","embeddable":true,"href":"https:\/\/brandss.com.py\/index\/wp-json\/wp\/v2\/product_cat?post=59802"},{"taxonomy":"product_tag","embeddable":true,"href":"https:\/\/brandss.com.py\/index\/wp-json\/wp\/v2\/product_tag?post=59802"}],"curies":[{"name":"wp","href":"https:\/\/api.w.org\/{rel}","templated":true}]}}