{"id":59819,"date":"2024-10-18T13:22:21","date_gmt":"2024-10-18T13:22:21","guid":{"rendered":"https:\/\/brandss.com.py\/index\/?post_type=product&#038;p=59819"},"modified":"2024-10-18T13:23:00","modified_gmt":"2024-10-18T13:23:00","slug":"calzado-deportivo-femenino-on-running-cloudventure-2","status":"publish","type":"product","link":"https:\/\/brandss.com.py\/index\/producto\/calzado-deportivo-femenino-on-running-cloudventure-2\/","title":{"rendered":"CALZADO DEPORTIVO FEMENINO ON-RUNNING CLOUDVENTURE"},"content":{"rendered":"<p><img loading=\"lazy\" decoding=\"async\" class=\"\" src=\"https:\/\/upload.wikimedia.org\/wikipedia\/commons\/thumb\/9\/92\/On-cloud-logo-white-background.svg\/1200px-On-cloud-logo-white-background.svg.png\" alt=\"Archivo:On-cloud-logo-white-background.svg - Wikipedia, la enciclopedia  libre\" width=\"56\" height=\"72\" \/><\/p>\n<h1>CLOUDVENTURE<\/h1>\n<p>Calzado Cloudventure On-running:\u00a0recorre tus\u00a0senderos con tranquilidad. Atr\u00e9vete a la aventura con los calzados Cloudventure On-running\u00a0para\u00a0mujer\u00a0. Ideal para\u00a0corredores de trail que buscan un calzado din\u00e1mico para sesiones en la naturaleza.\u00a0Su\u00a0suela patentada CloudTec\u00a0proporciona\u00a0un soporte excelente y suave durante el impacto\u00a0y te da un gran impulso\u00a0durante\u00a0la fase\u00a0de ataque. El\u00a0calzado Cloudventure On-running\u00a0para\u00a0mujer\u00a0asegura tus zancadas en\u00a0terrenos resbaladizos.\u00a0Los patrones en relieve de la suela proporcionan un excelente\u00a0agarre\u00a0durante tus sesiones\u00a0de trail. La membrana DWR del calzado te protege de la\u00a0lluvia\u00a0a la vez que es\u00a0transpirable<span>\u00a0y liviana.<\/span><\/p>\n<p><span>Los calzados de trail running On Cloudventure te dar\u00e1n una sensaci\u00f3n de comodidad y libertad.<\/span><br \/>\n<span>La familia Cloudventure tiene una sofisticada parte superior de 2 capas. Combina una construcci\u00f3n de calcet\u00edn suave para una protecci\u00f3n y comodidad totales con una capa exterior ligera y transpirable. <\/span><span>11 elementos individuales &#8220;Cloud&#8221; en la suela patentada CloudTec amortiguan las fuerzas del impacto durante el descenso.<\/span><\/p>\n<p><span>&#8211; Suela de goma microperfilada<\/span><br \/>\n<span>&#8211; 11 elementos individuales &#8220;Cloud&#8221;.<\/span><br \/>\n<span>&#8211; Ca\u00edda: 6 mm | 0,23 pulgadas<\/span><br \/>\n<span>&#8211; Peso: 240 g<\/span><\/p>\n<h3><span class=\"m-accordion__header\"><span class=\"m-accordion__header__title\"><span>Tecnolog\u00edas<\/span><\/span><\/span><\/h3>\n<div class=\"m-accordion__content js-readMore\">\n<div class=\"m-readMore__content js-readMore-container\">\n<div class=\"prdDtl__contentSection__content\">\n<dl>\n<dt><strong>Nubetec<\/strong><\/dt>\n<dd>Los elementos de la nube se comprimen horizontal y verticalmente seg\u00fan tu estilo de carrera. Los impactos est\u00e1n amortiguados para reducir la fatiga muscular. Las Nubes se relajan cuando el pie deja el suelo para un efecto de propulsi\u00f3n hacia adelante.<\/dd>\n<dt><strong>Tabla de velocidad<\/strong><\/dt>\n<dt><\/dt>\n<dd>Le permite transferir el impacto de la carrera a un impulso hacia adelante \u00f3ptimo.<\/dd>\n<\/dl>\n<p><strong>Puntos clave de los calzados Cloudventure On-running<br \/>\n<\/strong><\/p>\n<ul>\n<li><strong><span>Calzado de trail din\u00e1mica.<\/span><\/strong><\/li>\n<li><strong><span>CloudTec patentado<\/span><\/strong><span> : amortiguaci\u00f3n, soporte e impulso.<\/span><\/li>\n<li><strong><span>Patrones y elementos en relieve:<\/span><\/strong><span>\u00a0adhesi\u00f3n.<\/span><\/li>\n<li><strong><span>Vigas<\/span><\/strong><span>: agarre y tracci\u00f3n.<\/span><\/li>\n<li><strong><span>Parte superior DWR:<\/span><\/strong><span>\u00a0repelencia al agua y transpirabilidad.<\/span><strong><br \/>\n<\/strong><\/li>\n<li><strong><span>Plantilla extra\u00edble<\/span><\/strong><span>: higiene y comodidad.<\/span><\/li>\n<li><strong><span>Elementos reflectantes<\/span><\/strong><span>: visibilidad y seguridad.<\/span><\/li>\n<li><strong><span>Ca\u00edda<\/span><\/strong><span>: 6 mm.<\/span><\/li>\n<li><strong><span>Modelo<\/span><\/strong><span>: \u00a012.2315.<\/span><\/li>\n<li><strong><span>Colores<\/span><\/strong><span>\u00a0: morado, azul y naranja.<\/span><\/li>\n<\/ul>\n<\/div>\n<\/div>\n<\/div>\n","protected":false},"excerpt":{"rendered":"<p>CLOUDVENTURE Calzado Cloudventure On-running:\u00a0recorre tus\u00a0senderos con tranquilidad. Atr\u00e9vete a la aventura con los calzados Cloudventure On-running\u00a0para\u00a0mujer\u00a0. Ideal para\u00a0corredores de trail<\/p>\n","protected":false},"featured_media":59820,"comment_status":"open","ping_status":"closed","template":"","meta":{"nf_dc_page":""},"product_brand":[],"product_cat":[73],"product_tag":[],"class_list":{"0":"post-59819","1":"product","2":"type-product","3":"status-publish","4":"has-post-thumbnail","6":"product_cat-femenino","8":"first","9":"instock","10":"shipping-taxable","11":"purchasable","12":"product-type-simple"},"_links":{"self":[{"href":"https:\/\/brandss.com.py\/index\/wp-json\/wp\/v2\/product\/59819","targetHints":{"allow":["GET"]}}],"collection":[{"href":"https:\/\/brandss.com.py\/index\/wp-json\/wp\/v2\/product"}],"about":[{"href":"https:\/\/brandss.com.py\/index\/wp-json\/wp\/v2\/types\/product"}],"replies":[{"embeddable":true,"href":"https:\/\/brandss.com.py\/index\/wp-json\/wp\/v2\/comments?post=59819"}],"version-history":[{"count":1,"href":"https:\/\/brandss.com.py\/index\/wp-json\/wp\/v2\/product\/59819\/revisions"}],"predecessor-version":[{"id":59829,"href":"https:\/\/brandss.com.py\/index\/wp-json\/wp\/v2\/product\/59819\/revisions\/59829"}],"wp:featuredmedia":[{"embeddable":true,"href":"https:\/\/brandss.com.py\/index\/wp-json\/wp\/v2\/media\/59820"}],"wp:attachment":[{"href":"https:\/\/brandss.com.py\/index\/wp-json\/wp\/v2\/media?parent=59819"}],"wp:term":[{"taxonomy":"product_brand","embeddable":true,"href":"https:\/\/brandss.com.py\/index\/wp-json\/wp\/v2\/product_brand?post=59819"},{"taxonomy":"product_cat","embeddable":true,"href":"https:\/\/brandss.com.py\/index\/wp-json\/wp\/v2\/product_cat?post=59819"},{"taxonomy":"product_tag","embeddable":true,"href":"https:\/\/brandss.com.py\/index\/wp-json\/wp\/v2\/product_tag?post=59819"}],"curies":[{"name":"wp","href":"https:\/\/api.w.org\/{rel}","templated":true}]}}