{"id":59831,"date":"2024-10-18T14:17:01","date_gmt":"2024-10-18T14:17:01","guid":{"rendered":"https:\/\/brandss.com.py\/index\/?post_type=product&#038;p=59831"},"modified":"2024-10-18T14:17:31","modified_gmt":"2024-10-18T14:17:31","slug":"calzado-deportivo-femenino-on-running-cloudsurfer","status":"publish","type":"product","link":"https:\/\/brandss.com.py\/index\/producto\/calzado-deportivo-femenino-on-running-cloudsurfer\/","title":{"rendered":"CALZADO DEPORTIVO FEMENINO ON-RUNNING CLOUDSURFER"},"content":{"rendered":"<p><img loading=\"lazy\" decoding=\"async\" class=\"\" src=\"https:\/\/upload.wikimedia.org\/wikipedia\/commons\/thumb\/9\/92\/On-cloud-logo-white-background.svg\/1200px-On-cloud-logo-white-background.svg.png\" alt=\"Archivo:On-cloud-logo-white-background.svg - Wikipedia, la enciclopedia  libre\" width=\"66\" height=\"85\" \/><\/p>\n<h1>CLOUDSURFER<\/h1>\n<p><strong><span>\u00bfQuieres ser m\u00e1s r\u00e1pido? Conoce al nuevo Cloudsurfer.<\/span><\/strong><span>\u00a0Con el sistema patentado\u00a0<\/span><strong><span>CloudTec\u00ae<\/span><\/strong><span>\u00a0, obtendr\u00e1s un aterrizaje m\u00e1s suave y un rebote m\u00e1s explosivo que nunca antes hayas experimentado. El nuevo Cloudsurfer es ahora a\u00fan m\u00e1s ligero y adaptable, convirtiendo a\u00fan m\u00e1s energ\u00eda en movimiento hacia adelante. 13 Clouds siempre te ayudar\u00e1 de forma inteligente y exactamente como las necesitas. Fabricadas con\u00a0<\/span><strong><span>Rebound-Rubber<\/span><\/strong><span>\u00a0, las Clouds se comprimen al impactar para reducir las fuerzas de rotaci\u00f3n y los impactos. Luego se refuerzan y bloquean para lograr un rebote natural y m\u00e1s din\u00e1mico. Todo para ayudarte a pasar m\u00e1s tiempo en el aire. El nuevo Cloudsurfer es ideal para entrenar y competir y cuenta con una serie de innovaciones. \u00bfListo? El\u00a0<\/span><strong><span>Speedboard<\/span><\/strong><span>\u00a0patentado apoya un paso r\u00e1pido y lo impulsa hacia adelante. Para evitar resbalones en condiciones h\u00famedas, hemos desarrollado un nuevo patr\u00f3n con excelente agarre y tracci\u00f3n. Lo m\u00e1s importante es que la exclusiva parte superior de malla proporciona transpirabilidad y soporte exactamente donde tu pie lo necesita. Las Cloudsurfer combinan lo que las zapatillas convencionales no pueden: la comodidad de unas zapatillas de entrenamiento con la velocidad de unas zapatillas de carreras. Seguramente te sacar\u00e1n una sonrisa a los pies.<\/span><\/p>\n<ul>\n<li><strong><span>Perfil del corredor:<\/span><\/strong><span>\u00a0Para corredores que buscan un zapato acolchado pero con gran capacidad de respuesta para entrenar y competir.<\/span><\/li>\n<li><strong><span>Ca\u00edda:<\/span><\/strong><span>\u00a07 mm\/0,28 pulgadas<\/span><\/li>\n<li><strong><span>Peso:<\/span><\/strong><span>\u00a0Hombres (US 8.5) 275 g, Mujeres (US 7) 240 g<\/span><\/li>\n<\/ul>\n<h2><span>La parte superior del zapato<\/span><\/h2>\n<ul>\n<li><span>La parte superior est\u00e1 tejida a partir de una sola capa de malla \u00fanica.<\/span><\/li>\n<li><span>El forro del tal\u00f3n, el cuello y la leng\u00fceta est\u00e1n hechos de material antimicrobiano 100% tejido.<\/span><\/li>\n<\/ul>\n<h2><span>Entresuela<\/span><\/h2>\n<ul>\n<li><span>La entresuela de EVA de alta calidad garantiza una mayor vida \u00fatil y rendimiento.<\/span><\/li>\n<\/ul>\n<h2><span>tabla de velocidad<\/span><\/h2>\n<ul>\n<li><span>La tecnolog\u00eda patentada\u00a0<\/span><strong><span>Speedboard<\/span><\/strong><span>\u00a0promueve un giro m\u00e1s r\u00e1pido de las piernas que te impulsa hacia adelante<\/span><\/li>\n<\/ul>\n<h2><span>\u00danico<\/span><\/h2>\n<ul>\n<li><span>El exclusivo\u00a0<\/span><strong><span>Rebound-Rubber<\/span><\/strong><span>\u00a0ofrece m\u00e1xima sensibilidad y resistencia a la abrasi\u00f3n.<\/span><\/li>\n<li><span>El dise\u00f1o abierto de Cloud ahorra peso para que el Cloudsurfer sea m\u00e1s ligero que nunca.<\/span><\/li>\n<\/ul>\n<h2><span>Tecnolog\u00edas<\/span><\/h2>\n<ul>\n<li><span>El patr\u00f3n de suela recientemente desarrollado garantiza un excelente agarre y tracci\u00f3n.<\/span><\/li>\n<li><span>La construcci\u00f3n de la capa interior de la parte superior aporta una comodidad perfecta en los zapatos.<\/span><\/li>\n<li><span>La correa reflectante en el tal\u00f3n permite una mejor visibilidad en la oscuridad.<\/span><\/li>\n<li><span>La malla de construcci\u00f3n \u00fanica en la parte superior del zapato permite transpirabilidad y soporte exactamente donde se necesita.<\/span><\/li>\n<\/ul>\n<h4 class=\"bold\">Microfibra 3D Air-Mesh<\/h4>\n<div id=\"0tr0mp-accordion\" class=\"accordion-content\" role=\"tabpanel\" data-tab-content=\"\" aria-labelledby=\"0tr0mp-accordion-label\" aria-hidden=\"false\">\n<p>Microfibra que se\u00a0adapta al pie para proporcionar mejor comodidad y controlar la transpiraci\u00f3n.<\/p>\n<\/div>\n<h4 class=\"bold\">EVA<\/h4>\n<div id=\"2s7ljn-accordion\" class=\"accordion-content\" role=\"tabpanel\" data-tab-content=\"\" aria-labelledby=\"2s7ljn-accordion-label\" aria-hidden=\"false\">\n<p>Etilvinilacetato.\u00a0Caucho de alta calidad que ofrece rendimiento y durabilidad.<\/p>\n<\/div>\n<h4 class=\"bold\">Cloudtec<\/h4>\n<p>Sistema patentado que transforma la energ\u00eda de la carrera en un \u00f3ptimo impulso hacia delante.<\/p>\n<h4 class=\"bold\">Motivos en forma de nido de abeja<\/h4>\n<div id=\"56s7c6-accordion\" class=\"accordion-content\" role=\"tabpanel\" data-tab-content=\"\" aria-labelledby=\"56s7c6-accordion-label\" aria-hidden=\"false\">\n<p>Cada una de las &#8220;nubes&#8221; proporciona adherencia de calidad en carreteras de asfalto o caminos.<\/p>\n<\/div>\n<h4 class=\"bold\">Pad<\/h4>\n<div id=\"ia83yy-accordion\" class=\"accordion-content\" role=\"tabpanel\" data-tab-content=\"\" aria-labelledby=\"ia83yy-accordion-label\" aria-hidden=\"false\">\n<p>Sistema de la plantilla que estimula la propiocepci\u00f3n del pie y rechaza la fatiga.<\/p>\n<\/div>\n<p><strong>Ventajas:<\/strong><\/p>\n<ul>\n<li><strong>CloudTec:<\/strong>\u00a0sistema innovador patentado de amortiguaci\u00f3n 3D<\/li>\n<li><strong>Upper\u00a0ligero\u00a0<\/strong>y ultra-c\u00f3modo<\/li>\n<li>Banda de\u00a0<strong>sujeci\u00f3n del tal\u00f3n<\/strong><\/li>\n<li>Entresuela\u00a0<strong>EVA de alta calidad<\/strong><\/li>\n<li><strong>Pad de propiocepci\u00f3n para reflejos m\u00e1s r\u00e1pidos<\/strong><\/li>\n<li>Sensaci\u00f3n de\u00a0<strong>contacto con el suelo e impulso<\/strong><\/li>\n<li>Mejoramiento del rendimiento<\/li>\n<li><b>Disciplina :\u00a0<\/b>Carrera, Triatl\u00f3n<\/li>\n<li><b>G\u00e9nero:<\/b> Femenino<\/li>\n<li><b>Estabilidad:\u00a0<\/b>Neutra<\/li>\n<li><b>Terreno:<\/b> Asfalto, Terrenos mixtos<\/li>\n<li><b>Modelo: <\/b>000004.4019.<\/li>\n<li><strong>Color:<\/strong> Ink Jade<\/li>\n<\/ul>\n","protected":false},"excerpt":{"rendered":"<p>CLOUDSURFER \u00bfQuieres ser m\u00e1s r\u00e1pido? Conoce al nuevo Cloudsurfer.\u00a0Con el sistema patentado\u00a0CloudTec\u00ae\u00a0, obtendr\u00e1s un aterrizaje m\u00e1s suave y un rebote<\/p>\n","protected":false},"featured_media":59832,"comment_status":"open","ping_status":"closed","template":"","meta":{"nf_dc_page":""},"product_brand":[],"product_cat":[73],"product_tag":[],"class_list":{"0":"post-59831","1":"product","2":"type-product","3":"status-publish","4":"has-post-thumbnail","6":"product_cat-femenino","8":"first","9":"instock","10":"shipping-taxable","11":"purchasable","12":"product-type-simple"},"_links":{"self":[{"href":"https:\/\/brandss.com.py\/index\/wp-json\/wp\/v2\/product\/59831","targetHints":{"allow":["GET"]}}],"collection":[{"href":"https:\/\/brandss.com.py\/index\/wp-json\/wp\/v2\/product"}],"about":[{"href":"https:\/\/brandss.com.py\/index\/wp-json\/wp\/v2\/types\/product"}],"replies":[{"embeddable":true,"href":"https:\/\/brandss.com.py\/index\/wp-json\/wp\/v2\/comments?post=59831"}],"version-history":[{"count":1,"href":"https:\/\/brandss.com.py\/index\/wp-json\/wp\/v2\/product\/59831\/revisions"}],"predecessor-version":[{"id":59839,"href":"https:\/\/brandss.com.py\/index\/wp-json\/wp\/v2\/product\/59831\/revisions\/59839"}],"wp:featuredmedia":[{"embeddable":true,"href":"https:\/\/brandss.com.py\/index\/wp-json\/wp\/v2\/media\/59832"}],"wp:attachment":[{"href":"https:\/\/brandss.com.py\/index\/wp-json\/wp\/v2\/media?parent=59831"}],"wp:term":[{"taxonomy":"product_brand","embeddable":true,"href":"https:\/\/brandss.com.py\/index\/wp-json\/wp\/v2\/product_brand?post=59831"},{"taxonomy":"product_cat","embeddable":true,"href":"https:\/\/brandss.com.py\/index\/wp-json\/wp\/v2\/product_cat?post=59831"},{"taxonomy":"product_tag","embeddable":true,"href":"https:\/\/brandss.com.py\/index\/wp-json\/wp\/v2\/product_tag?post=59831"}],"curies":[{"name":"wp","href":"https:\/\/api.w.org\/{rel}","templated":true}]}}