{"id":59856,"date":"2024-10-18T19:05:30","date_gmt":"2024-10-18T19:05:30","guid":{"rendered":"https:\/\/brandss.com.py\/index\/?post_type=product&#038;p=59856"},"modified":"2024-10-18T19:06:00","modified_gmt":"2024-10-18T19:06:00","slug":"calzado-deportivo-femenino-on-running-cloudflash","status":"publish","type":"product","link":"https:\/\/brandss.com.py\/index\/producto\/calzado-deportivo-femenino-on-running-cloudflash\/","title":{"rendered":"CALZADO DEPORTIVO FEMENINO ON-RUNNING CLOUDFLASH"},"content":{"rendered":"<p><img loading=\"lazy\" decoding=\"async\" class=\"\" src=\"https:\/\/upload.wikimedia.org\/wikipedia\/commons\/thumb\/9\/92\/On-cloud-logo-white-background.svg\/1200px-On-cloud-logo-white-background.svg.png\" alt=\"Archivo:On-cloud-logo-white-background.svg - Wikipedia, la enciclopedia  libre\" width=\"58\" height=\"74\" \/><\/p>\n<h1>CLOUDFLASH<\/h1>\n<p><strong><span>Ll\u00e9valo al siguiente nivel<\/span><br \/>\n<\/strong><\/p>\n<p>Los calzados Cloudflash On Running\u00a0para\u00a0mujer de zancada universal\u00a0consiguen combinar\u00a0un aterrizaje amortiguado\u00a0y\u00a0una propulsi\u00f3n explosiva\u00a0. Un modelo ideal para ganar\u00a0velocidad\u00a0,\u00a0ligereza\u00a0y\u00a0energ\u00eda\u00a0para avanzar en\u00a0la carretera. <span>Las 14 \u201cpeque\u00f1as nubes\u201d colocadas en su\u00a0<\/span>suela de Pebax\u00a0absorben los impactos\u00a0verticales y horizontales\u00a0y retransmiten esta energ\u00eda acumulada durante la propulsi\u00f3n. Su forma especialmente dise\u00f1ada permite una\u00a0transici\u00f3n \u00f3ptima entre el golpe del tal\u00f3n y la parte delantera del zapato. Su\u00a0entresuela monocapa\u00a0sumada a su\u00a0Speedboard\u00a0te brinda ligereza,\u00a0excelente amortiguaci\u00f3n adem\u00e1s de una pisada natural y flexible. As\u00ed mejorar\u00e1s tu rendimiento y alcanzar\u00e1s tus objetivos gracias a esta suela que te impulsa m\u00e1s all\u00e1 de tus l\u00edmites. La\u00a0parte superior de nanomalla ultrafina\u00a0de las\u00a0zapatillas Cloudflash On Running\u00a0garantiza\u00a0ligereza y transpirabilidad\u00a0en tus zancadas. Su\u00a0delgadez\u00a0permite la salida del sudor y evita que la humedad ambiental penetre en el coraz\u00f3n del zapato.<\/p>\n<p>Uno de los m\u00e1s r\u00e1pido de todos los tiempos, creado para los momentos y las actuaciones que m\u00e1s importan.\u00a0Velocidad pura.\u00a0Innovaci\u00f3n premiada.<\/p>\n<p>La tecnolog\u00eda\u00a0Seedboard Es incomparable en cuanto a transici\u00f3n de energ\u00eda y resistencia a la fatiga.\u00a0Se carga con energ\u00eda de impacto para cambiar la puntera al despegue.\u00a0Los 14 elementos de la nube debajo del Cloudflash est\u00e1n dise\u00f1ados para transformar y transferir m\u00e1s energ\u00eda de impacto del corredor en un impulso r\u00e1pido y hacia adelante.<\/p>\n<p>La parte superior del Cloudflash tiene un objetivo: entregar todo sin nada.\u00a0La nano-malla ultrafina est\u00e1 soportada por una estructura esquel\u00e9tica para lograr una ligereza imposible.\u00a0Con la forma de un asiento de coche de carreras, la tapa del tal\u00f3n de rendimiento mantiene los pies sujetos a alta velocidad.\u00a0Acelere con total seguridad.<\/p>\n<p>Est\u00e1 dise\u00f1ado para convertir el m\u00e1ximo esfuerzo en alta velocidad en la pista y en las carreras.\u00a0Mientras que el Speedboard \u2122 lo impulsa hacia adelante en cada paso, CloudTec\u00ae le brinda la cantidad justa de amortiguaci\u00f3n para un aterrizaje directo pero c\u00f3modo.\u00a0Este paseo r\u00e1pido y receptivo lo ha convertido en uno de los favoritos entre los atletas de \u00e9lite.<\/p>\n<h3><span class=\"m-accordion__header\"><span class=\"m-accordion__header__title\"><span>Tecnolog\u00edas<\/span><\/span><\/span><\/h3>\n<div class=\"m-accordion__content js-readMore\">\n<div class=\"m-readMore__content js-readMore-container\">\n<dl>\n<dt><strong>Nubetec<\/strong><\/dt>\n<dt><\/dt>\n<dd><span>Los elementos de la nube se comprimen horizontal y verticalmente seg\u00fan tu estilo de carrera. Los impactos est\u00e1n amortiguados para reducir la fatiga muscular. Las Nubes se relajan cuando el pie deja el suelo para un efecto de propulsi\u00f3n hacia adelante.<\/span><\/dd>\n<dd><\/dd>\n<dt><strong>Tabla de velocidad<\/strong><\/dt>\n<dt><\/dt>\n<dd><span>Le permite transferir el impacto de la carrera a un impulso hacia adelante \u00f3ptimo.<\/span><\/dd>\n<\/dl>\n<\/div>\n<\/div>\n<p><strong>Caracter\u00edsticas:<\/strong><\/p>\n<ul>\n<li>Tecnolog\u00eda\u00a0Speedboard \u2122 explosivo<\/li>\n<li>Malla ultraligera<\/li>\n<li>Dise\u00f1ado para convertir el m\u00e1ximo esfuerzo en alta velocidad en la pista y en las carreras.<\/li>\n<\/ul>\n<p><strong>Especificaciones:<\/strong><\/p>\n<ul>\n<li><strong>Actividad:<\/strong> Running<\/li>\n<li><strong>Uso:<\/strong> Asfalto<\/li>\n<li><strong>Distancia por carrera:<\/strong> Corto<\/li>\n<li><strong>Amortiguaci\u00f3n:<\/strong> Directa<\/li>\n<li><strong>Competencia:<\/strong> S\u00ed<\/li>\n<li><strong>Mejor para:<\/strong>\u00a0Carreras, 5k, 10k, entrenamiento de tempo, entrenamiento a intervalos<\/li>\n<li><strong>Peso:\u00a0<\/strong>175\u2009g | 6.1\u2009oz<\/li>\n<li><strong>Ca\u00edda del tal\u00f3n:<\/strong>\u00a05\u00a0<span class=\"spec__unit spec__unit--large\" data-v-cd730950=\"\">mm<\/span><\/li>\n<\/ul>\n<p><strong>Puntos clave de\u00a0On\u00a0Running Cloudflash<br \/>\n<\/strong><\/p>\n<ul>\n<li><strong><span>Ideal para ganar velocidad y retorno de energ\u00eda.<\/span><\/strong><\/li>\n<li><strong><span>Espuma EVA Zero-Gravity<\/span><\/strong><span>: amortiguaci\u00f3n y estabilidad.<\/span><\/li>\n<li><strong><span>Speedboard<\/span><\/strong><span>: carrera natural y flexible.<\/span><\/li>\n<li><strong><span>Pebax<\/span><\/strong><span>: retorno de energ\u00eda.<\/span><\/li>\n<li><strong><span>Suela con hoyuelos<\/span><\/strong><span>: amortiguaci\u00f3n.<\/span><\/li>\n<li><strong><span>14 Cloud \u201cLittle Clouds\u201d<\/span><\/strong><span>: amortiguaci\u00f3n y agarre.<\/span><\/li>\n<li><strong><span>Muescas de flexi\u00f3n:<\/span><\/strong><span>\u00a0movimiento natural del pie.<\/span><\/li>\n<li><strong><span>Parte superior de nano malla ultrafina:<\/span><\/strong><span>\u00a0ligereza, transpirabilidad y evacuaci\u00f3n de la humedad.<\/span><\/li>\n<li><strong><span>Plantilla extra\u00edble<\/span><\/strong><span>: comodidad e higiene.<\/span><\/li>\n<li><strong><span>Leng\u00fceta perforada de una sola pieza<\/span><\/strong><span>: comodidad y transpirabilidad.<\/span><\/li>\n<li><b>Modelo:<\/b> 16.8091.<\/li>\n<li><span><strong>Colores:<\/strong> blanco, amarillo y gris.<\/span><\/li>\n<\/ul>\n","protected":false},"excerpt":{"rendered":"<p>CLOUDFLASH Ll\u00e9valo al siguiente nivel Los calzados Cloudflash On Running\u00a0para\u00a0mujer de zancada universal\u00a0consiguen combinar\u00a0un aterrizaje amortiguado\u00a0y\u00a0una propulsi\u00f3n explosiva\u00a0. Un modelo<\/p>\n","protected":false},"featured_media":59857,"comment_status":"open","ping_status":"closed","template":"","meta":{"nf_dc_page":""},"product_brand":[],"product_cat":[73],"product_tag":[],"class_list":{"0":"post-59856","1":"product","2":"type-product","3":"status-publish","4":"has-post-thumbnail","6":"product_cat-femenino","8":"first","9":"instock","10":"shipping-taxable","11":"purchasable","12":"product-type-simple"},"_links":{"self":[{"href":"https:\/\/brandss.com.py\/index\/wp-json\/wp\/v2\/product\/59856","targetHints":{"allow":["GET"]}}],"collection":[{"href":"https:\/\/brandss.com.py\/index\/wp-json\/wp\/v2\/product"}],"about":[{"href":"https:\/\/brandss.com.py\/index\/wp-json\/wp\/v2\/types\/product"}],"replies":[{"embeddable":true,"href":"https:\/\/brandss.com.py\/index\/wp-json\/wp\/v2\/comments?post=59856"}],"version-history":[{"count":1,"href":"https:\/\/brandss.com.py\/index\/wp-json\/wp\/v2\/product\/59856\/revisions"}],"predecessor-version":[{"id":59869,"href":"https:\/\/brandss.com.py\/index\/wp-json\/wp\/v2\/product\/59856\/revisions\/59869"}],"wp:featuredmedia":[{"embeddable":true,"href":"https:\/\/brandss.com.py\/index\/wp-json\/wp\/v2\/media\/59857"}],"wp:attachment":[{"href":"https:\/\/brandss.com.py\/index\/wp-json\/wp\/v2\/media?parent=59856"}],"wp:term":[{"taxonomy":"product_brand","embeddable":true,"href":"https:\/\/brandss.com.py\/index\/wp-json\/wp\/v2\/product_brand?post=59856"},{"taxonomy":"product_cat","embeddable":true,"href":"https:\/\/brandss.com.py\/index\/wp-json\/wp\/v2\/product_cat?post=59856"},{"taxonomy":"product_tag","embeddable":true,"href":"https:\/\/brandss.com.py\/index\/wp-json\/wp\/v2\/product_tag?post=59856"}],"curies":[{"name":"wp","href":"https:\/\/api.w.org\/{rel}","templated":true}]}}