{"id":59870,"date":"2024-10-19T11:20:37","date_gmt":"2024-10-19T11:20:37","guid":{"rendered":"https:\/\/brandss.com.py\/index\/?post_type=product&#038;p=59870"},"modified":"2024-10-19T11:21:24","modified_gmt":"2024-10-19T11:21:24","slug":"calzado-deportivo-femenino-on-running-cloudaway","status":"publish","type":"product","link":"https:\/\/brandss.com.py\/index\/producto\/calzado-deportivo-femenino-on-running-cloudaway\/","title":{"rendered":"CALZADO DEPORTIVO FEMENINO ON-RUNNING CLOUDAWAY"},"content":{"rendered":"<p><img loading=\"lazy\" decoding=\"async\" class=\"\" src=\"https:\/\/upload.wikimedia.org\/wikipedia\/commons\/thumb\/9\/92\/On-cloud-logo-white-background.svg\/1200px-On-cloud-logo-white-background.svg.png\" alt=\"Archivo:On-cloud-logo-white-background.svg - Wikipedia, la enciclopedia  libre\" width=\"54\" height=\"70\" \/><\/p>\n<h1>CLOUDAWAY<\/h1>\n<p>On Cloudaway es un calzado muy ligero y c\u00f3modo. M\u00e1s del 90% de la parte superior de malla del calzado proviene de material reciclado y en lo que respecta al forro del calzado, est\u00e1 compuesto por material 100% reciclado. El calzado tiene un sistema de cordones r\u00e1pidos para que puedas pon\u00e9rtelas y quit\u00e1rtelas m\u00e1s r\u00e1pido y, adem\u00e1s, cabe destacar la costura tipo mocas\u00edn, que une la parte superior de malla con el guardabarros de ante vegano.<\/p>\n<h3><span>Materiales<\/span><\/h3>\n<p><strong>Contenido reciclado: <\/strong><\/p>\n<p><span>\u2013 Contenido reciclado total: alrededor del 20 % <\/span><\/p>\n<p><span>\u2013 Poli\u00e9ster: alrededor del 80 % reciclado <\/span><\/p>\n<p><strong>Otras caracter\u00edsticas:<\/strong><\/p>\n<p><span> \u2013 Suela de caucho reciclado al 10 %<\/span><\/p>\n<p><span> \u2013 Guardabarros de gamuza sint\u00e9tica <\/span><\/p>\n<p><span>Nos comprometemos a crear un futuro sostenible<\/span><\/p>\n<h2 class=\"_title_pjr0g_58\"><span>Caracter\u00edsticas principales<\/span><\/h2>\n<ul class=\"_usps_pjr0g_76\">\n<li class=\"\">\n<p class=\"_usp_pjr0g_76\"><span>Peso: 245g.<\/span><\/p>\n<\/li>\n<li class=\"\">\n<p class=\"_usp_pjr0g_76\"><span>Costuras intrincadas y guardabarros de gamuza vegana.<\/span><\/p>\n<\/li>\n<li class=\"\">\n<p class=\"_usp_pjr0g_76\"><span>Dise\u00f1o sin cordones con cordones el\u00e1sticos de un solo cierre.<\/span><\/p>\n<\/li>\n<li class=\"\">\n<p class=\"_usp_pjr0g_76\"><span>Banda de rodadura tridimensional \u00fanica del valle de Engadina.<\/span><\/p>\n<\/li>\n<li class=\"\">\n<p class=\"_usp_pjr0g_76\"><span>Parte superior de malla ultraligera.<\/span><\/p>\n<\/li>\n<li class=\"\">\n<p class=\"_usp_pjr0g_76\"><span>Zapato de suela suave con forro 100 % reciclado.<\/span><\/p>\n<\/li>\n<li class=\"\">\n<p class=\"_usp_pjr0g_76\"><span>Suela CloudTec\u00ae con Speedboard\u00ae oculto.<\/span><\/p>\n<\/li>\n<li class=\"\">\n<p class=\"_usp_pjr0g_76\"><span>Sobre la ejecuci\u00f3n de Cloudaway.<\/span><\/p>\n<\/li>\n<li class=\"\">\n<p class=\"_usp_pjr0g_76\"><span>Zapatilla muy ligera.<\/span><\/p>\n<\/li>\n<li class=\"\">\n<p class=\"_usp_pjr0g_76\"><span>Parte superior de malla y gamuza vegana.<\/span><\/p>\n<\/li>\n<li class=\"\">\n<p class=\"_usp_pjr0g_76\"><span>Sistema de cordones r\u00e1pidos.<\/span><\/p>\n<\/li>\n<li class=\"\">\n<p class=\"_usp_pjr0g_76\"><span>Costuras de mocas\u00edn en la parte superior.<\/span><\/p>\n<\/li>\n<\/ul>\n<ul>\n<li><span>Gran comodidad.<\/span><\/li>\n<\/ul>\n<div class=\"_imageWrapper_1v335_70\"><span class=\"_container_2p9tv_115 _loaded_2p9tv_134\"><img loading=\"lazy\" decoding=\"async\" class=\"_img_2p9tv_154 alignleft\" src=\"https:\/\/images.ctfassets.net\/hnk2vsx53n6l\/5b3jIpaQwB2BtNNvrZULUL\/28949daa9d3b5c3d79133dad5a4cabfa\/8cab6b2b93104761202be3b2e89f844b5950fbc9.jpg?fm=webp\" alt=\"Creado para explorar\" width=\"375\" height=\"469\" aria-hidden=\"false\" \/><\/span><\/div>\n<h2><\/h2>\n<h2><\/h2>\n<h2 class=\"_imageTitle_1v335_89\"><span>Creado para explorar<\/span><\/h2>\n<p class=\"_description_1v335_110\"><span>Nuestra suela CloudTec\u00ae ofrece comodidad que dura tanto como t\u00fa y la entresuela cerrada garantiza que nada se interponga en tu camino. \u00bfNecesitas inspiraci\u00f3n para tu pr\u00f3xima aventura? La huella 3D del valle de Engadin (el hogar espiritual de On) en la suela exterior te dar\u00e1 ganas de empezar.<\/span><\/p>\n<p>&nbsp;<\/p>\n<div class=\"_contentCard_1v335_58 _card_8544l_64\" data-test-id=\"productHighlightCard-1\">\n<div class=\"_imageWrapper_1v335_70\"><span class=\"_container_2p9tv_115 _loaded_2p9tv_134\"><img loading=\"lazy\" decoding=\"async\" class=\"_img_2p9tv_154 alignleft\" src=\"https:\/\/images.ctfassets.net\/hnk2vsx53n6l\/7GHGwueW69x3lNuNdCmxs6\/89f3226b2cad4276a49afde224d5312b\/fb1796af1498839e2be72769ce5a6cff7fc962bc.jpg?fm=webp\" alt=\"Pisar con cuidado\" width=\"376\" height=\"470\" aria-hidden=\"false\" \/><\/span><\/div>\n<h2 class=\"_imageTitle_1v335_89\"><span>Pisar con cuidado<\/span><\/h2>\n<p class=\"_description_1v335_110\"><span>Ning\u00fan lugar est\u00e1 prohibido en Cloudaway. La parte superior de malla ultraligera est\u00e1 confeccionada con m\u00e1s del 90 % de contenido reciclado, por lo que dejas una huella de carbono consciente. Es duradera y suave al pon\u00e9rsela, con un solo cord\u00f3n de palanca para garantizar un ajuste personalizado en todo momento.<\/span><\/p>\n<\/div>\n<div class=\"_contentCard_1v335_58 _card_8544l_64\" data-test-id=\"productHighlightCard-2\">\n<div class=\"_imageWrapper_1v335_70\"><span class=\"_container_2p9tv_115 _loaded_2p9tv_134\"><img loading=\"lazy\" decoding=\"async\" class=\"_img_2p9tv_154 alignleft\" src=\"https:\/\/images.ctfassets.net\/hnk2vsx53n6l\/2eU8LVSwuPaFYKM4DfmLNJ\/06c7f41d2d288075e8a63b9f74e1dd1b\/503af04176959302484daa2cda983da637c4638c.jpg?fm=webp\" alt=\"Aqu\u00ed, ahora\" width=\"292\" height=\"365\" aria-hidden=\"false\" \/><\/span><\/div>\n<h2><\/h2>\n<h2><\/h2>\n<h2><\/h2>\n<h2 class=\"_imageTitle_1v335_89\"><span>Aqu\u00ed, ahora<\/span><\/h2>\n<p class=\"_description_1v335_110\"><span>La aventura nunca espera. \u00bfPor qu\u00e9 t\u00fa s\u00ed? El Cloudaway est\u00e1 dise\u00f1ado para ser flexible, vers\u00e1til y muy f\u00e1cil de guardar. El dise\u00f1o inspirado en la utilidad es un gui\u00f1o a los caminos menos transitados. Y la suela de caucho reciclado al 10 % significa que lo \u00fanico que est\u00e1 limitado es tu impacto ambiental.<\/span><\/p>\n<\/div>\n<p>&nbsp;<\/p>\n<h2><\/h2>\n<h2 class=\"Typography_typo__ZkSvz Typography_typoPrimary__pDvIs Typography_typoH3__NDUDo\">Informaci\u00f3n b\u00e1sica<\/h2>\n<ul class=\"flex flex-col gap-4 mt-6 small:justify-items-start small:flex-row small:flex-wrap small:gap-12\">\n<li>\n<p class=\"Typography_typo__ZkSvz Typography_typoSecondary__Qb_Mx Typography_typoSmall__r9lkS\"><strong>Marca:<\/strong> On Running.<\/p>\n<\/li>\n<li>\n<p class=\"Typography_typo__ZkSvz Typography_typoSecondary__Qb_Mx Typography_typoSmall__r9lkS\"><strong>Nombre:<\/strong> Cloudaway.<\/p>\n<\/li>\n<li>\n<p class=\"Typography_typo__ZkSvz Typography_typoSecondary__Qb_Mx Typography_typoSmall__r9lkS\"><strong>Modelo:<\/strong> 49.99128.<\/p>\n<\/li>\n<li>\n<p class=\"Typography_typo__ZkSvz Typography_typoSecondary__Qb_Mx Typography_typoSmall__r9lkS\"><strong>Color: <\/strong><span class=\"u-h4 u-font-normal u-grey u-body_font\"><span>Almond \/ Glaciar.<\/span><\/span><\/p>\n<\/li>\n<\/ul>\n","protected":false},"excerpt":{"rendered":"<p>CLOUDAWAY On Cloudaway es un calzado muy ligero y c\u00f3modo. M\u00e1s del 90% de la parte superior de malla del<\/p>\n","protected":false},"featured_media":59871,"comment_status":"open","ping_status":"closed","template":"","meta":{"nf_dc_page":""},"product_brand":[],"product_cat":[73],"product_tag":[],"class_list":{"0":"post-59870","1":"product","2":"type-product","3":"status-publish","4":"has-post-thumbnail","6":"product_cat-femenino","8":"first","9":"instock","10":"shipping-taxable","11":"purchasable","12":"product-type-simple"},"_links":{"self":[{"href":"https:\/\/brandss.com.py\/index\/wp-json\/wp\/v2\/product\/59870","targetHints":{"allow":["GET"]}}],"collection":[{"href":"https:\/\/brandss.com.py\/index\/wp-json\/wp\/v2\/product"}],"about":[{"href":"https:\/\/brandss.com.py\/index\/wp-json\/wp\/v2\/types\/product"}],"replies":[{"embeddable":true,"href":"https:\/\/brandss.com.py\/index\/wp-json\/wp\/v2\/comments?post=59870"}],"version-history":[{"count":1,"href":"https:\/\/brandss.com.py\/index\/wp-json\/wp\/v2\/product\/59870\/revisions"}],"predecessor-version":[{"id":59882,"href":"https:\/\/brandss.com.py\/index\/wp-json\/wp\/v2\/product\/59870\/revisions\/59882"}],"wp:featuredmedia":[{"embeddable":true,"href":"https:\/\/brandss.com.py\/index\/wp-json\/wp\/v2\/media\/59871"}],"wp:attachment":[{"href":"https:\/\/brandss.com.py\/index\/wp-json\/wp\/v2\/media?parent=59870"}],"wp:term":[{"taxonomy":"product_brand","embeddable":true,"href":"https:\/\/brandss.com.py\/index\/wp-json\/wp\/v2\/product_brand?post=59870"},{"taxonomy":"product_cat","embeddable":true,"href":"https:\/\/brandss.com.py\/index\/wp-json\/wp\/v2\/product_cat?post=59870"},{"taxonomy":"product_tag","embeddable":true,"href":"https:\/\/brandss.com.py\/index\/wp-json\/wp\/v2\/product_tag?post=59870"}],"curies":[{"name":"wp","href":"https:\/\/api.w.org\/{rel}","templated":true}]}}