{"id":59883,"date":"2024-10-19T13:04:28","date_gmt":"2024-10-19T13:04:28","guid":{"rendered":"https:\/\/brandss.com.py\/index\/?post_type=product&#038;p=59883"},"modified":"2025-09-23T10:34:47","modified_gmt":"2025-09-23T10:34:47","slug":"calzado-deportivo-masculino-on-running-cloud-dip","status":"publish","type":"product","link":"https:\/\/brandss.com.py\/index\/producto\/calzado-deportivo-masculino-on-running-cloud-dip\/","title":{"rendered":"CALZADO DEPORTIVO MASCULINO ON-RUNNING CLOUD DIP"},"content":{"rendered":"<p><img loading=\"lazy\" decoding=\"async\" class=\"\" src=\"https:\/\/upload.wikimedia.org\/wikipedia\/commons\/thumb\/9\/92\/On-cloud-logo-white-background.svg\/1200px-On-cloud-logo-white-background.svg.png\" alt=\"Archivo:On-cloud-logo-white-background.svg - Wikipedia, la enciclopedia  libre\" width=\"57\" height=\"74\" \/><\/p>\n<h1>CLOUD DIP<\/h1>\n<p><span>Con las Cloud Dip de On Running, siempre tendr\u00e1s el control. La parte superior de lona ultraduradera combina durabilidad con amortiguaci\u00f3n CloudTec ultrac\u00f3moda para una apariencia segura. Cloud es un calzado exclusivo de la marca On Running . Probablemente la hayas visto en alg\u00fan lugar antes, pero su marca es dif\u00edcil de identificar si no la conoces. La colecci\u00f3n Cloud es el calzado m\u00e1s ligero de On que cuenta con amortiguaci\u00f3n y rendimiento CloudTech. Esta tecnolog\u00eda fue creada para el mejor rendimiento de carrera posible con impactos suaves y arranques impulsivos. Los ingenieros suizos lo dise\u00f1aron para brindar comodidad y soporte para que todos puedan lograr una carrera eficiente. Se adapta f\u00e1cilmente a tu estilo de carrera. On running se refiere a ello como &#8220;ejecutar en una nube&#8221;. La colecci\u00f3n Cloud incluye una gama de calzado centrado en el rendimiento con un dise\u00f1o muy sencillo. La misi\u00f3n de la marca es encender el esp\u00edritu humano a trav\u00e9s del movimiento y lo hacen con mucha precisi\u00f3n. No es de extra\u00f1ar que tengan el calzado para correr m\u00e1s popular: es vers\u00e1til, c\u00f3modo, elegante y f\u00e1cil de poner. La elecci\u00f3n ideal para todo deportista profesional y aficionado.<\/span><\/p>\n<ul>\n<li><span>Parte superior hecha de lona duradera.<\/span><\/li>\n<li><span>Interior de malla<\/span><\/li>\n<li><span>On Running Speedboard proporciona recuperaci\u00f3n de energ\u00eda<\/span><\/li>\n<li><span>Espuma Zero-Gravity en la entresuela<\/span><\/li>\n<li><span>Amortiguaci\u00f3n CloudTec en la entresuela<\/span><\/li>\n<li><span>Suela de goma<\/span><\/li>\n<li><span>Logotipo de On Running en el lateral y la leng\u00fceta<\/span><\/li>\n<li><span>Protecci\u00f3n de guardabarros de goma<\/span><\/li>\n<\/ul>\n<div>\n<div class=\"summary__title\">\n<h2 class=\"u-16 uppercase accordion__title\"><span>Detalles del producto<\/span><\/h2>\n<\/div>\n<\/div>\n<div id=\"ProductAccordion-407c7a83-7dd3-4481-b68e-a8ff0a804372-template--16711576289544__main\" class=\"accordion__content rte product_accordion_metafield\">\n<p><b><span>Modelo: <\/span><\/b><span>1.899.488.<\/span><\/p>\n<p><b><span>Marca: <\/span><\/b>ON-RUNNING.<\/p>\n<p><b><span>C<\/span><\/b><b><span>olor: <\/span><\/b><span>Reseda \/ Oliva.<\/span><\/p>\n<p><b><span>Tipo: <\/span><\/b>Calzado deportivo.<\/p>\n<p><b><span>Sistema \u00danico: <\/span><\/b><span>Tecnolog\u00eda en la nube<\/span><\/p>\n<p><b><span>Cierre: <\/span><\/b><span>pelda\u00f1o de Schn\u221a\u00ba<\/span><\/p>\n<p><b><span>Material superior: <\/span><\/b><span>Lienzo<\/span><\/p>\n<p><b><span>Material de la suela: <\/span><\/b><span>Goma de mascar<\/span><\/p>\n<\/div>\n","protected":false},"excerpt":{"rendered":"<p>CLOUD DIP Con las Cloud Dip de On Running, siempre tendr\u00e1s el control. La parte superior de lona ultraduradera combina<\/p>\n","protected":false},"featured_media":59884,"comment_status":"open","ping_status":"closed","template":"","meta":{"nf_dc_page":""},"product_brand":[],"product_cat":[76],"product_tag":[],"class_list":{"0":"post-59883","1":"product","2":"type-product","3":"status-publish","4":"has-post-thumbnail","6":"product_cat-masculino","8":"first","9":"instock","10":"shipping-taxable","11":"purchasable","12":"product-type-simple"},"_links":{"self":[{"href":"https:\/\/brandss.com.py\/index\/wp-json\/wp\/v2\/product\/59883","targetHints":{"allow":["GET"]}}],"collection":[{"href":"https:\/\/brandss.com.py\/index\/wp-json\/wp\/v2\/product"}],"about":[{"href":"https:\/\/brandss.com.py\/index\/wp-json\/wp\/v2\/types\/product"}],"replies":[{"embeddable":true,"href":"https:\/\/brandss.com.py\/index\/wp-json\/wp\/v2\/comments?post=59883"}],"version-history":[{"count":1,"href":"https:\/\/brandss.com.py\/index\/wp-json\/wp\/v2\/product\/59883\/revisions"}],"predecessor-version":[{"id":59892,"href":"https:\/\/brandss.com.py\/index\/wp-json\/wp\/v2\/product\/59883\/revisions\/59892"}],"wp:featuredmedia":[{"embeddable":true,"href":"https:\/\/brandss.com.py\/index\/wp-json\/wp\/v2\/media\/59884"}],"wp:attachment":[{"href":"https:\/\/brandss.com.py\/index\/wp-json\/wp\/v2\/media?parent=59883"}],"wp:term":[{"taxonomy":"product_brand","embeddable":true,"href":"https:\/\/brandss.com.py\/index\/wp-json\/wp\/v2\/product_brand?post=59883"},{"taxonomy":"product_cat","embeddable":true,"href":"https:\/\/brandss.com.py\/index\/wp-json\/wp\/v2\/product_cat?post=59883"},{"taxonomy":"product_tag","embeddable":true,"href":"https:\/\/brandss.com.py\/index\/wp-json\/wp\/v2\/product_tag?post=59883"}],"curies":[{"name":"wp","href":"https:\/\/api.w.org\/{rel}","templated":true}]}}