{"id":59893,"date":"2024-10-19T14:25:37","date_gmt":"2024-10-19T14:25:37","guid":{"rendered":"https:\/\/brandss.com.py\/index\/?post_type=product&#038;p=59893"},"modified":"2025-09-23T10:34:18","modified_gmt":"2025-09-23T10:34:18","slug":"calzado-deportivo-masculino-on-running-cloudultra-fluorite","status":"publish","type":"product","link":"https:\/\/brandss.com.py\/index\/producto\/calzado-deportivo-masculino-on-running-cloudultra-fluorite\/","title":{"rendered":"CALZADO DEPORTIVO MASCULINO ON-RUNNING CLOUDULTRA FLUORITE"},"content":{"rendered":"<p><img loading=\"lazy\" decoding=\"async\" class=\"\" src=\"https:\/\/upload.wikimedia.org\/wikipedia\/commons\/thumb\/9\/92\/On-cloud-logo-white-background.svg\/1200px-On-cloud-logo-white-background.svg.png\" alt=\"Archivo:On-cloud-logo-white-background.svg - Wikipedia, la enciclopedia  libre\" width=\"49\" height=\"64\" \/><\/p>\n<h1>CLOUDULTRA FLUORITE<\/h1>\n<p class=\"typography-paragraph text-2xs\/5.5 tracking-normal font-figtree rtl:font-noto-kufi-arabic mb-4\"><span>On presenta los calzados Cloudultra Fluorite de edici\u00f3n limitada, un estilo llamativo para un rendimiento visible durante todo el d\u00eda y la noche. Dise\u00f1adas para una m\u00e1xima visibilidad y rendimiento, cuentan con una parte superior transpirable con materiales reflectantes, un ajuste adaptable al calcet\u00edn y el ajustador de cordones FlipRelease\u2122 para un ajuste m\u00e1s amplio cuando lo necesitas. Toma nota de la superespuma doble CloudTec\u00ae y doble Helion\u2122 para una comodidad a largo plazo y la tracci\u00f3n Missiongrip\u2122 para manejar m\u00faltiples terrenos.<\/span><\/p>\n<p style=\"font-weight: 400\">La ON Running Cloudultra Fluorite es un calzado de trail que parece sacada de un libro de im\u00e1genes. Cuenta con un corte bajo, una parte superior transpirable sin cordones de malla de dos capas, capas de refuerzo de TPU, cordones con sistema FlipRelease y, por supuesto, un acolchado c\u00f3modo. Para mayor comodidad y agarre en rutas de monta\u00f1a, prados y grava, se incluyen una suela de Helion Superfoam (que incluye elementos de amortiguaci\u00f3n adicionales ON Running CloudTec) y una suela Missiongrip.<\/p>\n<p><strong>Detalles:<\/strong><\/p>\n<ul class=\"whitespace-normal ms-4 md:ms-4\" data-testid=\"lineitems\">\n<li><strong>Marca:<\/strong> ON-RUNNING<\/li>\n<li><strong>Modelo:<\/strong> 96.98412<\/li>\n<li><strong>Color:<\/strong> Heno \/ Blanco<\/li>\n<li><strong>G\u00e9nero:<\/strong> Masculino.<\/li>\n<li><strong>Material:<\/strong><br \/>\n-Sint\u00e9tico, Textil<br \/>\n-Parte superior: 100 % textil, sint\u00e9tico<br \/>\n-Forro: 100 % textil<br \/>\n-Suela: 100 % caucho<\/li>\n<li class=\"list-outside list-disc leading-9\">\n<p class=\"typography-body1 text-2xs\/4 tracking-normal font-figtree rtl:font-noto-kufi-arabic\"><span>Se ajusta al tama\u00f1o real, elige tu talla habitual.<\/span><\/p>\n<\/li>\n<\/ul>\n","protected":false},"excerpt":{"rendered":"<p>CLOUDULTRA FLUORITE On presenta los calzados Cloudultra Fluorite de edici\u00f3n limitada, un estilo llamativo para un rendimiento visible durante todo<\/p>\n","protected":false},"featured_media":59894,"comment_status":"open","ping_status":"closed","template":"","meta":{"nf_dc_page":""},"product_brand":[],"product_cat":[76],"product_tag":[],"class_list":{"0":"post-59893","1":"product","2":"type-product","3":"status-publish","4":"has-post-thumbnail","6":"product_cat-masculino","8":"first","9":"instock","10":"shipping-taxable","11":"purchasable","12":"product-type-simple"},"_links":{"self":[{"href":"https:\/\/brandss.com.py\/index\/wp-json\/wp\/v2\/product\/59893","targetHints":{"allow":["GET"]}}],"collection":[{"href":"https:\/\/brandss.com.py\/index\/wp-json\/wp\/v2\/product"}],"about":[{"href":"https:\/\/brandss.com.py\/index\/wp-json\/wp\/v2\/types\/product"}],"replies":[{"embeddable":true,"href":"https:\/\/brandss.com.py\/index\/wp-json\/wp\/v2\/comments?post=59893"}],"version-history":[{"count":1,"href":"https:\/\/brandss.com.py\/index\/wp-json\/wp\/v2\/product\/59893\/revisions"}],"predecessor-version":[{"id":59906,"href":"https:\/\/brandss.com.py\/index\/wp-json\/wp\/v2\/product\/59893\/revisions\/59906"}],"wp:featuredmedia":[{"embeddable":true,"href":"https:\/\/brandss.com.py\/index\/wp-json\/wp\/v2\/media\/59894"}],"wp:attachment":[{"href":"https:\/\/brandss.com.py\/index\/wp-json\/wp\/v2\/media?parent=59893"}],"wp:term":[{"taxonomy":"product_brand","embeddable":true,"href":"https:\/\/brandss.com.py\/index\/wp-json\/wp\/v2\/product_brand?post=59893"},{"taxonomy":"product_cat","embeddable":true,"href":"https:\/\/brandss.com.py\/index\/wp-json\/wp\/v2\/product_cat?post=59893"},{"taxonomy":"product_tag","embeddable":true,"href":"https:\/\/brandss.com.py\/index\/wp-json\/wp\/v2\/product_tag?post=59893"}],"curies":[{"name":"wp","href":"https:\/\/api.w.org\/{rel}","templated":true}]}}