{"id":59921,"date":"2024-10-21T11:31:44","date_gmt":"2024-10-21T11:31:44","guid":{"rendered":"https:\/\/brandss.com.py\/index\/?post_type=product&#038;p=59921"},"modified":"2025-10-16T19:17:03","modified_gmt":"2025-10-16T19:17:03","slug":"calzado-deportivo-masculino-on-running-cloudventure-peak","status":"publish","type":"product","link":"https:\/\/brandss.com.py\/index\/producto\/calzado-deportivo-masculino-on-running-cloudventure-peak\/","title":{"rendered":"CALZADO DEPORTIVO MASCULINO ON-RUNNING CLOUDVENTURE PEAK"},"content":{"rendered":"<p><img loading=\"lazy\" decoding=\"async\" class=\"\" src=\"https:\/\/upload.wikimedia.org\/wikipedia\/commons\/thumb\/9\/92\/On-cloud-logo-white-background.svg\/1200px-On-cloud-logo-white-background.svg.png\" alt=\"Archivo:On-cloud-logo-white-background.svg - Wikipedia, la enciclopedia  libre\" width=\"58\" height=\"75\" \/><\/p>\n<h1>CLOUDVENTURE PEAK<\/h1>\n<p><strong><span>Domina la pendiente\u00a0<\/span><\/strong><\/p>\n<p>&nbsp;<\/p>\n<p>El nuevo calzado On-Running Cloudventure est\u00e1 hecho para\u00a0corredores de trail que quieren superar sus l\u00edmites en senderos monta\u00f1osos.\u00a0En esta \u00faltima versi\u00f3n, la\u00a0marca suiza\u00a0se ha centrado en\u00a0el agarre\u00a0y\u00a0la resistencia\u00a0. Para ello encontramos la\u00a0suela Missiongrip\u00a0\u00a0y sus m\u00faltiples patrones que te ayudan a mantener el control a pesar de las condiciones clim\u00e1ticas cambiantes. Combinado con los\u00a0elementos Zero Gravity Cloud\u00a0, la\u00a0solidez\u00a0del conjunto mejora en\u00a0senderos exigentes.\u00a0Los\u00a0crampones\u00a0se combinan con un\u00a0patr\u00f3n de tracci\u00f3n\u00a0revisado \u00a0para ofrecerte\u00a0un dinamismo\u00a0ideal . Te beneficias de un excelente\u00a0retorno de energ\u00eda\u00a0en cada zancada con el proceso\u00a0Speedboard\u00a0. Corres\u00a0con seguridad\u00a0gracias a los\u00a0detalles aplanados\u00a0que reducen el\u00a0riesgo de resbalar sobre suelo mojado.\u00a0Este modelo tiene una\u00a0parte superior ventilada\u00a0\u00a0que proporciona\u00a0una transpirabilidad\u00a0\u00f3ptima en zonas espec\u00edficas. Por muy dif\u00edciles\u00a0que sean tus sesiones deportivas\u00a0, tus pies se mantienen\u00a0frescos\u00a0y podr\u00e1s\u00a0entrenar\u00a0\u00a0con una sensaci\u00f3n constante de\u00a0comodidad.<\/p>\n<h3><span class=\"m-accordion__header\"><span class=\"m-accordion__header__title\"><span>Tecnolog\u00edas<\/span><\/span><\/span><\/h3>\n<div class=\"m-accordion__content js-readMore\">\n<div class=\"m-readMore__content js-readMore-container\">\n<div class=\"prdDtl__contentSection__content\">\n<dl>\n<dt><strong>Patrones de panal<\/strong><\/dt>\n<dt><\/dt>\n<dd>Cada una de las &#8220;nubes&#8221; proporciona un agarre de calidad en carreteras y caminos.<\/dd>\n<dd><\/dd>\n<dt><strong>Tabla de velocidad<\/strong><\/dt>\n<dt><\/dt>\n<dd>Le permite transferir el impacto de la carrera a un impulso hacia adelante \u00f3ptimo.<\/dd>\n<dd><\/dd>\n<dt><strong>Misi\u00f3ngrip<\/strong><\/dt>\n<dt><\/dt>\n<dd>La suela Missiongrip combina m\u00faltiples patrones de tracci\u00f3n para mantener el control en condiciones clim\u00e1ticas cambiantes.<\/dd>\n<dd><\/dd>\n<\/dl>\n<p><strong>Puntos clave del\u00a0calzado Cloudventure para correr:<\/strong><\/p>\n<ul>\n<li><strong>Ideal para tus sesiones de trail en terreno monta\u00f1oso.<\/strong><\/li>\n<li><strong>Suela Missiongrip<\/strong>: agarre.<\/li>\n<li><strong>Elementos de la nube de gravedad cero<\/strong>: resistencia.<\/li>\n<li><strong>Crampones y patrones de tracci\u00f3n<\/strong>: dinamismo.<\/li>\n<li><strong>Speedboard<\/strong>: retorno de energ\u00eda.<\/li>\n<li><strong>Detalles aplanados<\/strong>: agarre.<\/li>\n<li><strong>Parte superior ventilada<\/strong>: transpirabilidad.<\/li>\n<li><strong>Ca\u00edda<\/strong>: 10 mm.<\/li>\n<li><strong>Color<\/strong>: Verde abeto\/ Blanco\/ Negro\/ Verde oscuro.<\/li>\n<\/ul>\n<div class=\"n58676\">\n<div id=\"tabs_58676\">\n<h3><\/h3>\n<h3 id=\"dictionary_58676\" class=\"activTab hoverTab\">Datos completos<\/h3>\n<\/div>\n<\/div>\n<div class=\"clearBoth\"><\/div>\n<div class=\"mobileTabBaseline\"><\/div>\n<div id=\"component_projector_dictionary\" class=\"component_projector_dictionary\">\n<div class=\"n56173_main\">\n<div class=\"n56173_sub\">\n<table class=\"n54117_dictionary\">\n<tbody>\n<tr class=\"element\">\n<td class=\"n54117_item_a1\"><strong>Marca:<\/strong><\/td>\n<td class=\"n54117_item_b1\">\n<div class=\"n54117_item_b_sub\">\u00a0ON-RUNNING<\/div>\n<\/td>\n<\/tr>\n<tr class=\"element\">\n<td class=\"n54117_item_a2\"><strong>Modelo<span class=\"n67256colon\">:<\/span><\/strong><\/td>\n<td class=\"n54117_item_b2\">\n<div class=\"n54117_item_b_sub\">\u00a022.99621<\/div>\n<\/td>\n<\/tr>\n<tr class=\"element\">\n<td class=\"n54117_item_a1\"><strong>Superior<span class=\"n67256colon\">:<\/span><\/strong><\/td>\n<td class=\"n54117_item_b1\">\n<div class=\"n54117_item_b_sub\">\u00a0Sint\u00e9tico\/ material textil<\/div>\n<\/td>\n<\/tr>\n<tr class=\"element\">\n<td class=\"n54117_item_a2\"><strong>Plantilla<span class=\"n67256colon\">:<\/span><\/strong><\/td>\n<td class=\"n54117_item_b2\">\n<div class=\"n54117_item_b_sub\">\u00a0Material<\/div>\n<\/td>\n<\/tr>\n<tr class=\"element\">\n<td class=\"n54117_item_a1\"><strong>Material de la suela<span class=\"n67256colon\">:<\/span><\/strong><\/td>\n<td class=\"n54117_item_b1\">\n<div class=\"n54117_item_b_sub\">\u00a0Caucho<\/div>\n<\/td>\n<\/tr>\n<tr class=\"element\">\n<td class=\"n54117_item_a2\"><strong>Color<span class=\"n67256colon\">:<\/span><\/strong><\/td>\n<td class=\"n54117_item_b2\">\n<div class=\"n54117_item_b_sub\">\u00a0Verde<\/div>\n<\/td>\n<\/tr>\n<tr class=\"element\">\n<td class=\"n54117_item_a1\"><strong>Tipo<span class=\"n67256colon\">:<\/span><\/strong><\/td>\n<td class=\"n54117_item_b1\">\n<div class=\"n54117_item_b_sub\">\u00a0Calzado de running<\/div>\n<\/td>\n<\/tr>\n<tr class=\"element\">\n<td class=\"n54117_item_a2\"><strong>G\u00e9nero<span class=\"n67256colon\">:<\/span><\/strong><\/td>\n<td class=\"n54117_item_b2\">\n<div class=\"n54117_item_b_sub\">\u00a0Masculino<\/div>\n<\/td>\n<\/tr>\n<tr class=\"element\">\n<td class=\"n54117_item_a1\"><strong>Temporada<span class=\"n67256colon\">:<\/span><\/strong><\/td>\n<td class=\"n54117_item_b1\">\n<div class=\"n54117_item_b_sub\">\u00a0Todo el a\u00f1o<\/div>\n<\/td>\n<\/tr>\n<tr class=\"element\">\n<td class=\"n54117_item_a2\"><strong>Tecnologias<span class=\"n67256colon\">:<\/span><\/strong><\/td>\n<td class=\"n54117_item_b2\">\n<div class=\"n54117_item_b_sub\">\u00a0CloudTec\u00ae\/ Missiongrip<\/div>\n<div class=\"n54117_item_b_sub\">\u00a0Speedboard\u2122\/ <span style=\"font-family: inherit;font-size: inherit\">Zero Gravity<\/span><\/div>\n<\/td>\n<\/tr>\n<tr class=\"element\">\n<td class=\"n54117_item_a1\"><strong>Categor\u00eda<span class=\"n67256colon\">:<\/span><\/strong><\/td>\n<td class=\"n54117_item_b1\">\n<div class=\"n54117_item_b_sub\">\u00a0Calzado<\/div>\n<\/td>\n<\/tr>\n<tr class=\"element\">\n<td class=\"n54117_item_a2\"><strong>Altura de los zapatos<span class=\"n67256colon\">:<\/span><\/strong><\/td>\n<td class=\"n54117_item_b2\">\n<div class=\"n54117_item_b_sub\">\u00a0Low Top<\/div>\n<\/td>\n<\/tr>\n<\/tbody>\n<\/table>\n<\/div>\n<\/div>\n<\/div>\n<\/div>\n<\/div>\n<\/div>\n","protected":false},"excerpt":{"rendered":"<p>CLOUDVENTURE PEAK Domina la pendiente\u00a0 &nbsp; El nuevo calzado On-Running Cloudventure est\u00e1 hecho para\u00a0corredores de trail que quieren superar sus<\/p>\n","protected":false},"featured_media":59922,"comment_status":"open","ping_status":"closed","template":"","meta":{"nf_dc_page":""},"product_brand":[],"product_cat":[76],"product_tag":[],"class_list":{"0":"post-59921","1":"product","2":"type-product","3":"status-publish","4":"has-post-thumbnail","6":"product_cat-masculino","8":"first","9":"instock","10":"shipping-taxable","11":"purchasable","12":"product-type-simple"},"_links":{"self":[{"href":"https:\/\/brandss.com.py\/index\/wp-json\/wp\/v2\/product\/59921","targetHints":{"allow":["GET"]}}],"collection":[{"href":"https:\/\/brandss.com.py\/index\/wp-json\/wp\/v2\/product"}],"about":[{"href":"https:\/\/brandss.com.py\/index\/wp-json\/wp\/v2\/types\/product"}],"replies":[{"embeddable":true,"href":"https:\/\/brandss.com.py\/index\/wp-json\/wp\/v2\/comments?post=59921"}],"version-history":[{"count":1,"href":"https:\/\/brandss.com.py\/index\/wp-json\/wp\/v2\/product\/59921\/revisions"}],"predecessor-version":[{"id":59931,"href":"https:\/\/brandss.com.py\/index\/wp-json\/wp\/v2\/product\/59921\/revisions\/59931"}],"wp:featuredmedia":[{"embeddable":true,"href":"https:\/\/brandss.com.py\/index\/wp-json\/wp\/v2\/media\/59922"}],"wp:attachment":[{"href":"https:\/\/brandss.com.py\/index\/wp-json\/wp\/v2\/media?parent=59921"}],"wp:term":[{"taxonomy":"product_brand","embeddable":true,"href":"https:\/\/brandss.com.py\/index\/wp-json\/wp\/v2\/product_brand?post=59921"},{"taxonomy":"product_cat","embeddable":true,"href":"https:\/\/brandss.com.py\/index\/wp-json\/wp\/v2\/product_cat?post=59921"},{"taxonomy":"product_tag","embeddable":true,"href":"https:\/\/brandss.com.py\/index\/wp-json\/wp\/v2\/product_tag?post=59921"}],"curies":[{"name":"wp","href":"https:\/\/api.w.org\/{rel}","templated":true}]}}