{"id":59943,"date":"2024-10-21T12:58:38","date_gmt":"2024-10-21T12:58:38","guid":{"rendered":"https:\/\/brandss.com.py\/index\/?post_type=product&#038;p=59943"},"modified":"2025-10-16T19:16:08","modified_gmt":"2025-10-16T19:16:08","slug":"calzado-deportivo-masculino-on-running-cloudventure-peak-2","status":"publish","type":"product","link":"https:\/\/brandss.com.py\/index\/producto\/calzado-deportivo-masculino-on-running-cloudventure-peak-2\/","title":{"rendered":"CALZADO DEPORTIVO MASCULINO ON-RUNNING CLOUDVENTURE PEAK"},"content":{"rendered":"<p><img loading=\"lazy\" decoding=\"async\" class=\"\" src=\"https:\/\/upload.wikimedia.org\/wikipedia\/commons\/thumb\/9\/92\/On-cloud-logo-white-background.svg\/1200px-On-cloud-logo-white-background.svg.png\" alt=\"Archivo:On-cloud-logo-white-background.svg - Wikipedia, la enciclopedia  libre\" width=\"63\" height=\"81\" \/><\/p>\n<h1>CLOUDVENTURE PEAK<\/h1>\n<p><strong><span>\u00a1Alcanza las alturas!<\/span><\/strong><\/p>\n<p>&nbsp;<\/p>\n<p>Los senderos t\u00e9cnicos se convierten en tu campo de juego con los calzados On-Running Cloudventure Peak. \u00a1Sus numerosas innovaciones acompa\u00f1an a\u00a0los corredores de trail\u00a0con\u00a0zancada universal\u00a0en\u00a0rutas monta\u00f1osas! El dise\u00f1o\u00a0tipo calzado\u00a0de su parte superior te permite pon\u00e9rtela en un instante y disfrutar de\u00a0un confort excepcional. Una aut\u00e9ntica segunda piel, est\u00e1 confeccionada en\u00a0\u00a0malla el\u00e1stica\u00a0para ofrecerte\u00a0una transpirabilidad\u00a0de calidad \u00a0durante tus\u00a0\u00a0salidas. Su tejido\u00a0antidesgarros\u00a0te garantiza largas sesiones y\u00a0una durabilidad impecable.\u00a0La parte superior tiene\u00a0bandas el\u00e1sticas\u00a0que garantizan\u00a0un soporte\u00a0constante y un\u00a0ajuste personalizado. Las condiciones clim\u00e1ticas ya no son un obst\u00e1culo, la suela est\u00e1 equipada con la tecnolog\u00eda\u00a0Missiongrip\u00a0\u00a0para ofrecerte\u00a0un agarre\u00a0\u00f3ptimo en\u00a0cualquier superficie. Los patrones de EVA\u00a0que sujetan\u00a0\u00a0los crampones te aportan un\u00a0agarre\u00a0agresivo para completar las subidas con total\u00a0tranquilidad.<\/p>\n<p>\u00a1Opta por\u00a0una amortiguaci\u00f3n\u00a0\u00a0que se adapte a tu destreza! Este modelo aprovecha\u00a0Cloudtec\u00a0y sus\u00a0nubes de gravedad cero\u00a0\u00a0que\u00a0absorben\u00a0eficazmente\u00a0los impactos\u00a0y te\u00a0impulsan\u00a0con potencia. Equipada con un\u00a0Speeboard revisado, la entresuela proporciona a cada una de tus zancadas un\u00a0retorno de energ\u00eda \u00fanico.<\/p>\n<h3><span class=\"m-accordion__header\"><span class=\"m-accordion__header__title\"><span>Tecnolog\u00edas<\/span><\/span><\/span><\/h3>\n<div class=\"m-accordion__content js-readMore\">\n<div class=\"m-readMore__content js-readMore-container\">\n<div class=\"prdDtl__contentSection__content\">\n<dl>\n<dt><strong>Nubetec<\/strong><\/dt>\n<dd>Los elementos de la nube se comprimen horizontal y verticalmente seg\u00fan tu estilo de carrera. Los impactos est\u00e1n amortiguados para reducir la fatiga muscular. Las Nubes se relajan cuando el pie deja el suelo para un efecto de propulsi\u00f3n hacia adelante.<\/dd>\n<dt><strong>Tabla de velocidad<\/strong><\/dt>\n<dt><\/dt>\n<dt><\/dt>\n<dd>Le permite transferir el impacto de la carrera a un impulso hacia adelante \u00f3ptimo.<\/dd>\n<dd><\/dd>\n<dd><\/dd>\n<dt><strong>Misi\u00f3ngrip<\/strong><\/dt>\n<dt><\/dt>\n<dt><\/dt>\n<dd>La suela Missiongrip combina m\u00faltiples patrones de tracci\u00f3n para mantener el control en condiciones clim\u00e1ticas cambiantes.<\/dd>\n<dd><\/dd>\n<dd><\/dd>\n<dt><strong>Gravedad Cero<\/strong><\/dt>\n<dd>La espuma Zero Gravity ofrece una ligereza incomparable. La parte acolchada proporciona un agarre superior para un zapato ligero y duradero.<\/p>\n<p>&nbsp;<\/dd>\n<\/dl>\n<p><span><strong>Puntos clave de los<\/strong>\u00a0<\/span><strong><span>calzados Cloudventure Peak para correr<\/span><\/strong><\/p>\n<ul>\n<li><strong><span>Suela Missiongrip<\/span><\/strong><span>: agarre.<\/span><\/li>\n<li><strong><span>Cloudtec y Cloud Zero-Gravity<\/span><\/strong><span>: absorci\u00f3n de impactos y propulsi\u00f3n.<\/span><\/li>\n<li><strong><span>Speedboard<\/span><\/strong><span>: retorno de energ\u00eda.<\/span><\/li>\n<li><strong><span>Dise\u00f1o de zapatilla<\/span><\/strong><span>: comodidad y f\u00e1cil de poner.<\/span><\/li>\n<li><strong><span>Tejido antidesgarro<\/span><\/strong><span>: durabilidad.<\/span><\/li>\n<li><strong><span>Parte superior de malla<\/span><\/strong><span>: transpirabilidad y elasticidad.<\/span><\/li>\n<li><strong><span>Bandas el\u00e1sticas<\/span><\/strong><span>: soporte y ajuste.<\/span><\/li>\n<li><strong><span>Patrones de EVA que sujetan los crampones<\/span><\/strong><span>: agarre.<\/span><\/li>\n<li><strong><span>Ca\u00edda<\/span><\/strong><span>: 4 mm.<\/span><\/li>\n<li><b>Modelo<\/b>: 34.99613.<\/li>\n<li><strong><span>Color<\/span><\/strong><span>: Negro\/ Gris acero.<\/span><\/li>\n<\/ul>\n<\/div>\n<\/div>\n<\/div>\n","protected":false},"excerpt":{"rendered":"<p>CLOUDVENTURE PEAK \u00a1Alcanza las alturas! &nbsp; Los senderos t\u00e9cnicos se convierten en tu campo de juego con los calzados On-Running<\/p>\n","protected":false},"featured_media":59944,"comment_status":"open","ping_status":"closed","template":"","meta":{"nf_dc_page":""},"product_brand":[],"product_cat":[76],"product_tag":[],"class_list":{"0":"post-59943","1":"product","2":"type-product","3":"status-publish","4":"has-post-thumbnail","6":"product_cat-masculino","8":"first","9":"instock","10":"shipping-taxable","11":"purchasable","12":"product-type-simple"},"_links":{"self":[{"href":"https:\/\/brandss.com.py\/index\/wp-json\/wp\/v2\/product\/59943","targetHints":{"allow":["GET"]}}],"collection":[{"href":"https:\/\/brandss.com.py\/index\/wp-json\/wp\/v2\/product"}],"about":[{"href":"https:\/\/brandss.com.py\/index\/wp-json\/wp\/v2\/types\/product"}],"replies":[{"embeddable":true,"href":"https:\/\/brandss.com.py\/index\/wp-json\/wp\/v2\/comments?post=59943"}],"version-history":[{"count":1,"href":"https:\/\/brandss.com.py\/index\/wp-json\/wp\/v2\/product\/59943\/revisions"}],"predecessor-version":[{"id":59953,"href":"https:\/\/brandss.com.py\/index\/wp-json\/wp\/v2\/product\/59943\/revisions\/59953"}],"wp:featuredmedia":[{"embeddable":true,"href":"https:\/\/brandss.com.py\/index\/wp-json\/wp\/v2\/media\/59944"}],"wp:attachment":[{"href":"https:\/\/brandss.com.py\/index\/wp-json\/wp\/v2\/media?parent=59943"}],"wp:term":[{"taxonomy":"product_brand","embeddable":true,"href":"https:\/\/brandss.com.py\/index\/wp-json\/wp\/v2\/product_brand?post=59943"},{"taxonomy":"product_cat","embeddable":true,"href":"https:\/\/brandss.com.py\/index\/wp-json\/wp\/v2\/product_cat?post=59943"},{"taxonomy":"product_tag","embeddable":true,"href":"https:\/\/brandss.com.py\/index\/wp-json\/wp\/v2\/product_tag?post=59943"}],"curies":[{"name":"wp","href":"https:\/\/api.w.org\/{rel}","templated":true}]}}