{"id":59954,"date":"2024-10-21T14:02:12","date_gmt":"2024-10-21T14:02:12","guid":{"rendered":"https:\/\/brandss.com.py\/index\/?post_type=product&#038;p=59954"},"modified":"2025-10-16T19:17:03","modified_gmt":"2025-10-16T19:17:03","slug":"calzado-deportivo-masculino-on-running-cloud-x","status":"publish","type":"product","link":"https:\/\/brandss.com.py\/index\/producto\/calzado-deportivo-masculino-on-running-cloud-x\/","title":{"rendered":"CALZADO DEPORTIVO MASCULINO ON-RUNNING CLOUD X"},"content":{"rendered":"<p><img loading=\"lazy\" decoding=\"async\" class=\"\" src=\"https:\/\/upload.wikimedia.org\/wikipedia\/commons\/thumb\/9\/92\/On-cloud-logo-white-background.svg\/1200px-On-cloud-logo-white-background.svg.png\" alt=\"Archivo:On-cloud-logo-white-background.svg - Wikipedia, la enciclopedia  libre\" width=\"52\" height=\"68\" \/><\/p>\n<h1>CLOUD X<\/h1>\n<p>Los zapatos c\u00f3modos de On Running Cloud X son la elecci\u00f3n perfecta para cualquier atuendo diario. Dise\u00f1ado para entrenamientos y carreras de deportes mixtos, este modelo liviano y potente es un todoterreno adaptable que funciona tanto en interiores como en exteriores. Estos zapatos agregar\u00e1n estilo a su armario. P\u00f3ntelos y sal a caminar, trabajar o explorar nuevos lugares. \u00a1T\u00fa decides!<\/p>\n<p>Los zapatos se mantienen en color: Gris, la parte superior est\u00e1 hecha de: Sint\u00e9tico, el revestimiento est\u00e1 hecho de: Textil y ofrece comodidad y conveniencia para sus pies. Todo se completa con una suela de: Caucho.<\/p>\n<p>Elige los zapatos que m\u00e1s te sientan y deja que Brands te haga m\u00e1s feliz!<\/p>\n<div class=\"n58676\">\n<div id=\"tabs_58676\">\n<h3><\/h3>\n<h3 id=\"dictionary_58676\" class=\"activTab hoverTab\">Datos completos<\/h3>\n<\/div>\n<\/div>\n<div class=\"mobileTabBaseline\"><\/div>\n<div id=\"component_projector_dictionary\" class=\"component_projector_dictionary\">\n<div class=\"n56173_main\">\n<div class=\"n56173_sub\">\n<table class=\"n54117_dictionary\">\n<tbody>\n<tr class=\"element\">\n<td class=\"n54117_item_a1\"><strong><span class=\"n67256colon\">Marca:<\/span><\/strong><\/td>\n<td class=\"n54117_item_b1\">\n<div class=\"n54117_item_b_sub\">\u00a0ON-RUNNING<\/div>\n<\/td>\n<\/tr>\n<tr class=\"element\">\n<td class=\"n54117_item_a2\"><strong>Modelo<span class=\"n67256colon\">:<\/span><\/strong><\/td>\n<td class=\"n54117_item_b2\">\n<div class=\"n54117_item_b_sub\">\u00a040.99703<\/div>\n<\/td>\n<\/tr>\n<tr class=\"element\">\n<td class=\"n54117_item_a1\"><strong>Material Superior<span class=\"n67256colon\">:<\/span><\/strong><\/td>\n<td class=\"n54117_item_b1\">\n<div class=\"n54117_item_b_sub\">\u00a0Sint\u00e9tico\/ Material textil<\/div>\n<\/td>\n<\/tr>\n<tr class=\"element\">\n<td class=\"n54117_item_a2\"><strong>Plantilla<span class=\"n67256colon\">:<\/span><\/strong><\/td>\n<td class=\"n54117_item_b2\">\n<div class=\"n54117_item_b_sub\">\u00a0Material<\/div>\n<\/td>\n<\/tr>\n<tr class=\"element\">\n<td class=\"n54117_item_a1\"><strong>Material de la suela<span class=\"n67256colon\">:<\/span><\/strong><\/td>\n<td class=\"n54117_item_b1\">\n<div class=\"n54117_item_b_sub\">\u00a0Caucho<\/div>\n<\/td>\n<\/tr>\n<tr class=\"element\">\n<td class=\"n54117_item_a2\"><strong>Color<span class=\"n67256colon\">:<\/span><\/strong><\/td>\n<td class=\"n54117_item_b2\">\n<div class=\"n54117_item_b_sub\">\u00a0Storm Tide<\/div>\n<\/td>\n<\/tr>\n<tr class=\"element\">\n<td class=\"n54117_item_a1\"><strong>Tipo<span class=\"n67256colon\">:<\/span><\/strong><\/td>\n<td class=\"n54117_item_b1\">\n<div class=\"n54117_item_b_sub\">\u00a0Calzado de running<\/div>\n<\/td>\n<\/tr>\n<tr class=\"element\">\n<td class=\"n54117_item_a2\"><strong>G\u00e9nero<span class=\"n67256colon\">:<\/span><\/strong><\/td>\n<td class=\"n54117_item_b2\">\n<div class=\"n54117_item_b_sub\">\u00a0Masculino<\/div>\n<\/td>\n<\/tr>\n<tr class=\"element\">\n<td class=\"n54117_item_a1\"><strong>Temporada<span class=\"n67256colon\">:<\/span><\/strong><\/td>\n<td class=\"n54117_item_b1\">\n<div class=\"n54117_item_b_sub\">\u00a0Todo el a\u00f1o<\/div>\n<\/td>\n<\/tr>\n<tr class=\"element\">\n<td class=\"n54117_item_a2\"><strong>Tecnologias<span class=\"n67256colon\">:<\/span><\/strong><\/td>\n<td class=\"n54117_item_b2\">\n<div class=\"n54117_item_b_sub\">\u00a0CloudTec\u00ae\/ Speedboard\u2122<\/div>\n<\/td>\n<\/tr>\n<tr class=\"element\">\n<td class=\"n54117_item_a1\"><strong>Categor\u00eda<span class=\"n67256colon\">:<\/span><\/strong><\/td>\n<td class=\"n54117_item_b1\">\n<div class=\"n54117_item_b_sub\">\u00a0Calzado Deportivo<\/div>\n<\/td>\n<\/tr>\n<tr class=\"element\">\n<td class=\"n54117_item_a2\"><strong>Altura de los zapatos<span class=\"n67256colon\">:<\/span><\/strong><\/td>\n<td class=\"n54117_item_b2\">\n<div class=\"n54117_item_b_sub\">\u00a0Low Top<\/div>\n<\/td>\n<\/tr>\n<\/tbody>\n<\/table>\n<\/div>\n<\/div>\n<\/div>\n<div id=\"component_projector_opinions_no\" class=\"component_projector_opinions\"><\/div>\n","protected":false},"excerpt":{"rendered":"<p>CLOUD X Los zapatos c\u00f3modos de On Running Cloud X son la elecci\u00f3n perfecta para cualquier atuendo diario. Dise\u00f1ado para<\/p>\n","protected":false},"featured_media":59955,"comment_status":"open","ping_status":"closed","template":"","meta":{"nf_dc_page":""},"product_brand":[],"product_cat":[76],"product_tag":[],"class_list":{"0":"post-59954","1":"product","2":"type-product","3":"status-publish","4":"has-post-thumbnail","6":"product_cat-masculino","8":"first","9":"instock","10":"shipping-taxable","11":"purchasable","12":"product-type-simple"},"_links":{"self":[{"href":"https:\/\/brandss.com.py\/index\/wp-json\/wp\/v2\/product\/59954","targetHints":{"allow":["GET"]}}],"collection":[{"href":"https:\/\/brandss.com.py\/index\/wp-json\/wp\/v2\/product"}],"about":[{"href":"https:\/\/brandss.com.py\/index\/wp-json\/wp\/v2\/types\/product"}],"replies":[{"embeddable":true,"href":"https:\/\/brandss.com.py\/index\/wp-json\/wp\/v2\/comments?post=59954"}],"version-history":[{"count":1,"href":"https:\/\/brandss.com.py\/index\/wp-json\/wp\/v2\/product\/59954\/revisions"}],"predecessor-version":[{"id":59962,"href":"https:\/\/brandss.com.py\/index\/wp-json\/wp\/v2\/product\/59954\/revisions\/59962"}],"wp:featuredmedia":[{"embeddable":true,"href":"https:\/\/brandss.com.py\/index\/wp-json\/wp\/v2\/media\/59955"}],"wp:attachment":[{"href":"https:\/\/brandss.com.py\/index\/wp-json\/wp\/v2\/media?parent=59954"}],"wp:term":[{"taxonomy":"product_brand","embeddable":true,"href":"https:\/\/brandss.com.py\/index\/wp-json\/wp\/v2\/product_brand?post=59954"},{"taxonomy":"product_cat","embeddable":true,"href":"https:\/\/brandss.com.py\/index\/wp-json\/wp\/v2\/product_cat?post=59954"},{"taxonomy":"product_tag","embeddable":true,"href":"https:\/\/brandss.com.py\/index\/wp-json\/wp\/v2\/product_tag?post=59954"}],"curies":[{"name":"wp","href":"https:\/\/api.w.org\/{rel}","templated":true}]}}