{"id":59999,"date":"2024-10-22T11:21:37","date_gmt":"2024-10-22T11:21:37","guid":{"rendered":"https:\/\/brandss.com.py\/index\/?post_type=product&#038;p=59999"},"modified":"2025-02-04T10:32:00","modified_gmt":"2025-02-04T10:32:00","slug":"calzado-deportivo-masculino-on-running-cloudwander-waterproof-2","status":"publish","type":"product","link":"https:\/\/brandss.com.py\/index\/producto\/calzado-deportivo-masculino-on-running-cloudwander-waterproof-2\/","title":{"rendered":"CALZADO DEPORTIVO MASCULINO ON-RUNNING CLOUDWANDER WATERPROOF"},"content":{"rendered":"<p><img loading=\"lazy\" decoding=\"async\" class=\"\" src=\"https:\/\/upload.wikimedia.org\/wikipedia\/commons\/thumb\/9\/92\/On-cloud-logo-white-background.svg\/1200px-On-cloud-logo-white-background.svg.png\" alt=\"Archivo:On-cloud-logo-white-background.svg - Wikipedia, la enciclopedia  libre\" width=\"47\" height=\"61\" \/><\/p>\n<h1>CLOUDWANDER WATERPROOF<\/h1>\n<p>Experimente On Cloudwander Waterproof: la fusi\u00f3n perfecta de estilo y funcionalidad. Estos innovadores zapatos no solo ofrecen m\u00e1xima comodidad, sino tambi\u00e9n tecnolog\u00eda impermeable para aventuras en cualquier clima. La suela liviana como una pluma y el dise\u00f1o moderno los convierten en el compa\u00f1ero ideal para los exploradores activos. On Cloudwander Waterproof: rendimiento y estilo para cualquier clima.<\/p>\n<div>\n<ul>\n<li>Suela de goma Missiongrip\u2122<\/li>\n<li>Parte superior textil<\/li>\n<li>Membrana impermeable<\/li>\n<li>Puntera de TPU<\/li>\n<\/ul>\n<\/div>\n<p><strong><span>Materiales y transparencia<\/span><\/strong><\/p>\n<p><span>Materiales<\/span><\/p>\n<p><span>Contenido reciclado: <\/span><\/p>\n<p><span>\u2013 Contenido reciclado total: alrededor del 25 % <\/span><\/p>\n<p><span>\u2013 Poli\u00e9ster: alrededor del 90 % reciclado.<\/span><\/p>\n<p><span>Trabajamos constantemente para reducir la huella global de todos nuestros productos. En un futuro pr\u00f3ximo, tambi\u00e9n estar\u00e1 disponible la informaci\u00f3n de sostenibilidad de este producto. Consulta m\u00e1s informaci\u00f3n sobre nuestras iniciativas de sostenibilidad aqu\u00ed. Producto ensamblado en Hongfu, Vietnam.<\/span><\/p>\n<p>&nbsp;<\/p>\n<p><strong><span>Se necesitan tres&#8230;<\/span><\/strong><\/p>\n<p><span>Inspirado en la comodidad de la colecci\u00f3n Cloud, la agilidad del Cloudventure y la tracci\u00f3n del Cloudrock, el Cloudwander Waterproof es tu calzado ideal para un rendimiento durante todo el d\u00eda en cualquier aventura al aire libre.<\/span><\/p>\n<p>&nbsp;<\/p>\n<p><strong><span>Agarra esto<\/span><\/strong><\/p>\n<p><span>La nueva goma Missiongrip\u2122 mejorada proporciona un agarre confiable en condiciones secas y h\u00famedas, en cualquier terreno en el que te encuentres. Combinada con amortiguaci\u00f3n CloudTec\u00ae y un balanc\u00edn m\u00e1s grande en la puntera, para un movimiento de rodadura c\u00f3modo durante todo el d\u00eda.<\/span><\/p>\n<p>&nbsp;<\/p>\n<p><strong><span>Ll\u00e9valo afuera<\/span><\/strong><\/p>\n<p><span>Dise\u00f1ado para actividades al aire libre extraordinarias y cotidianas. Un calzado de alto rendimiento para exteriores que es liviano y \u00e1gil, pero lo suficientemente resistente como para soportar una caminata m\u00e1s larga si su perro decide que simplemente debe continuar ese d\u00eda. Y tambi\u00e9n es impermeable. Porque llueve.<\/span><\/p>\n<h4>Detalles<\/h4>\n<table>\n<tbody>\n<tr>\n<th scope=\"row\"><span>Modelo<\/span><\/th>\n<td><span>\u00a073.98604<\/span><\/td>\n<\/tr>\n<tr>\n<th scope=\"row\"><span>Color<\/span><\/th>\n<td><span>\u00a0Midnight\/ Olive<\/span><\/td>\n<\/tr>\n<tr>\n<th scope=\"row\"><span>G\u00e9nero<\/span><\/th>\n<td><span>\u00a0Masculino<\/span><\/td>\n<\/tr>\n<tr>\n<th scope=\"row\"><span>Material<\/span><\/th>\n<td><span>\u00a0Sint\u00e9tico, Textil<\/span><\/td>\n<\/tr>\n<tr>\n<th scope=\"row\"><span>Marca<\/span><\/th>\n<td>\u00a0ON-RUNNING<\/td>\n<\/tr>\n<tr>\n<th scope=\"row\"><span>Serie<\/span><\/th>\n<td><span>\u00a0Cloudwander Waterproof<\/span><\/td>\n<\/tr>\n<tr>\n<th scope=\"row\"><span>Impermeable<\/span><\/th>\n<td>\u00a0S\u00ed<\/td>\n<\/tr>\n<tr>\n<th scope=\"row\"><span>Disciplina<\/span><\/th>\n<td><span>\u00a0Running<\/span><\/td>\n<\/tr>\n<\/tbody>\n<\/table>\n","protected":false},"excerpt":{"rendered":"<p>CLOUDWANDER WATERPROOF Experimente On Cloudwander Waterproof: la fusi\u00f3n perfecta de estilo y funcionalidad. Estos innovadores zapatos no solo ofrecen m\u00e1xima<\/p>\n","protected":false},"featured_media":60000,"comment_status":"open","ping_status":"closed","template":"","meta":{"nf_dc_page":""},"product_brand":[],"product_cat":[76],"product_tag":[],"class_list":{"0":"post-59999","1":"product","2":"type-product","3":"status-publish","4":"has-post-thumbnail","6":"product_cat-masculino","8":"first","9":"instock","10":"shipping-taxable","11":"purchasable","12":"product-type-simple"},"_links":{"self":[{"href":"https:\/\/brandss.com.py\/index\/wp-json\/wp\/v2\/product\/59999","targetHints":{"allow":["GET"]}}],"collection":[{"href":"https:\/\/brandss.com.py\/index\/wp-json\/wp\/v2\/product"}],"about":[{"href":"https:\/\/brandss.com.py\/index\/wp-json\/wp\/v2\/types\/product"}],"replies":[{"embeddable":true,"href":"https:\/\/brandss.com.py\/index\/wp-json\/wp\/v2\/comments?post=59999"}],"version-history":[{"count":1,"href":"https:\/\/brandss.com.py\/index\/wp-json\/wp\/v2\/product\/59999\/revisions"}],"predecessor-version":[{"id":60011,"href":"https:\/\/brandss.com.py\/index\/wp-json\/wp\/v2\/product\/59999\/revisions\/60011"}],"wp:featuredmedia":[{"embeddable":true,"href":"https:\/\/brandss.com.py\/index\/wp-json\/wp\/v2\/media\/60000"}],"wp:attachment":[{"href":"https:\/\/brandss.com.py\/index\/wp-json\/wp\/v2\/media?parent=59999"}],"wp:term":[{"taxonomy":"product_brand","embeddable":true,"href":"https:\/\/brandss.com.py\/index\/wp-json\/wp\/v2\/product_brand?post=59999"},{"taxonomy":"product_cat","embeddable":true,"href":"https:\/\/brandss.com.py\/index\/wp-json\/wp\/v2\/product_cat?post=59999"},{"taxonomy":"product_tag","embeddable":true,"href":"https:\/\/brandss.com.py\/index\/wp-json\/wp\/v2\/product_tag?post=59999"}],"curies":[{"name":"wp","href":"https:\/\/api.w.org\/{rel}","templated":true}]}}