{"id":60035,"date":"2024-10-22T16:50:24","date_gmt":"2024-10-22T16:50:24","guid":{"rendered":"https:\/\/brandss.com.py\/index\/?post_type=product&#038;p=60035"},"modified":"2025-10-16T19:15:50","modified_gmt":"2025-10-16T19:15:50","slug":"calzado-deportivo-masculino-on-running-cloudboom","status":"publish","type":"product","link":"https:\/\/brandss.com.py\/index\/producto\/calzado-deportivo-masculino-on-running-cloudboom\/","title":{"rendered":"CALZADO DEPORTIVO MASCULINO ON-RUNNING CLOUDBOOM"},"content":{"rendered":"<p><img loading=\"lazy\" decoding=\"async\" class=\"\" src=\"https:\/\/upload.wikimedia.org\/wikipedia\/commons\/thumb\/9\/92\/On-cloud-logo-white-background.svg\/1200px-On-cloud-logo-white-background.svg.png\" alt=\"Archivo:On-cloud-logo-white-background.svg - Wikipedia, la enciclopedia  libre\" width=\"56\" height=\"72\" \/><\/p>\n<h1>CLOUDBOOM<\/h1>\n<div class=\"m-accordion__content js-readMore\">\n<div class=\"m-readMore__content js-readMore-container\">\n<div class=\"prdDtl__contentSection__content\">\n<p><strong>Rompe la barrera del sonido<\/strong><\/p>\n<p>&nbsp;<\/p>\n<p>Disfrute\u00a0de la excelencia del saber hacer suizo con el calzado On-Running Cloudboom\u00a0para\u00a0hombre. Este concentrado de\u00a0innovaciones bate r\u00e9cords durante tus\u00a0sesiones\u00a0de carrera\u00a0de media\u00a0y larga distancia.\u00a0Creado para la carretera, trasciende tus haza\u00f1as para ayudarte a conquistar los podios.<\/p>\n<p>Dise\u00f1ado para convertirse en tu activo m\u00e1s formidable, est\u00e1 adornado con\u00a0dos filas de CloudTec\u00a0en la\u00a0entresuela. Esto\u00a0mejora significativamente la capacidad de respuesta\u00a0de este modelo y le proporciona una\u00a0absorci\u00f3n de impactos notablemente efectiva. El conjunto est\u00e1 compuesto por espuma Helion, un material que combina maravillosamente\u00a0ligereza\u00a0y\u00a0durabilidad\u00a0para ponerte en las mejores condiciones.<\/p>\n<p>Situada entre las dos capas de amortiguaci\u00f3n,\u00a0la ic\u00f3nica placa Speedboard\u00a0incorpora\u00a0fibras de carbono que mejoran tu rendimiento. Este\u00a0\u00a0dulce\u00a0premia cada uno de tus\u00a0pasos\u00a0con un\u00a0explosivo retorno de energ\u00eda, te\u00a0impulsa hacia la meta a un ritmo fenomenal.<\/p>\n<p>Un verdadero\u00a0peso pluma,\u00a0la parte superior de malla t\u00e9cnica\u00a0permite la circulaci\u00f3n continua del aire para brindarte una\u00a0transpirabilidad impecable. Aprecias una fuente inagotable de\u00a0frescor\u00a0que te mantiene protegido de un posible sobrecalentamiento. Los m\u00faltiples\u00a0refuerzos en el antepi\u00e9\u00a0est\u00e1n especialmente dise\u00f1ados para\u00a0mantener el pie firmemente en su lugar\u00a0durante los\u00a0giros\u00a0inherentes a\u00a0las sesiones de carrera urbana. Su\u00a0elegante dise\u00f1o\u00a0te recuerda para qu\u00e9 te lo pones, una\u00a0sensaci\u00f3n de velocidad impresionante.<\/p>\n<p>La\u00a0goma\u00a0que recubre la\u00a0suela\u00a0te promete un gran\u00a0agarre\u00a0sobre\u00a0el asfalto, incluso\u00a0mojado. Tiene un\u00a0dibujo dise\u00f1ado para optimizar la tracci\u00f3n\u00a0sobre\u00a0el asfalto\u00a0, podr\u00e1s maximizar tus esfuerzos sin restricciones.<\/p>\n<p>&nbsp;<\/p>\n<h4><span class=\"m-accordion__header\"><span class=\"m-accordion__header__title\">Tecnolog\u00edas<\/span><\/span><\/h4>\n<p>&nbsp;<\/p>\n<div class=\"m-accordion__content js-readMore\">\n<div class=\"m-readMore__content js-readMore-container\">\n<dl>\n<dt><strong>Nubetec<\/strong><\/dt>\n<dd>Los elementos de la nube se comprimen horizontal y verticalmente seg\u00fan tu estilo de carrera. Los impactos est\u00e1n amortiguados para reducir la fatiga muscular. Las Nubes se relajan cuando el pie deja el suelo para un efecto de propulsi\u00f3n hacia adelante.<\/dd>\n<dt><strong>Tabla de velocidad<\/strong><\/dt>\n<dt><\/dt>\n<dd>Le permite transferir el impacto de la carrera a un impulso hacia adelante \u00f3ptimo.<\/dd>\n<dd><\/dd>\n<dt><strong>Espuma de helio<\/strong><\/dt>\n<dd>Los elementos flexibles del interior se cargan de energ\u00eda comprimi\u00e9ndose cuando el pie toca el suelo. Las secciones m\u00e1s r\u00edgidas convierten esta energ\u00eda en empuje a medida que la espuma recupera su forma original.<\/p>\n<p>Helion ha sido desarrollado para un mayor rendimiento manteniendo un peso m\u00ednimo, sin sacrificar la durabilidad. Logra el equilibrio perfecto entre aterrizajes suaves y capacidad de respuesta. Los elementos suaves reducen la compresi\u00f3n para brindar una sensaci\u00f3n de amortiguaci\u00f3n en cada paso, lo que reduce la incomodidad de las superficies duras.<\/p>\n<p>&nbsp;<\/dd>\n<\/dl>\n<p><strong>Puntos clave de los <span><strong>c<\/strong>alzados On-Running Cloudboom<\/span><\/strong><\/p>\n<ul>\n<li><strong><span>Dos capas de CloudTec en la entresuela<\/span><\/strong><span>: mayor capacidad de respuesta y absorci\u00f3n eficaz de los impactos .<\/span><\/li>\n<li><strong><span>Entresuela de espuma Helion<\/span><\/strong><span>: ligereza, durabilidad y retorno de energ\u00eda.<\/span><\/li>\n<li><strong><span>Placa de speedboard que incorpora fibras de carbono<\/span><\/strong><span>: retorno de energ\u00eda explosiva, propulsi\u00f3n din\u00e1mica y mayor sensaci\u00f3n de velocidad.<\/span><\/li>\n<li><strong><span>Parte superior de malla t\u00e9cnica<\/span><\/strong><span>: transpirabilidad y ligereza.<\/span><\/li>\n<li><strong><span>Refuerzos en el antepi\u00e9<\/span><\/strong><span>: soporte optimizado en los giros.<\/span><\/li>\n<li><strong><span>Suela de goma<\/span><\/strong><span>: agarre \u00f3ptimo incluso en superficies mojadas.<\/span><\/li>\n<li><strong><span>Patr\u00f3n de suela optimizad<\/span><\/strong><span>: tracci\u00f3n reforzada.<\/span><\/li>\n<li><strong><span>Ca\u00edda<\/span><\/strong><span>: 9 mm.<\/span><\/li>\n<li><span><strong>Modelo:<\/strong> 37.99597.<\/span><\/li>\n<li><strong><span>Color<\/span><\/strong><span>: Sandstorm\/ Eclipse.<\/span><\/li>\n<\/ul>\n<\/div>\n<\/div>\n<\/div>\n<\/div>\n<\/div>\n","protected":false},"excerpt":{"rendered":"<p>CLOUDBOOM Rompe la barrera del sonido &nbsp; Disfrute\u00a0de la excelencia del saber hacer suizo con el calzado On-Running Cloudboom\u00a0para\u00a0hombre. Este<\/p>\n","protected":false},"featured_media":60036,"comment_status":"open","ping_status":"closed","template":"","meta":{"nf_dc_page":""},"product_brand":[],"product_cat":[76],"product_tag":[],"class_list":{"0":"post-60035","1":"product","2":"type-product","3":"status-publish","4":"has-post-thumbnail","6":"product_cat-masculino","8":"first","9":"instock","10":"shipping-taxable","11":"purchasable","12":"product-type-simple"},"_links":{"self":[{"href":"https:\/\/brandss.com.py\/index\/wp-json\/wp\/v2\/product\/60035","targetHints":{"allow":["GET"]}}],"collection":[{"href":"https:\/\/brandss.com.py\/index\/wp-json\/wp\/v2\/product"}],"about":[{"href":"https:\/\/brandss.com.py\/index\/wp-json\/wp\/v2\/types\/product"}],"replies":[{"embeddable":true,"href":"https:\/\/brandss.com.py\/index\/wp-json\/wp\/v2\/comments?post=60035"}],"version-history":[{"count":1,"href":"https:\/\/brandss.com.py\/index\/wp-json\/wp\/v2\/product\/60035\/revisions"}],"predecessor-version":[{"id":60044,"href":"https:\/\/brandss.com.py\/index\/wp-json\/wp\/v2\/product\/60035\/revisions\/60044"}],"wp:featuredmedia":[{"embeddable":true,"href":"https:\/\/brandss.com.py\/index\/wp-json\/wp\/v2\/media\/60036"}],"wp:attachment":[{"href":"https:\/\/brandss.com.py\/index\/wp-json\/wp\/v2\/media?parent=60035"}],"wp:term":[{"taxonomy":"product_brand","embeddable":true,"href":"https:\/\/brandss.com.py\/index\/wp-json\/wp\/v2\/product_brand?post=60035"},{"taxonomy":"product_cat","embeddable":true,"href":"https:\/\/brandss.com.py\/index\/wp-json\/wp\/v2\/product_cat?post=60035"},{"taxonomy":"product_tag","embeddable":true,"href":"https:\/\/brandss.com.py\/index\/wp-json\/wp\/v2\/product_tag?post=60035"}],"curies":[{"name":"wp","href":"https:\/\/api.w.org\/{rel}","templated":true}]}}