{"id":60045,"date":"2024-10-22T17:32:21","date_gmt":"2024-10-22T17:32:21","guid":{"rendered":"https:\/\/brandss.com.py\/index\/?post_type=product&#038;p=60045"},"modified":"2025-06-03T10:33:14","modified_gmt":"2025-06-03T10:33:14","slug":"calzado-deportivo-masculino-on-running-cloudventure-waterproof","status":"publish","type":"product","link":"https:\/\/brandss.com.py\/index\/producto\/calzado-deportivo-masculino-on-running-cloudventure-waterproof\/","title":{"rendered":"CALZADO DEPORTIVO MASCULINO ON-RUNNING CLOUDVENTURE WATERPROOF"},"content":{"rendered":"<p><img loading=\"lazy\" decoding=\"async\" class=\"\" src=\"https:\/\/upload.wikimedia.org\/wikipedia\/commons\/thumb\/9\/92\/On-cloud-logo-white-background.svg\/1200px-On-cloud-logo-white-background.svg.png\" alt=\"Archivo:On-cloud-logo-white-background.svg - Wikipedia, la enciclopedia  libre\" width=\"46\" height=\"60\" \/><\/p>\n<h1>CLOUDVENTURE WATERPROOF<\/h1>\n<p>ON Running Cloudventure impermeable el calzado de trail running ligera e impermeable con una amortiguaci\u00f3n extrema y un soporte \u00f3ptimo. La suela Missiongrip\u2122 combina diferentes patrones de agarre. As\u00ed es como mantienes el control en el sendero. El agarre &#8220;pegajoso&#8221; de la goma Missiongrip\u2122 especialmente desarrollada se mejora a\u00fan m\u00e1s con el patr\u00f3n de tracci\u00f3n. Los canales en forma de flecha combinados con detalles m\u00e1s planos evitan que se resbale en superficies lisas. La parte superior de dos capas hecha de malla especialmente desarrollada garantiza una comodidad refrescante con una ventilaci\u00f3n \u00f3ptima. La capa interior ofrece una comodidad suave tan pronto como te la pones y mucho soporte. La capa exterior es transpirable y proporciona una protecci\u00f3n \u00f3ptima a pesar de su bajo peso.<\/p>\n<h4>Detalles:<\/h4>\n<p><strong>Marca:<\/strong> ON Running.<\/p>\n<p><strong>Modelo:<\/strong> 22.99761.<\/p>\n<p><strong>G\u00e9nero:<\/strong> Masculino.<\/p>\n<p><strong>Color:<\/strong> Fir\/ Lunar.<\/p>\n<p><strong>Material Parte superior:<\/strong> Malla &#8211; sint\u00e9tica.<\/p>\n","protected":false},"excerpt":{"rendered":"<p>CLOUDVENTURE WATERPROOF ON Running Cloudventure impermeable el calzado de trail running ligera e impermeable con una amortiguaci\u00f3n extrema y un<\/p>\n","protected":false},"featured_media":60046,"comment_status":"open","ping_status":"closed","template":"","meta":{"nf_dc_page":""},"product_brand":[],"product_cat":[76],"product_tag":[],"class_list":{"0":"post-60045","1":"product","2":"type-product","3":"status-publish","4":"has-post-thumbnail","6":"product_cat-masculino","8":"first","9":"instock","10":"shipping-taxable","11":"purchasable","12":"product-type-simple"},"_links":{"self":[{"href":"https:\/\/brandss.com.py\/index\/wp-json\/wp\/v2\/product\/60045","targetHints":{"allow":["GET"]}}],"collection":[{"href":"https:\/\/brandss.com.py\/index\/wp-json\/wp\/v2\/product"}],"about":[{"href":"https:\/\/brandss.com.py\/index\/wp-json\/wp\/v2\/types\/product"}],"replies":[{"embeddable":true,"href":"https:\/\/brandss.com.py\/index\/wp-json\/wp\/v2\/comments?post=60045"}],"version-history":[{"count":1,"href":"https:\/\/brandss.com.py\/index\/wp-json\/wp\/v2\/product\/60045\/revisions"}],"predecessor-version":[{"id":60053,"href":"https:\/\/brandss.com.py\/index\/wp-json\/wp\/v2\/product\/60045\/revisions\/60053"}],"wp:featuredmedia":[{"embeddable":true,"href":"https:\/\/brandss.com.py\/index\/wp-json\/wp\/v2\/media\/60046"}],"wp:attachment":[{"href":"https:\/\/brandss.com.py\/index\/wp-json\/wp\/v2\/media?parent=60045"}],"wp:term":[{"taxonomy":"product_brand","embeddable":true,"href":"https:\/\/brandss.com.py\/index\/wp-json\/wp\/v2\/product_brand?post=60045"},{"taxonomy":"product_cat","embeddable":true,"href":"https:\/\/brandss.com.py\/index\/wp-json\/wp\/v2\/product_cat?post=60045"},{"taxonomy":"product_tag","embeddable":true,"href":"https:\/\/brandss.com.py\/index\/wp-json\/wp\/v2\/product_tag?post=60045"}],"curies":[{"name":"wp","href":"https:\/\/api.w.org\/{rel}","templated":true}]}}