{"id":60054,"date":"2024-10-22T18:39:33","date_gmt":"2024-10-22T18:39:33","guid":{"rendered":"https:\/\/brandss.com.py\/index\/?post_type=product&#038;p=60054"},"modified":"2025-10-27T14:09:52","modified_gmt":"2025-10-27T14:09:52","slug":"calzado-deportivo-masculino-on-running-cloudaway","status":"publish","type":"product","link":"https:\/\/brandss.com.py\/index\/producto\/calzado-deportivo-masculino-on-running-cloudaway\/","title":{"rendered":"CALZADO DEPORTIVO MASCULINO ON RUNNING CLOUDAWAY"},"content":{"rendered":"<p><img loading=\"lazy\" decoding=\"async\" class=\"\" src=\"https:\/\/upload.wikimedia.org\/wikipedia\/commons\/thumb\/9\/92\/On-cloud-logo-white-background.svg\/1200px-On-cloud-logo-white-background.svg.png\" alt=\"Archivo:On-cloud-logo-white-background.svg - Wikipedia, la enciclopedia  libre\" width=\"61\" height=\"79\" \/><\/p>\n<h1>CLOUDAWAY<\/h1>\n<p>La aventura no espera. \u00bfA qu\u00e9 est\u00e1s esperando? Las Cloudaway son flexibles, vers\u00e1tiles y muy f\u00e1ciles de guardar. Su dise\u00f1o funcional es un gui\u00f1o a los senderos por los que rara vez has estado. Y la suela de caucho reciclado al 10 % limita solo una cosa: tu impacto ambiental. Las zapatillas On no solo son conocidas por su dise\u00f1o \u00fanico, sino tambi\u00e9n por su ajuste c\u00f3modo. Esto se debe a la tecnolog\u00eda CloudTec incorporada. El sistema de amortiguaci\u00f3n patentado reduce el impacto al correr y proporciona un rebote explosivo. Incluso en la ciudad o en carreteras en zigzag. Un par indispensable para el uso diario y los viajes. Equipado con una suela CloudTec que proporciona comodidad constante al usarlo. La entresuela est\u00e1 cerrada, por lo que nada queda atrapado en el hueco. El dibujo tridimensional de la suela exterior representa la ciudad natal espiritual de On, el Valle de Engadina. Te invitamos a tu pr\u00f3xima aventura. Cloudaway es un zapato liviano que se puede usar de manera flexible. \u00a1No es voluminoso por lo que es f\u00e1cil de transportar! Equipado con una funcionalidad que muestra potencia al navegar por un camino inexplorado. Para reducir el impacto ambiental, la suela utiliza un 10 % de caucho reciclado y la parte superior de malla ultraligera utiliza m\u00e1s de un 90 % de materiales reciclados. Excelente transpirabilidad, durabilidad y comodidad suave. Los cordones utilizan un sistema de palanca, lo que los hace f\u00e1ciles de poner y quitar. Siempre conseguir\u00e1s un ajuste que se adapte a ti.<\/p>\n<h4>Detalles:<\/h4>\n<table>\n<tbody>\n<tr>\n<th scope=\"row\"><span>Modelo<\/span><\/th>\n<td><span>\u00a049.99132<\/span><\/td>\n<\/tr>\n<tr>\n<th scope=\"row\"><span>Color<\/span><\/th>\n<td><span>\u00a0Bronce\/Blanco<\/span><\/td>\n<\/tr>\n<tr>\n<th scope=\"row\"><span>G\u00e9nero<\/span><\/th>\n<td><span>\u00a0Masculino<\/span><\/td>\n<\/tr>\n<tr>\n<th scope=\"row\"><span>Material<\/span><\/th>\n<td><span>\u00a0Sint\u00e9tico, Textil<\/span><\/td>\n<\/tr>\n<tr>\n<th scope=\"row\"><span>Suela exterior<\/span><\/th>\n<td><span>\u00a0Goma<\/span><\/td>\n<\/tr>\n<tr>\n<th scope=\"row\"><span>Marca<\/span><\/th>\n<td><span>\u00a0ON-RUNNING<\/span><\/td>\n<\/tr>\n<tr>\n<th scope=\"row\"><span>Amortiguaci\u00f3n<\/span><\/th>\n<td><span>\u00a0Tecnolog\u00eda en la nube<\/span><\/td>\n<\/tr>\n<tr>\n<th scope=\"row\"><span>Cortar<\/span><\/th>\n<td><span>\u00a0Corte bajo<\/span><\/td>\n<\/tr>\n<tr>\n<th scope=\"row\"><span>Entresuela<\/span><\/th>\n<td><span>\u00a0Goma<\/span><\/td>\n<\/tr>\n<tr>\n<th scope=\"row\"><span>Estilo<\/span><\/th>\n<td><span>\u00a0Calzado deportivo<\/span><\/td>\n<\/tr>\n<tr>\n<th scope=\"row\"><span>Disciplina<\/span><\/th>\n<td><span>\u00a0Running<\/span><\/td>\n<\/tr>\n<\/tbody>\n<\/table>\n","protected":false},"excerpt":{"rendered":"<p>CLOUDAWAY La aventura no espera. \u00bfA qu\u00e9 est\u00e1s esperando? Las Cloudaway son flexibles, vers\u00e1tiles y muy f\u00e1ciles de guardar. Su<\/p>\n","protected":false},"featured_media":60055,"comment_status":"open","ping_status":"closed","template":"","meta":{"nf_dc_page":""},"product_brand":[],"product_cat":[76],"product_tag":[],"class_list":{"0":"post-60054","1":"product","2":"type-product","3":"status-publish","4":"has-post-thumbnail","6":"product_cat-masculino","8":"first","9":"instock","10":"shipping-taxable","11":"purchasable","12":"product-type-simple"},"_links":{"self":[{"href":"https:\/\/brandss.com.py\/index\/wp-json\/wp\/v2\/product\/60054","targetHints":{"allow":["GET"]}}],"collection":[{"href":"https:\/\/brandss.com.py\/index\/wp-json\/wp\/v2\/product"}],"about":[{"href":"https:\/\/brandss.com.py\/index\/wp-json\/wp\/v2\/types\/product"}],"replies":[{"embeddable":true,"href":"https:\/\/brandss.com.py\/index\/wp-json\/wp\/v2\/comments?post=60054"}],"version-history":[{"count":1,"href":"https:\/\/brandss.com.py\/index\/wp-json\/wp\/v2\/product\/60054\/revisions"}],"predecessor-version":[{"id":60070,"href":"https:\/\/brandss.com.py\/index\/wp-json\/wp\/v2\/product\/60054\/revisions\/60070"}],"wp:featuredmedia":[{"embeddable":true,"href":"https:\/\/brandss.com.py\/index\/wp-json\/wp\/v2\/media\/60055"}],"wp:attachment":[{"href":"https:\/\/brandss.com.py\/index\/wp-json\/wp\/v2\/media?parent=60054"}],"wp:term":[{"taxonomy":"product_brand","embeddable":true,"href":"https:\/\/brandss.com.py\/index\/wp-json\/wp\/v2\/product_brand?post=60054"},{"taxonomy":"product_cat","embeddable":true,"href":"https:\/\/brandss.com.py\/index\/wp-json\/wp\/v2\/product_cat?post=60054"},{"taxonomy":"product_tag","embeddable":true,"href":"https:\/\/brandss.com.py\/index\/wp-json\/wp\/v2\/product_tag?post=60054"}],"curies":[{"name":"wp","href":"https:\/\/api.w.org\/{rel}","templated":true}]}}