{"id":60071,"date":"2024-10-22T19:22:24","date_gmt":"2024-10-22T19:22:24","guid":{"rendered":"https:\/\/brandss.com.py\/index\/?post_type=product&#038;p=60071"},"modified":"2025-10-27T14:09:27","modified_gmt":"2025-10-27T14:09:27","slug":"calzado-deportivo-masculino-on-running-cloudflow","status":"publish","type":"product","link":"https:\/\/brandss.com.py\/index\/producto\/calzado-deportivo-masculino-on-running-cloudflow\/","title":{"rendered":"CALZADO DEPORTIVO MASCULINO ON-RUNNING CLOUDFLOW"},"content":{"rendered":"<p><img loading=\"lazy\" decoding=\"async\" class=\"\" src=\"https:\/\/upload.wikimedia.org\/wikipedia\/commons\/thumb\/9\/92\/On-cloud-logo-white-background.svg\/1200px-On-cloud-logo-white-background.svg.png\" alt=\"Archivo:On-cloud-logo-white-background.svg - Wikipedia, la enciclopedia libre\" width=\"45\" height=\"58\" \/><\/p>\n<h1>CLOUDFLOW<\/h1>\n<p><strong>Excelente eficiencia<\/strong><\/p>\n<p>&nbsp;<\/p>\n<p>Ideal para\u00a0correr\u00a0por\u00a0carreteras\u00a0y\u00a0senderos, el calzado On-Running Cloudflow\u00a0para\u00a0hombre\u00a0se presenta como una\u00a0tercera versi\u00f3n\u00a0optimizada para\u00a0el rendimiento. Su\u00a0polivalencia\u00a0la convierte en campeona tanto de\u00a0maratones\u00a0como\u00a0de intensos entrenamientos. La\u00a0entresuela\u00a0te permite moverte con ligereza\u00a0gracias\u00a0a su\u00a0espuma Helion\u00a0extremadamente\u00a0sensible\u00a0. El\u00a0proceso\u00a0Cloudtec\u00a0le brinda el beneficio de un impresionante\u00a0retorno de energ\u00eda, as\u00ed como\u00a0una amortiguaci\u00f3n \u00f3ptima\u00a0para\u00a0las zancadas\u00a0a\u00e9reas. El\u00a0Speedboard\u00a0\u00a0aumenta el\u00a0dinamismo\u00a0del modelo mediante una incre\u00edble\u00a0propulsi\u00f3n hacia delante. La\u00a0elegante parte superior\u00a0est\u00e1 hecha con\u00a0un 70 % de malla reciclada\u00a0 para brindarte una fuente beneficiosa de\u00a0frescura. Su construcci\u00f3n\u00a0sin costuras\u00a0evita las molestias relacionadas con la fricci\u00f3n para brindar\u00a0una comodidad duradera. El\u00a0refuerzo del tal\u00f3n\u00a0garantiza un\u00a0ajuste\u00a0preciso\u00a0y te\u00a0sujeta\u00a0\u00a0de forma fiable en\u00a0las curvas.<\/p>\n<p>Dise\u00f1ada para\u00a0\u00a0aumentar el agarre\u00a0, la\u00a0suela exterior\u00a0presenta\u00a0inserciones de goma estrat\u00e9gicamente ubicadas. La geometr\u00eda\u00a0de estos a\u00f1adidos garantiza\u00a0una tracci\u00f3n\u00a0y\u00a0agarre\u00a0\u00a0sobre\u00a0asfalto ejemplares. Extremadamente\u00a0duradero, todo est\u00e1 pensado\u00a0para\u00a0resistir\u00a0kil\u00f3metros\u00a0y\u00a0desaf\u00edos\u00a0competitivos.<\/p>\n<p>Ligeras, r\u00e1pidas y con amortiguaci\u00f3n total. Entrena y compite con total comodidad.<\/p>\n<h4><span class=\"m-accordion__header\"><span class=\"m-accordion__header__title\">Tecnolog\u00edas<\/span><\/span><\/h4>\n<div class=\"m-accordion__content js-readMore\">\n<div class=\"m-readMore__content js-readMore-container\">\n<div class=\"prdDtl__contentSection__content\">\n<dl>\n<dt><strong>Nubetec<\/strong><\/dt>\n<dd>Los elementos de la nube se comprimen horizontal y verticalmente seg\u00fan tu estilo de carrera. Los impactos est\u00e1n amortiguados para reducir la fatiga muscular. Las Nubes se relajan cuando el pie deja el suelo para un efecto de propulsi\u00f3n hacia adelante.<\/p>\n<p>&nbsp;<\/dd>\n<dt><strong>Tabla de velocidad<\/strong><\/dt>\n<dt><\/dt>\n<dt><\/dt>\n<dd>Le permite transferir el impacto de la carrera a un impulso hacia adelante \u00f3ptimo.<\/dd>\n<dd><\/dd>\n<dd><\/dd>\n<dt><strong>Espuma de helio<\/strong><\/dt>\n<dd>Los elementos flexibles del interior se cargan de energ\u00eda comprimi\u00e9ndose cuando el pie toca el suelo. Las secciones m\u00e1s r\u00edgidas convierten esta energ\u00eda en empuje a medida que la espuma recupera su forma original.<\/p>\n<p>Helion ha sido desarrollado para un mayor rendimiento manteniendo un peso m\u00ednimo, sin sacrificar la durabilidad. Logra el equilibrio perfecto entre aterrizajes suaves y capacidad de respuesta. Los elementos suaves reducen la compresi\u00f3n para brindar una sensaci\u00f3n de amortiguaci\u00f3n en cada paso, lo que reduce la incomodidad de las superficies duras.<\/dd>\n<\/dl>\n<p><strong>Comodidad sin concesiones<\/strong><\/p>\n<p>Cloudflow pone la tecnolog\u00eda de \u00e9lite al alcance de cualquier corredor. CloudTec\u00ae en superespuma ultraligera Helion\u2122 se combina para brindar una sensaci\u00f3n de rapidez y capacidad de respuesta con una protecci\u00f3n total para la carretera. La parte superior de malla dise\u00f1ada ofrece un ajuste seguro y reconfortante, ya sea que est\u00e9s entrenando o compitiendo.<\/p>\n<p><strong>Materiales:<\/strong><\/p>\n<p><strong>Hecho para m\u00e1s, con menos<\/strong><br \/>\nLa parte superior redise\u00f1ada crea un aspecto m\u00e1s estilizado para una comodidad sin costuras. No solo es elegante, sino que tambi\u00e9n es buena para el planeta: utiliza un 70 % de poli\u00e9ster reciclado. Las almohadillas de tracci\u00f3n de goma cuidadosamente ubicadas hacen que girar en curvas cerradas sea m\u00e1s f\u00e1cil a altas velocidades.<\/p>\n<p><strong>Dise\u00f1o:<\/strong><\/p>\n<p><strong>Atajo hacia la euforia del corredor<\/strong><br \/>\nDesarrollada con atletas de \u00e9lite, la Cloudflow de tercera generaci\u00f3n puede con todo y es m\u00e1s r\u00e1pida que nunca. El explosivo Speedboard\u00ae carga cada zancada con energ\u00eda similar a la de un resorte. Est\u00e1 dise\u00f1ada para altas velocidades y m\u00e1xima comodidad, ya sea que est\u00e9s corriendo una carrera de 5 km o una marat\u00f3n.<\/p>\n<p>&nbsp;<\/p>\n<p><strong>Puntos clave de los calzados On-Running Cloudflow<\/strong><\/p>\n<p>&nbsp;<\/p>\n<ul>\n<li><strong>Entresuela de espuma Helion<\/strong>: amortiguaci\u00f3n, retorno de energ\u00eda y durabilidad.<\/li>\n<li><strong>Cloudtec<\/strong>: absorci\u00f3n de impactos, amortiguaci\u00f3n, ligereza y retorno de energ\u00eda.<\/li>\n<li><strong>Speedboard<\/strong>: zancadas naturales y propulsi\u00f3n hacia adelante .<\/li>\n<li><strong>Suela de goma<\/strong>: agarre y durabilidad.<\/li>\n<li><strong>Inserciones de agarre colocadas en la suela exterior<\/strong>: agarre y tracci\u00f3n.<\/li>\n<li><strong>Refuerzo del tal\u00f3n<\/strong>: estabilidad, ajuste y sujeci\u00f3n.<\/li>\n<li><strong>Parte superior de malla 70 % reciclada<\/strong>: transpirabilidad y ecorresponsabilidad.<\/li>\n<li><strong>Construcci\u00f3n sin costuras<\/strong>: comodidad.<\/li>\n<li><strong>El 20% del calzado est\u00e1 fabricado con materiales reciclados<\/strong>: ecorresponsable.<\/li>\n<li><strong>Plantilla extra\u00edble<\/strong><\/li>\n<li><strong>Ca\u00edda<\/strong>: 9 mm<\/li>\n<li><b>Modelo<\/b>: \u00a035.99235.<\/li>\n<li><strong>Color<\/strong>: Alloy\/Magnet.<\/li>\n<\/ul>\n<\/div>\n<\/div>\n<\/div>\n","protected":false},"excerpt":{"rendered":"<p>CLOUDFLOW Excelente eficiencia &nbsp; Ideal para\u00a0correr\u00a0por\u00a0carreteras\u00a0y\u00a0senderos, el calzado On-Running Cloudflow\u00a0para\u00a0hombre\u00a0se presenta como una\u00a0tercera versi\u00f3n\u00a0optimizada para\u00a0el rendimiento. Su\u00a0polivalencia\u00a0la convierte en campeona<\/p>\n","protected":false},"featured_media":60073,"comment_status":"open","ping_status":"closed","template":"","meta":{"nf_dc_page":""},"product_brand":[],"product_cat":[76],"product_tag":[],"class_list":{"0":"post-60071","1":"product","2":"type-product","3":"status-publish","4":"has-post-thumbnail","6":"product_cat-masculino","8":"first","9":"instock","10":"shipping-taxable","11":"purchasable","12":"product-type-simple"},"_links":{"self":[{"href":"https:\/\/brandss.com.py\/index\/wp-json\/wp\/v2\/product\/60071","targetHints":{"allow":["GET"]}}],"collection":[{"href":"https:\/\/brandss.com.py\/index\/wp-json\/wp\/v2\/product"}],"about":[{"href":"https:\/\/brandss.com.py\/index\/wp-json\/wp\/v2\/types\/product"}],"replies":[{"embeddable":true,"href":"https:\/\/brandss.com.py\/index\/wp-json\/wp\/v2\/comments?post=60071"}],"version-history":[{"count":3,"href":"https:\/\/brandss.com.py\/index\/wp-json\/wp\/v2\/product\/60071\/revisions"}],"predecessor-version":[{"id":60084,"href":"https:\/\/brandss.com.py\/index\/wp-json\/wp\/v2\/product\/60071\/revisions\/60084"}],"wp:featuredmedia":[{"embeddable":true,"href":"https:\/\/brandss.com.py\/index\/wp-json\/wp\/v2\/media\/60073"}],"wp:attachment":[{"href":"https:\/\/brandss.com.py\/index\/wp-json\/wp\/v2\/media?parent=60071"}],"wp:term":[{"taxonomy":"product_brand","embeddable":true,"href":"https:\/\/brandss.com.py\/index\/wp-json\/wp\/v2\/product_brand?post=60071"},{"taxonomy":"product_cat","embeddable":true,"href":"https:\/\/brandss.com.py\/index\/wp-json\/wp\/v2\/product_cat?post=60071"},{"taxonomy":"product_tag","embeddable":true,"href":"https:\/\/brandss.com.py\/index\/wp-json\/wp\/v2\/product_tag?post=60071"}],"curies":[{"name":"wp","href":"https:\/\/api.w.org\/{rel}","templated":true}]}}