{"id":60085,"date":"2024-10-23T13:39:03","date_gmt":"2024-10-23T13:39:03","guid":{"rendered":"https:\/\/brandss.com.py\/index\/?post_type=product&#038;p=60085"},"modified":"2025-07-22T10:16:25","modified_gmt":"2025-07-22T10:16:25","slug":"calzado-deportivo-masculino-on-running-cloud-hi-edge","status":"publish","type":"product","link":"https:\/\/brandss.com.py\/index\/producto\/calzado-deportivo-masculino-on-running-cloud-hi-edge\/","title":{"rendered":"CALZADO DEPORTIVO MASCULINO ON-RUNNING CLOUD HI EDGE"},"content":{"rendered":"<p><img loading=\"lazy\" decoding=\"async\" class=\"\" src=\"https:\/\/upload.wikimedia.org\/wikipedia\/commons\/thumb\/9\/92\/On-cloud-logo-white-background.svg\/1200px-On-cloud-logo-white-background.svg.png\" alt=\"Archivo:On-cloud-logo-white-background.svg - Wikipedia, la enciclopedia  libre\" width=\"48\" height=\"62\" \/><\/p>\n<h1>CLOUD HI EDGE<\/h1>\n<p>\u00a1Perfecci\u00f3n en cada paso! \u201cCloud Hi Edge\u201d de ON RUNNING llama la atenci\u00f3n entre los calzados funcionales. La mezcla de materiales de tejido de malla transpirable y textil combina deportividad con elegancia, de modo que los zapatos de hombre se convierten en h\u00e1biles compa\u00f1eros en la vida cotidiana. Inspirada en las exigencias de las actividades al aire libre de tener un agarre seguro y una apariencia fuerte incluso en los terrenos m\u00e1s intransitables, la suela Cloud-Tec integrada es el punto culminante funcional de estos zapatos. Ya sea como calzado c\u00f3modo para un outfit informal o como compa\u00f1ero en la pr\u00f3xima caminata, \u00a1\u201cCloud Hi Edge\u201d nunca nos decepciona!<\/p>\n<h4>Caracter\u00edsticas:<\/h4>\n<ul>\n<li><span>Altura del tac\u00f3n: &lt; 5 cm<\/span><\/li>\n<li><span>Ancho del zapato: ajustable<\/span><\/li>\n<li><span>Puntera del zapato: redonda\/cerrada<\/span><\/li>\n<li><span>Forma del tac\u00f3n: plano<\/span><\/li>\n<li><span>Detalle del eje:-<\/span><\/li>\n<li><span>Cierre: cordones<\/span><\/li>\n<li><span>G\u00e9nero Masculino<\/span><\/li>\n<li><span>Patr\u00f3n: color liso<\/span><\/li>\n<\/ul>\n<h4 class=\"column-title _heading-strong\">Material:<\/h4>\n<div class=\"product-specification-item\" data-v-0f687d4c=\"\" data-v-68b21aa8=\"\"><strong>Plantilla:<\/strong>\u00a0textil<\/div>\n<div class=\"product-specification-item\" data-v-0f687d4c=\"\" data-v-68b21aa8=\"\"><strong>Interior:\u00a0<\/strong>tejido<\/div>\n<div class=\"product-specification-item\" data-v-0f687d4c=\"\" data-v-68b21aa8=\"\"><strong>Parte superior:<\/strong>\u00a0Textil\/-Textil<\/div>\n<div class=\"product-specification-item\" data-v-0f687d4c=\"\" data-v-68b21aa8=\"\"><strong>Suela:\u00a0<\/strong>material de alta calidad<\/div>\n<div class=\"product-specification-item\" data-v-0f687d4c=\"\" data-v-68b21aa8=\"\"><strong>Tecnolog\u00edas:<\/strong> CloudTec\u00ae<\/p>\n<div data-v-2c876268=\"\" data-v-68b21aa8=\"\" data-v-0f687d4c=\"\"><\/div>\n<\/div>\n<div data-v-0f687d4c=\"\" data-v-68b21aa8=\"\">\n<h2 id=\"tab1\" class=\"cc-tabs__accordion__header align-left pointer\" role=\"tab\" aria-controls=\"product-tab-panel1_7402744840387\" data-cc-toggle-panel=\"1_7402744840387\"><span>Detalles:<\/span><\/h2>\n<div id=\"product-tab-panel1_7402744840387\" class=\"cc-tabs__tab__panel rte\" role=\"tab\" aria-labelledby=\"product-tab-panel1_7402744840387\">\n<div class=\"pdp-product-info-container\">\n<div class=\"pdp-product-info-col\">\n<p><strong>Marca:<\/strong> ON-RUNNING.<\/p>\n<p class=\"pdp-caption align-left\"><span><strong>Modelo:<\/strong> <\/span><span style=\"color: #333333;font-size: 16px\">28.99797.<\/span><\/p>\n<p><strong>G\u00e9nero:<\/strong> Masculino.<\/p>\n<\/div>\n<div class=\"pdp-product-info-col\">\n<p class=\"pdp-caption align-left\"><span><strong>Serie:<\/strong> Cloud.<\/span><\/p>\n<\/div>\n<div class=\"pdp-product-info-col\">\n<p class=\"pdp-caption align-left\"><strong>Color: <\/strong><span style=\"color: #333333;font-size: 16px\">Glacier\/ Black.<\/span><\/p>\n<\/div>\n<\/div>\n<\/div>\n<\/div>\n","protected":false},"excerpt":{"rendered":"<p>CLOUD HI EDGE \u00a1Perfecci\u00f3n en cada paso! \u201cCloud Hi Edge\u201d de ON RUNNING llama la atenci\u00f3n entre los calzados funcionales.<\/p>\n","protected":false},"featured_media":60086,"comment_status":"open","ping_status":"closed","template":"","meta":{"nf_dc_page":""},"product_brand":[],"product_cat":[76],"product_tag":[],"class_list":{"0":"post-60085","1":"product","2":"type-product","3":"status-publish","4":"has-post-thumbnail","6":"product_cat-masculino","8":"first","9":"instock","10":"shipping-taxable","11":"purchasable","12":"product-type-simple"},"_links":{"self":[{"href":"https:\/\/brandss.com.py\/index\/wp-json\/wp\/v2\/product\/60085","targetHints":{"allow":["GET"]}}],"collection":[{"href":"https:\/\/brandss.com.py\/index\/wp-json\/wp\/v2\/product"}],"about":[{"href":"https:\/\/brandss.com.py\/index\/wp-json\/wp\/v2\/types\/product"}],"replies":[{"embeddable":true,"href":"https:\/\/brandss.com.py\/index\/wp-json\/wp\/v2\/comments?post=60085"}],"version-history":[{"count":1,"href":"https:\/\/brandss.com.py\/index\/wp-json\/wp\/v2\/product\/60085\/revisions"}],"predecessor-version":[{"id":60098,"href":"https:\/\/brandss.com.py\/index\/wp-json\/wp\/v2\/product\/60085\/revisions\/60098"}],"wp:featuredmedia":[{"embeddable":true,"href":"https:\/\/brandss.com.py\/index\/wp-json\/wp\/v2\/media\/60086"}],"wp:attachment":[{"href":"https:\/\/brandss.com.py\/index\/wp-json\/wp\/v2\/media?parent=60085"}],"wp:term":[{"taxonomy":"product_brand","embeddable":true,"href":"https:\/\/brandss.com.py\/index\/wp-json\/wp\/v2\/product_brand?post=60085"},{"taxonomy":"product_cat","embeddable":true,"href":"https:\/\/brandss.com.py\/index\/wp-json\/wp\/v2\/product_cat?post=60085"},{"taxonomy":"product_tag","embeddable":true,"href":"https:\/\/brandss.com.py\/index\/wp-json\/wp\/v2\/product_tag?post=60085"}],"curies":[{"name":"wp","href":"https:\/\/api.w.org\/{rel}","templated":true}]}}