{"id":60099,"date":"2024-10-23T16:25:20","date_gmt":"2024-10-23T16:25:20","guid":{"rendered":"https:\/\/brandss.com.py\/index\/?post_type=product&#038;p=60099"},"modified":"2025-10-27T14:09:27","modified_gmt":"2025-10-27T14:09:27","slug":"calzado-deportivo-masculino-on-running-cloud-hi","status":"publish","type":"product","link":"https:\/\/brandss.com.py\/index\/producto\/calzado-deportivo-masculino-on-running-cloud-hi\/","title":{"rendered":"CALZADO DEPORTIVO MASCULINO ON-RUNNING CLOUD HI"},"content":{"rendered":"<p><img loading=\"lazy\" decoding=\"async\" class=\"\" src=\"https:\/\/upload.wikimedia.org\/wikipedia\/commons\/thumb\/9\/92\/On-cloud-logo-white-background.svg\/1200px-On-cloud-logo-white-background.svg.png\" alt=\"Archivo:On-cloud-logo-white-background.svg - Wikipedia, la enciclopedia  libre\" width=\"61\" height=\"79\" \/><\/p>\n<h1>CLOUD HI<\/h1>\n<p>Presentamos las On Cloud Hi, la combinaci\u00f3n perfecta de estilo y rendimiento. Estas zapatillas, confeccionadas con materiales de primera calidad, cuentan con la innovadora suela CloudTec\u00ae de On para una comodidad y una agilidad inigualables. El dise\u00f1o moderno, acentuado por tonos marrones intensos, se adapta perfectamente a las salidas informales y a las aventuras activas. Equipadas con una silueta de ca\u00f1a alta para mayor sujeci\u00f3n y cordones elegantes para un ajuste seguro, estas zapatillas redefinen la versatilidad. Mejora tu estilo de calzado con las On Cloud Hi.<\/p>\n<p>\u00a1Como en las nubes con \u201cCloud Hi\u201d! Los zapatos para hombre de ON RUNNING son una obra de arte con un aspecto deportivo y un dise\u00f1o innovador. La suela ancha con perfil y amortiguaci\u00f3n CloudTec integrada ofrece una sensaci\u00f3n de carrera \u00fanica e irresistible, lo que convierte a las zapatillas en compa\u00f1eras ideales para un estilo de vida activo. La marca suiza convence tambi\u00e9n por su aspecto claro y deportivo, que se refina h\u00e1bilmente con caracter\u00edsticas funcionales como la leng\u00fceta en el tal\u00f3n y en la leng\u00fceta o los cordones r\u00e1pidos. Y adem\u00e1s, las obras maestras est\u00e1n hechas de materiales veganos e innovadores. \u00a1\u201dCloud Hi\u201d nos permite flotar en la nube 9.<\/p>\n<h4>Carcater\u00edsticas:<\/h4>\n<ul>\n<li><span>Altura del tac\u00f3n: &lt; 5 cm<\/span><\/li>\n<li><span>Puntera del zapato: redonda.<\/span><\/li>\n<li><span>Forma del tac\u00f3n: perfil<\/span><\/li>\n<li><span>Detalle de la ca\u00f1a: leng\u00fceta para tirar<\/span><\/li>\n<li><span>Cierre: cordones r\u00e1pidos<\/span><\/li>\n<li><span>G\u00e9nero Masculino<\/span><\/li>\n<li><span>Patr\u00f3n: color liso<\/span><\/li>\n<\/ul>\n<h3>Material:<\/h3>\n<ul>\n<li><span>Material superior: cuero vegano\/nubuck y lino<\/span><\/li>\n<li><span>Material interior: poli\u00e9ster\/textil<\/span><\/li>\n<li><span>Plantilla: poli\u00e9ster\/textil<\/span><\/li>\n<li><span>Suela: caucho\/EVA<\/span><\/li>\n<\/ul>\n<h4>Detalles:<\/h4>\n<div class=\"sc-bdnxRM sc-iCoGMd sc-gGLxEB fzUdiI dGJRan\">\n<div class=\"sc-bdnxRM kCNNfV sc-pNWdM\"><span><strong>Marca:<\/strong> ON.<\/span><\/div>\n<div>\n<div class=\"sc-bdnxRM kCNNfV sc-pNWdM\"><strong>Modelo:<\/strong> 28.99807.<\/div>\n<div><strong>G\u00e9nero:<\/strong> Masculino.<\/div>\n<\/div>\n<\/div>\n<div class=\"sc-bdnxRM sc-iCoGMd sc-gGLxEB fzUdiI dGJRan\">\n<div class=\"sc-bdnxRM kCNNfV sc-pNWdM\"><strong>Color: <\/strong><span>Umber\/ Caramel.<\/span><\/div>\n<\/div>\n<div class=\"sc-bdnxRM sc-iCoGMd sc-gGLxEB fzUdiI dGJRan\">\n<div class=\"sc-bdnxRM kCNNfV sc-pNWdM\"><span><strong>Tipo:<\/strong> Calzados<\/span> para correr.<\/div>\n<\/div>\n<div class=\"sc-bdnxRM sc-iCoGMd sc-gGLxEB fzUdiI dGJRan\">\n<div class=\"sc-bdnxRM dSYbuU sc-pNWdM\">\n<div class=\"sc-bdnxRM kCNNfV sc-pNWdM\"><strong>Disciplina:<\/strong> Running.<\/div>\n<\/div>\n<\/div>\n","protected":false},"excerpt":{"rendered":"<p>CLOUD HI Presentamos las On Cloud Hi, la combinaci\u00f3n perfecta de estilo y rendimiento. Estas zapatillas, confeccionadas con materiales de<\/p>\n","protected":false},"featured_media":60101,"comment_status":"open","ping_status":"closed","template":"","meta":{"nf_dc_page":""},"product_brand":[],"product_cat":[76],"product_tag":[],"class_list":{"0":"post-60099","1":"product","2":"type-product","3":"status-publish","4":"has-post-thumbnail","6":"product_cat-masculino","8":"first","9":"instock","10":"shipping-taxable","11":"purchasable","12":"product-type-simple"},"_links":{"self":[{"href":"https:\/\/brandss.com.py\/index\/wp-json\/wp\/v2\/product\/60099","targetHints":{"allow":["GET"]}}],"collection":[{"href":"https:\/\/brandss.com.py\/index\/wp-json\/wp\/v2\/product"}],"about":[{"href":"https:\/\/brandss.com.py\/index\/wp-json\/wp\/v2\/types\/product"}],"replies":[{"embeddable":true,"href":"https:\/\/brandss.com.py\/index\/wp-json\/wp\/v2\/comments?post=60099"}],"version-history":[{"count":2,"href":"https:\/\/brandss.com.py\/index\/wp-json\/wp\/v2\/product\/60099\/revisions"}],"predecessor-version":[{"id":60111,"href":"https:\/\/brandss.com.py\/index\/wp-json\/wp\/v2\/product\/60099\/revisions\/60111"}],"wp:featuredmedia":[{"embeddable":true,"href":"https:\/\/brandss.com.py\/index\/wp-json\/wp\/v2\/media\/60101"}],"wp:attachment":[{"href":"https:\/\/brandss.com.py\/index\/wp-json\/wp\/v2\/media?parent=60099"}],"wp:term":[{"taxonomy":"product_brand","embeddable":true,"href":"https:\/\/brandss.com.py\/index\/wp-json\/wp\/v2\/product_brand?post=60099"},{"taxonomy":"product_cat","embeddable":true,"href":"https:\/\/brandss.com.py\/index\/wp-json\/wp\/v2\/product_cat?post=60099"},{"taxonomy":"product_tag","embeddable":true,"href":"https:\/\/brandss.com.py\/index\/wp-json\/wp\/v2\/product_tag?post=60099"}],"curies":[{"name":"wp","href":"https:\/\/api.w.org\/{rel}","templated":true}]}}