{"id":60112,"date":"2024-10-23T17:41:25","date_gmt":"2024-10-23T17:41:25","guid":{"rendered":"https:\/\/brandss.com.py\/index\/?post_type=product&#038;p=60112"},"modified":"2025-10-27T14:09:52","modified_gmt":"2025-10-27T14:09:52","slug":"calzado-deportivo-masculino-on-running-cloudridge","status":"publish","type":"product","link":"https:\/\/brandss.com.py\/index\/producto\/calzado-deportivo-masculino-on-running-cloudridge\/","title":{"rendered":"CALZADO DEPORTIVO MASCULINO ON-RUNNING CLOUDRIDGE"},"content":{"rendered":"<p><img loading=\"lazy\" decoding=\"async\" class=\"\" src=\"https:\/\/upload.wikimedia.org\/wikipedia\/commons\/thumb\/9\/92\/On-cloud-logo-white-background.svg\/1200px-On-cloud-logo-white-background.svg.png\" alt=\"Archivo:On-cloud-logo-white-background.svg - Wikipedia, la enciclopedia libre\" width=\"51\" height=\"66\" \/><\/p>\n<h1>CLOUDRIDGE<\/h1>\n<p>La Cloudridge de On Running te ofrece un calzado de senderismo transpirable y ligera que te equipa perfectamente para tu pr\u00f3xima aventura. Gracias a la suela CloudTec con sistema Missiongrip tendr\u00e1s el agarre perfecto en cualquier superficie y podr\u00e1s caminar sin descanso. \u00a1Prep\u00e1rate para tu pr\u00f3xima aventura!<\/p>\n<ul>\n<li>Parte superior de ripstop y malla<\/li>\n<li>Interior de malla<\/li>\n<li>Suela CloudTec con Missiongrip para correr<\/li>\n<li>Sistema de cordones FlexLock-Speed \u200b\u200bpara un agarre perfecto<\/li>\n<li>Leng\u00fceta acolchada con malla 3D transpirable<\/li>\n<li>Detalles de piel vegana<\/li>\n<li>Marca On Running en el lateral y la leng\u00fceta<\/li>\n<\/ul>\n<p><b>Tecnolog\u00eda<\/b><\/p>\n<p><strong>Explorar por todos lados<\/strong><\/p>\n<p>La suela Missiongrip\u2122, creada en los Alpes, est\u00e1 dise\u00f1ada en Suiza para conquistar terrenos en constante cambio. El Speedboard\u00ae espec\u00edfico para senderismo apoya el movimiento de balanceo del pie. El resultado es que cada paso se siente un poco m\u00e1s ligero, para que puedas permanecer al aire libre un poco m\u00e1s.<\/p>\n<p>&nbsp;<\/p>\n<p><b>Materiales<\/b><\/p>\n<p><strong>Listo para la aventura<\/strong><\/p>\n<p>Cloudridge te permite moverte como quieras. \u00bfQuieres salir y explorar? El sistema de cordones r\u00e1pidos FlexLock\u2122 lo hace f\u00e1cil. \u00bfQuieres el m\u00e1ximo espacio posible? Por supuesto. \u00bfQuieres cordones envolventes tradicionales? Listo. Para una mayor transpirabilidad cuando la caminata se intensifica, tanto el forro como la leng\u00fceta est\u00e1n hechos de malla 3D.<\/p>\n<p>&nbsp;<\/p>\n<p><b>Dise\u00f1o<\/b><\/p>\n<p><strong>Descubra m\u00e1s<\/strong><\/p>\n<p>\u201cPesado\u201d y \u201csenderismo\u201d no se llevan bien. Por eso, las Cloudridge est\u00e1n dise\u00f1adas para ser ultralivianas. Inspiradas en nuestras zapatillas de trail para competici\u00f3n de nivel profesional, estas botas de senderismo imparables est\u00e1n confeccionadas con un innovador tejido antidesgarros para un ajuste similar al de un calcet\u00edn. Porque con menos peso, te sientes libre de llegar m\u00e1s lejos.<\/p>\n<p>&nbsp;<\/p>\n<div>\n<div class=\"summary__title\">\n<h2 class=\"u-16 uppercase accordion__title\">Detalles del producto<\/h2>\n<\/div>\n<\/div>\n<div id=\"ProductAccordion-407c7a83-7dd3-4481-b68e-a8ff0a804372-template--16711576289544__main\" class=\"accordion__content rte product_accordion_metafield\">\n<p><b>Modelo: <\/b>33.99546.<\/p>\n<p><b>Marca: <\/b>ON-RUNNING.<\/p>\n<p><b>Color: <\/b>Eclipse\/ Black.<\/p>\n<p><b>Combinaci\u00f3n de colores:<\/b>Eclipse\/ Black.<\/p>\n<p><b>G\u00e9nero: <\/b>Masculino.<\/p>\n<p><b>Tipo: <\/b>Calzado deportivo.<\/p>\n<p><b>Sistema \u00danico: <\/b>Tecnolog\u00eda en la nube.<\/p>\n<p><b>Cierre: <\/b>Apretar.<\/p>\n<p><b>Material del revestimiento: <\/b>Malla.<\/p>\n<p><b>Material superior: <\/b>Textil.<\/p>\n<p><b>Material de la suela: <\/b>Goma de mascar.<\/p>\n<\/div>\n","protected":false},"excerpt":{"rendered":"<p>CLOUDRIDGE La Cloudridge de On Running te ofrece un calzado de senderismo transpirable y ligera que te equipa perfectamente para<\/p>\n","protected":false},"featured_media":60113,"comment_status":"open","ping_status":"closed","template":"","meta":{"nf_dc_page":""},"product_brand":[],"product_cat":[76],"product_tag":[],"class_list":{"0":"post-60112","1":"product","2":"type-product","3":"status-publish","4":"has-post-thumbnail","6":"product_cat-masculino","8":"first","9":"instock","10":"shipping-taxable","11":"purchasable","12":"product-type-simple"},"_links":{"self":[{"href":"https:\/\/brandss.com.py\/index\/wp-json\/wp\/v2\/product\/60112","targetHints":{"allow":["GET"]}}],"collection":[{"href":"https:\/\/brandss.com.py\/index\/wp-json\/wp\/v2\/product"}],"about":[{"href":"https:\/\/brandss.com.py\/index\/wp-json\/wp\/v2\/types\/product"}],"replies":[{"embeddable":true,"href":"https:\/\/brandss.com.py\/index\/wp-json\/wp\/v2\/comments?post=60112"}],"version-history":[{"count":2,"href":"https:\/\/brandss.com.py\/index\/wp-json\/wp\/v2\/product\/60112\/revisions"}],"predecessor-version":[{"id":60126,"href":"https:\/\/brandss.com.py\/index\/wp-json\/wp\/v2\/product\/60112\/revisions\/60126"}],"wp:featuredmedia":[{"embeddable":true,"href":"https:\/\/brandss.com.py\/index\/wp-json\/wp\/v2\/media\/60113"}],"wp:attachment":[{"href":"https:\/\/brandss.com.py\/index\/wp-json\/wp\/v2\/media?parent=60112"}],"wp:term":[{"taxonomy":"product_brand","embeddable":true,"href":"https:\/\/brandss.com.py\/index\/wp-json\/wp\/v2\/product_brand?post=60112"},{"taxonomy":"product_cat","embeddable":true,"href":"https:\/\/brandss.com.py\/index\/wp-json\/wp\/v2\/product_cat?post=60112"},{"taxonomy":"product_tag","embeddable":true,"href":"https:\/\/brandss.com.py\/index\/wp-json\/wp\/v2\/product_tag?post=60112"}],"curies":[{"name":"wp","href":"https:\/\/api.w.org\/{rel}","templated":true}]}}